{"id":15031,"date":"2021-07-11T14:22:21","date_gmt":"2021-07-11T14:22:21","guid":{"rendered":"http:\/\/34.92.170.1\/urunler\/"},"modified":"2022-04-22T00:44:54","modified_gmt":"2022-04-22T00:44:54","slug":"products","status":"publish","type":"page","link":"https:\/\/kapim.com.tr\/ar\/products\/","title":{"rendered":"\u0627\u0644\u0645\u0646\u062a\u062c\u0627\u062a"},"content":{"rendered":"<div class=\"wpb-content-wrapper\"><p>[vc_row][vc_column offset=&#8221;vc_hidden-sm vc_hidden-xs&#8221; woodmart_css_id=&#8221;6261fa78d00a7&#8243; parallax_scroll=&#8221;no&#8221; woodmart_sticky_column=&#8221;false&#8221; wd_collapsible_content_switcher=&#8221;no&#8221; wd_column_role_offcanvas_desktop=&#8221;no&#8221; wd_column_role_offcanvas_tablet=&#8221;no&#8221; wd_column_role_offcanvas_mobile=&#8221;no&#8221; wd_column_role_content_desktop=&#8221;no&#8221; wd_column_role_content_tablet=&#8221;no&#8221; wd_column_role_content_mobile=&#8221;no&#8221; mobile_bg_img_hidden=&#8221;no&#8221; tablet_bg_img_hidden=&#8221;no&#8221; woodmart_parallax=&#8221;0&#8243; woodmart_box_shadow=&#8221;no&#8221; responsive_spacing=&#8221;eyJwYXJhbV90eXBlIjoid29vZG1hcnRfcmVzcG9uc2l2ZV9zcGFjaW5nIiwic2VsZWN0b3JfaWQiOiI2MjYxZmE3OGQwMGE3Iiwic2hvcnRjb2RlIjoidmNfY29sdW1uIiwiZGF0YSI6eyJ0YWJsZXQiOnt9LCJtb2JpbGUiOnt9fX0=&#8221; mobile_reset_margin=&#8221;no&#8221; tablet_reset_margin=&#8221;no&#8221; wd_z_index=&#8221;no&#8221;]<script data-jetpack-boost=\"ignore\">console.log(\"\u00dcr\u00fcnler Sayfa Slider Arap\u00e7a: Please register the Slider Revolution plugin to use premium templates.\")<\/script>\n[vc_column_text woodmart_inline=&#8221;no&#8221; text_larger=&#8221;no&#8221;]<strong><style data-type=\"vc_shortcodes-custom-css\">.vc_custom_1631543317981{margin-bottom: 2vh !important;}.vc_custom_1535098048444{margin-bottom: 20px !important;padding-top: 0px !important;}.vc_custom_1535098056149{margin-bottom: 20px !important;padding-top: 0px !important;}.vc_custom_1535098061801{margin-bottom: 20px !important;padding-top: 0px !important;}#wd-61838c31d2c0e .banner-title{line-height:34px ;font-size:24px ;}#wd-61838c31d2c0e .banner-subtitle{font-size:12px ;line-height:14px ;}#wd-61838c62a950f .banner-title{line-height:34px ;font-size:24px ;}#wd-61838c62a950f .banner-subtitle{font-size:12px ;line-height:14px ;}#wd-618390f18208c .banner-title{line-height:34px ;font-size:24px ;color:#323d46 ;}#wd-618390f18208c .banner-subtitle{font-size:12px ;line-height:14px ;}#wd-62018e545dc04 .banner-title{font-size:7px ;line-height:3px ;color:#ffffff ;}#wd-62018e545dc04 .banner-subtitle{font-size:12px ;line-height:14px ;}#wd-62018eaece61d .banner-title{font-size:7px ;line-height:3px ;color:#ffffff ;}#wd-62018eaece61d .banner-subtitle{font-size:12px ;line-height:14px ;}#wd-62018ea4a512d .banner-title{font-size:7px ;line-height:3px ;color:#ffffff ;}#wd-62018ea4a512d .banner-subtitle{font-size:12px ;line-height:14px ;}#wd-62018e6b99324 .banner-title{font-size:7px ;line-height:3px ;color:#ffffff ;}#wd-62018e6b99324 .banner-subtitle{font-size:12px ;line-height:14px ;}#wd-62018e8177247 .banner-title{font-size:7px ;line-height:3px ;color:#ffffff ;}#wd-62018e8177247 .banner-subtitle{font-size:12px ;line-height:14px ;}@media (max-width: 1024px) {#wd-61838c31d2c0e .banner-title{line-height:30px ;font-size:20px ;}#wd-61838c31d2c0e .banner-subtitle{line-height:22px ;font-size:12px ;}#wd-61838c62a950f .banner-title{line-height:30px ;font-size:20px ;}#wd-61838c62a950f .banner-subtitle{line-height:22px ;font-size:12px ;}#wd-618390f18208c .banner-title{line-height:30px ;font-size:20px ;}#wd-618390f18208c .banner-subtitle{line-height:22px ;font-size:12px ;}#wd-62018e545dc04 .banner-subtitle{line-height:22px ;font-size:12px ;}#wd-62018eaece61d .banner-subtitle{line-height:22px ;font-size:12px ;}#wd-62018ea4a512d .banner-subtitle{line-height:22px ;font-size:12px ;}#wd-62018e6b99324 .banner-subtitle{line-height:22px ;font-size:12px ;}#wd-62018e8177247 .banner-subtitle{line-height:22px ;font-size:12px ;}}@media (max-width: 767px) {#wd-61838c31d2c0e .banner-title{line-height:28px ;font-size:18px ;}#wd-61838c31d2c0e .banner-subtitle{line-height:22px ;font-size:12px ;}#wd-61838c62a950f .banner-title{line-height:28px ;font-size:18px ;}#wd-61838c62a950f .banner-subtitle{line-height:22px ;font-size:12px ;}#wd-618390f18208c .banner-title{line-height:28px ;font-size:18px ;}#wd-618390f18208c .banner-subtitle{line-height:22px ;font-size:12px ;}#wd-62018e545dc04 .banner-subtitle{line-height:22px ;font-size:12px ;}#wd-62018eaece61d .banner-subtitle{line-height:22px ;font-size:12px ;}#wd-62018ea4a512d .banner-subtitle{line-height:22px ;font-size:12px ;}#wd-62018e6b99324 .banner-subtitle{line-height:22px ;font-size:12px ;}#wd-62018e8177247 .banner-subtitle{line-height:22px ;font-size:12px ;}}<\/style>[vc_row css=\".vc_custom_1631543317981{margin-bottom: 2vh !important;}\" mobile_bg_img_hidden=\"no\" tablet_bg_img_hidden=\"no\" woodmart_parallax=\"0\" woodmart_gradient_switch=\"no\" row_reverse_mobile=\"0\" row_reverse_tablet=\"0\" woodmart_disable_overflow=\"0\"][vc_column width=\"1\/3\" css=\".vc_custom_1535098048444{margin-bottom: 20px !important;padding-top: 0px !important;}\"]\t\t<div class=\"promo-banner-wrapper  wd-rs-61838c31d2c0e \">\n\t\t\t<div id=\"wd-61838c31d2c0e\" class=\"promo-banner  banner- banner-hover-zoom color-scheme-light banner-btn-size-default banner-btn-style-link  with-btn banner-btn-position-static cursor-pointer wd-underline-colored\"\t\t\t\t onclick=\"window.location.href='https:\/\/www.kapim.com.tr\/ar\/product-category\/%d8%a3%d8%a8%d9%88%d8%a7%d8%a8-%d8%ae%d8%b4%d8%a8%d9%8a%d8%a9\/'\"\t\t\t>\n\t\t\t\t<div class=\"main-wrapp-img\">\n\t\t\t\t\t<div class=\"banner-image wd-bg-position-center\" >\n\t\t\t\t\t\t<img decoding=\"async\" class=\"promo-banner-image \" src=\"https:\/\/i0.wp.com\/kapim.com.tr\/wp-content\/uploads\/2021\/08\/Teos-1-275x409.png\" width=\"275\" height=\"409\" alt=\"\u062a\u064a\u0648\u0633\" title=\"\u062a\u064a\u0648\u0633\" loading=\"lazy\" \/>\t\t\t\t\t<\/div>\n\t\t\t\t<\/div>\n\n\t\t\t\t<div class=\"wrapper-content-banner wd-fill  wd-items-middle wd-justify-center\">\n\t\t\t\t\t<div class=\"content-banner  text-center\">\n\t\t\t\t\t\t<div class=\"banner-subtitle subtitle-color-primary subtitle-style-background wd-fontsize-xs wd-font-weight-\">\u062e\u0634\u0628 \u0637\u0628\u064a\u0639\u064a<\/div><h4 class=\"banner-title wd-font-weight-400 wd-fontsize-l\">\u0627\u0644\u0645\u063a\u0644\u0641\u0627\u062a<\/h4>\t\t\t\t\t\t\n\t\t\t\t\t\t\n\t\t\t\t\t\t<div class=\"banner-btn-wrapper\"><div id=\"wd-69de693c4a93e\" class=\"  wd-button-wrapper text-center\"><a  class=\"btn btn-color-white btn-style-link btn-style-rectangle btn-size-default\">\u0623\u0639\u0631\u0636<\/a><\/div><\/div>\t\t\t\t\t<\/div>\n\t\t\t\t<\/div>\n\t\t\t\t\t\t\t<\/div>\n\t\t<\/div>\n\n\t\t[\/vc_column][vc_column width=\"1\/3\" css=\".vc_custom_1535098056149{margin-bottom: 20px !important;padding-top: 0px !important;}\"]\t\t<div class=\"promo-banner-wrapper  wd-rs-61838c62a950f \">\n\t\t\t<div id=\"wd-61838c62a950f\" class=\"promo-banner  banner- banner-hover-zoom color-scheme-light banner-btn-size-default banner-btn-style-link  with-btn banner-btn-position-static cursor-pointer wd-underline-colored\"\t\t\t\t onclick=\"window.location.href='https:\/\/www.kapim.com.tr\/ar\/product-category\/%d8%a3%d8%a8%d9%88%d8%a7%d8%a8-%d9%84%d8%a7%d9%83%d9%8a%d9%87\/'\"\t\t\t>\n\t\t\t\t<div class=\"main-wrapp-img\">\n\t\t\t\t\t<div class=\"banner-image wd-bg-position-center\" >\n\t\t\t\t\t\t<img decoding=\"async\" class=\"promo-banner-image \" src=\"https:\/\/i0.wp.com\/kapim.com.tr\/wp-content\/uploads\/2021\/08\/Lake-Kapi-3-gobek-275x409.png\" width=\"275\" height=\"409\" alt=\"Lake Kap\u0131 3 g\u00f6bek\" title=\"Lake Kap\u0131 3 g\u00f6bek\" loading=\"lazy\" \/>\t\t\t\t\t<\/div>\n\t\t\t\t<\/div>\n\n\t\t\t\t<div class=\"wrapper-content-banner wd-fill  wd-items-middle wd-justify-center\">\n\t\t\t\t\t<div class=\"content-banner  text-center\">\n\t\t\t\t\t\t<div class=\"banner-subtitle subtitle-color-primary subtitle-style-background wd-fontsize-xs wd-font-weight-\">\u0627\u0644\u0648\u0631\u0627\u0646\u064a\u0634<\/div><h4 class=\"banner-title wd-font-weight-400 wd-fontsize-l\">\u062a\u0637\u0628\u064a\u0642 \u0627\u0644\u0623\u0634\u0639\u0629 \u0641\u0648\u0642 \u0627\u0644\u0628\u0646\u0641\u0633\u062c\u064a\u0629<\/h4>\t\t\t\t\t\t\n\t\t\t\t\t\t\n\t\t\t\t\t\t<div class=\"banner-btn-wrapper\"><div id=\"wd-69de693c4aea1\" class=\"  wd-button-wrapper text-center\"><a  class=\"btn btn-color-white btn-style-link btn-style-rectangle btn-size-default\">\u0623\u0639\u0631\u0636<\/a><\/div><\/div>\t\t\t\t\t<\/div>\n\t\t\t\t<\/div>\n\t\t\t\t\t\t\t<\/div>\n\t\t<\/div>\n\n\t\t[\/vc_column][vc_column width=\"1\/3\" css=\".vc_custom_1535098061801{margin-bottom: 20px !important;padding-top: 0px !important;}\"]\t\t<div class=\"promo-banner-wrapper  wd-rs-618390f18208c \">\n\t\t\t<div id=\"wd-618390f18208c\" class=\"promo-banner  banner- banner-hover-zoom color-scheme-light banner-btn-size-default banner-btn-style-link  with-btn banner-btn-position-static cursor-pointer wd-underline-colored\"\t\t\t\t onclick=\"window.location.href='https:\/\/www.kapim.com.tr\/ar\/product-category\/%d8%a8%d8%a7%d8%a8-%d8%af%d8%a7%d8%ae%d9%84%d9%8a\/%d8%a3%d8%a8%d9%88%d8%a7%d8%a8-%d9%85%d8%ae%d8%aa%d9%84%d9%81%d8%a9\/'\"\t\t\t>\n\t\t\t\t<div class=\"main-wrapp-img\">\n\t\t\t\t\t<div class=\"banner-image wd-bg-position-center\" >\n\t\t\t\t\t\t<img decoding=\"async\" class=\"promo-banner-image \" src=\"https:\/\/i0.wp.com\/kapim.com.tr\/wp-content\/uploads\/2021\/08\/Side-275x409.png\" width=\"275\" height=\"409\" alt=\"Side\" title=\"Side\" loading=\"lazy\" \/>\t\t\t\t\t<\/div>\n\t\t\t\t<\/div>\n\n\t\t\t\t<div class=\"wrapper-content-banner wd-fill  wd-items-middle wd-justify-center\">\n\t\t\t\t\t<div class=\"content-banner  text-center\">\n\t\t\t\t\t\t<div class=\"banner-subtitle subtitle-color-primary subtitle-style-background wd-fontsize-xs wd-font-weight-\">\u0645\u062e\u0644\u0648\u0637\u0627\u062a<\/div><h4 class=\"banner-title wd-font-weight-400 wd-fontsize-l\">\u0648\u0631\u0646\u064a\u0634 \u0648\u062e\u0634\u0628<\/h4>\t\t\t\t\t\t\n\t\t\t\t\t\t\n\t\t\t\t\t\t<div class=\"banner-btn-wrapper\"><div id=\"wd-69de693c4b3da\" class=\"  wd-button-wrapper text-center\"><a  class=\"btn btn-color-primary btn-style-link btn-style-rectangle btn-size-default\">\u0623\u0639\u0631\u0636<\/a><\/div><\/div>\t\t\t\t\t<\/div>\n\t\t\t\t<\/div>\n\t\t\t\t\t\t\t<\/div>\n\t\t<\/div>\n\n\t\t[\/vc_column][\/vc_row][vc_row][vc_column width=\"1\/5\"]\t\t<div class=\"promo-banner-wrapper  wd-rs-62018e545dc04 \">\n\t\t\t<div id=\"wd-62018e545dc04\" class=\"promo-banner  banner- banner-hover-zoom color-scheme-light banner-btn-size-extra-small banner-btn-style-3d wd-width-enabled  with-btn banner-btn-position-hover cursor-pointer wd-underline-colored\" style=\"--wd-max-width: 60%;\"\t\t\t\t onclick=\"window.location.href='https:\/\/www.kapim.com.tr\/ar\/product-category\/%d8%a5%d8%b7%d8%a7%d8%b1%d8%a7%d8%aa-%d8%a7%d9%84%d8%a3%d8%a8%d9%88%d8%a7%d8%a8-ar\/'\"\t\t\t>\n\t\t\t\t<div class=\"main-wrapp-img\">\n\t\t\t\t\t<div class=\"banner-image wd-bg-position-center\" >\n\t\t\t\t\t\t<img decoding=\"async\" class=\"promo-banner-image \" src=\"https:\/\/i0.wp.com\/kapim.com.tr\/wp-content\/uploads\/2021\/12\/Alpi-Ceviz-4-800x600.png\" width=\"800\" height=\"600\" alt=\"alpi ceviz door casing\" title=\"Alpi Ceviz\" loading=\"lazy\" \/>\t\t\t\t\t<\/div>\n\t\t\t\t<\/div>\n\n\t\t\t\t<div class=\"wrapper-content-banner wd-fill  wd-items-middle wd-justify-center\">\n\t\t\t\t\t<div class=\"content-banner  text-center\">\n\t\t\t\t\t\t\t\t\t\t\t\t\n\t\t\t\t\t\t\n\t\t\t\t\t\t<div class=\"banner-btn-wrapper\"><div id=\"wd-69de693c4b889\" class=\"  wd-button-wrapper text-center\"><a  class=\"btn btn-color-primary btn-style-3d btn-style-rectangle btn-size-extra-small\">\u062e\u0632\u0627\u0626\u0646<\/a><\/div><\/div>\t\t\t\t\t<\/div>\n\t\t\t\t<\/div>\n\t\t\t\t\t\t\t<\/div>\n\t\t<\/div>\n\n\t\t[\/vc_column][vc_column width=\"1\/5\"]\t\t<div class=\"promo-banner-wrapper  wd-rs-62018eaece61d \">\n\t\t\t<div id=\"wd-62018eaece61d\" class=\"promo-banner  banner- banner-hover-zoom color-scheme-light banner-btn-size-extra-small banner-btn-style-3d wd-width-enabled  with-btn banner-btn-position-hover cursor-pointer wd-underline-colored\" style=\"--wd-max-width: 60%;\"\t\t\t\t onclick=\"window.location.href='https:\/\/www.kapim.com.tr\/ar\/product-category\/%d8%a5%d8%b7%d8%a7%d8%b1%d8%a7%d8%aa-%d8%a7%d9%84%d8%a3%d8%a8%d9%88%d8%a7%d8%a8\/'\"\t\t\t>\n\t\t\t\t<div class=\"main-wrapp-img\">\n\t\t\t\t\t<div class=\"banner-image wd-bg-position-center\" >\n\t\t\t\t\t\t<img decoding=\"async\" class=\"promo-banner-image \" src=\"https:\/\/i0.wp.com\/kapim.com.tr\/wp-content\/uploads\/2021\/12\/Alpi-Ceviz-6-800x600.png\" width=\"800\" height=\"600\" alt=\"alpi ceviz \u0639\u062a\u0628\u0629 \u0627\u0644\u0628\u0627\u0628\" title=\"Alpi Ceviz\" loading=\"lazy\" \/>\t\t\t\t\t<\/div>\n\t\t\t\t<\/div>\n\n\t\t\t\t<div class=\"wrapper-content-banner wd-fill  wd-items-middle wd-justify-center\">\n\t\t\t\t\t<div class=\"content-banner  text-center\">\n\t\t\t\t\t\t\t\t\t\t\t\t\n\t\t\t\t\t\t\n\t\t\t\t\t\t<div class=\"banner-btn-wrapper\"><div id=\"wd-69de693c4bd22\" class=\"  wd-button-wrapper text-center\"><a  class=\"btn btn-color-primary btn-style-3d btn-style-rectangle btn-size-extra-small\">\u0639\u062a\u0628\u0629<\/a><\/div><\/div>\t\t\t\t\t<\/div>\n\t\t\t\t<\/div>\n\t\t\t\t\t\t\t<\/div>\n\t\t<\/div>\n\n\t\t[\/vc_column][vc_column width=\"1\/5\"]\t\t<div class=\"promo-banner-wrapper  wd-rs-62018ea4a512d \">\n\t\t\t<div id=\"wd-62018ea4a512d\" class=\"promo-banner  banner- banner-hover-zoom color-scheme-light banner-btn-size-extra-small banner-btn-style-3d wd-width-enabled  with-btn banner-btn-position-hover cursor-pointer wd-underline-colored\" style=\"--wd-max-width: 60%;\"\t\t\t\t onclick=\"window.location.href='https:\/\/www.kapim.com.tr\/ar\/product-category\/%d8%a3%d8%ac%d8%b2%d8%a7%d8%a1-%d8%a7%d9%84%d8%a8%d8%a7%d8%a8\/%d9%85%d9%81%d8%aa%d8%a7%d8%ad-%d8%a7%d9%84%d8%a8%d8%b1%d8%a7%d8%ba%d9%8a\/'\"\t\t\t>\n\t\t\t\t<div class=\"main-wrapp-img\">\n\t\t\t\t\t<div class=\"banner-image wd-bg-position-center\" >\n\t\t\t\t\t\t<img decoding=\"async\" class=\"promo-banner-image \" src=\"https:\/\/i0.wp.com\/kapim.com.tr\/wp-content\/uploads\/2021\/12\/Parca-800x600.png\" width=\"800\" height=\"600\" alt=\"\u0645\u0641\u062a\u0627\u062d \u0627\u0644\u0628\u0631\u0627\u063a\u064a\" title=\"Par\u00e7a\" loading=\"lazy\" \/>\t\t\t\t\t<\/div>\n\t\t\t\t<\/div>\n\n\t\t\t\t<div class=\"wrapper-content-banner wd-fill  wd-items-middle wd-justify-center\">\n\t\t\t\t\t<div class=\"content-banner  text-center\">\n\t\t\t\t\t\t\t\t\t\t\t\t\n\t\t\t\t\t\t\n\t\t\t\t\t\t<div class=\"banner-btn-wrapper\"><div id=\"wd-69de693c4c1d1\" class=\"  wd-button-wrapper text-center\"><a  class=\"btn btn-color-primary btn-style-3d btn-style-rectangle btn-size-extra-small\">\u0641\u0642\u0627\u0639\u0629<\/a><\/div><\/div>\t\t\t\t\t<\/div>\n\t\t\t\t<\/div>\n\t\t\t\t\t\t\t<\/div>\n\t\t<\/div>\n\n\t\t[\/vc_column][vc_column width=\"1\/5\"]\t\t<div class=\"promo-banner-wrapper  wd-rs-62018e6b99324 \">\n\t\t\t<div id=\"wd-62018e6b99324\" class=\"promo-banner  banner- banner-hover-zoom color-scheme-light banner-btn-size-extra-small banner-btn-style-3d wd-width-enabled  with-btn banner-btn-position-hover cursor-pointer wd-underline-colored\" style=\"--wd-max-width: 60%;\"\t\t\t\t onclick=\"window.location.href='https:\/\/www.kapim.com.tr\/ar\/product-category\/%d8%a3%d8%ac%d8%b2%d8%a7%d8%a1-%d8%a7%d9%84%d8%a8%d8%a7%d8%a8\/%d8%a7%d9%84%d8%aa%d9%81%d8%a7%d9%81-%d8%a7%d9%84%d8%a8%d8%a7%d8%a8\/'\"\t\t\t>\n\t\t\t\t<div class=\"main-wrapp-img\">\n\t\t\t\t\t<div class=\"banner-image wd-bg-position-center\" >\n\t\t\t\t\t\t<img decoding=\"async\" class=\"promo-banner-image \" src=\"https:\/\/i0.wp.com\/kapim.com.tr\/wp-content\/uploads\/2021\/12\/Ceviz-1-800x600.png\" width=\"800\" height=\"600\" alt=\"ceviz \u0637\u064a\u062f\u0629\" title=\"Ceviz\" loading=\"lazy\" \/>\t\t\t\t\t<\/div>\n\t\t\t\t<\/div>\n\n\t\t\t\t<div class=\"wrapper-content-banner wd-fill  wd-items-middle wd-justify-center\">\n\t\t\t\t\t<div class=\"content-banner  text-center\">\n\t\t\t\t\t\t\t\t\t\t\t\t\n\t\t\t\t\t\t\n\t\t\t\t\t\t<div class=\"banner-btn-wrapper\"><div id=\"wd-69de693c4c63c\" class=\"  wd-button-wrapper text-center\"><a  class=\"btn btn-color-primary btn-style-3d btn-style-rectangle btn-size-extra-small\">\u0637\u064a\u062f\u0629<\/a><\/div><\/div>\t\t\t\t\t<\/div>\n\t\t\t\t<\/div>\n\t\t\t\t\t\t\t<\/div>\n\t\t<\/div>\n\n\t\t[\/vc_column][vc_column width=\"1\/5\"]\t\t<div class=\"promo-banner-wrapper  wd-rs-62018e8177247 \">\n\t\t\t<div id=\"wd-62018e8177247\" class=\"promo-banner  banner- banner-hover-zoom color-scheme-light banner-btn-size-extra-small banner-btn-style-3d wd-width-enabled  with-btn banner-btn-position-hover cursor-pointer wd-underline-colored\" style=\"--wd-max-width: 60%;\"\t\t\t\t onclick=\"window.location.href='https:\/\/www.kapim.com.tr\/ar\/product-category\/%d8%a3%d8%ac%d8%b2%d8%a7%d8%a1-%d8%a7%d9%84%d8%a8%d8%a7%d8%a8\/%d8%a8%d8%a7%d8%a8-%d8%a8%d9%86-%d8%a7%d9%84%d9%84%d9%88%d8%ad\/'\"\t\t\t>\n\t\t\t\t<div class=\"main-wrapp-img\">\n\t\t\t\t\t<div class=\"banner-image wd-bg-position-center\" >\n\t\t\t\t\t\t<img decoding=\"async\" class=\"promo-banner-image \" src=\"https:\/\/i0.wp.com\/kapim.com.tr\/wp-content\/uploads\/2021\/12\/Alpi-Ceviz-9-800x600.png\" width=\"800\" height=\"600\" alt=\"alpi ceviz \u0623\u0644\u0641 \u0628\u0627\u0631\" title=\"Alpi Ceviz\" loading=\"lazy\" \/>\t\t\t\t\t<\/div>\n\t\t\t\t<\/div>\n\n\t\t\t\t<div class=\"wrapper-content-banner wd-fill  wd-items-middle wd-justify-center\">\n\t\t\t\t\t<div class=\"content-banner  text-center\">\n\t\t\t\t\t\t\t\t\t\t\t\t\n\t\t\t\t\t\t\n\t\t\t\t\t\t<div class=\"banner-btn-wrapper\"><div id=\"wd-69de693c4cadf\" class=\"  wd-button-wrapper text-center\"><a  class=\"btn btn-color-primary btn-style-3d btn-style-rectangle btn-size-extra-small\">\u062d\u062f\u064a\u062f \u0627\u0644\u062a\u0633\u0644\u064a\u062d<\/a><\/div><\/div>\t\t\t\t\t<\/div>\n\t\t\t\t<\/div>\n\t\t\t\t\t\t\t<\/div>\n\t\t<\/div>\n\n\t\t[\/vc_column][\/vc_row]<\/strong>[\/vc_column_text][\/vc_column][\/vc_row]<\/p>\n<\/div>","protected":false},"excerpt":{"rendered":"<p>[vc_row][vc_column offset=&#8221;vc_hidden-sm vc_hidden-xs&#8221; woodmart_css_id=&#8221;6261fa78d00a7&#8243; parallax_scroll=&#8221;no&#8221; woodmart_sticky_column=&#8221;false&#8221; wd_collapsible_content_switcher=&#8221;no&#8221; wd_column_role_offcanvas_desktop=&#8221;no&#8221; wd_column_role_offcanvas_tablet=&#8221;no&#8221; wd_column_role_offcanvas_mobile=&#8221;no&#8221; wd_column_role_content_desktop=&#8221;no&#8221; wd_column_role_content_tablet=&#8221;no&#8221; wd_column_role_content_mobile=&#8221;no&#8221; mobile_bg_img_hidden=&#8221;no&#8221; tablet_bg_img_hidden=&#8221;no&#8221; woodmart_parallax=&#8221;0&#8243; woodmart_box_shadow=&#8221;no&#8221; responsive_spacing=&#8221;eyJwYXJhbV90eXBlIjoid29vZG1hcnRfcmVzcG9uc2l2ZV9zcGFjaW5nIiwic2VsZWN0b3JfaWQiOiI2MjYxZmE3OGQwMGE3Iiwic2hvcnRjb2RlIjoidmNfY29sdW1uIiwiZGF0YSI6eyJ0YWJsZXQiOnt9LCJtb2JpbGUiOnt9fX0=&#8221; mobile_reset_margin=&#8221;no&#8221; tablet_reset_margin=&#8221;no&#8221;<\/p>\n","protected":false},"author":12,"featured_media":0,"parent":0,"menu_order":0,"comment_status":"closed","ping_status":"closed","template":"","meta":{"content-type":"","_joinchat":[],"footnotes":""},"class_list":["post-15031","page","type-page","status-publish","hentry"],"yoast_head":"<!-- This site is optimized with the Yoast SEO plugin v27.4 - https:\/\/yoast.com\/product\/yoast-seo-wordpress\/ -->\n<title>\u0627\u0644\u0645\u0646\u062a\u062c\u0627\u062a - Kap\u0131m<\/title>\n<meta name=\"robots\" content=\"index, follow, max-snippet:-1, max-image-preview:large, max-video-preview:-1\" \/>\n<link rel=\"canonical\" href=\"https:\/\/kapim.com.tr\/urunler\/\" \/>\n<meta property=\"og:locale\" content=\"ar_AR\" \/>\n<meta property=\"og:type\" content=\"article\" \/>\n<meta property=\"og:title\" content=\"\u0627\u0644\u0645\u0646\u062a\u062c\u0627\u062a - Kap\u0131m\" \/>\n<meta property=\"og:description\" content=\"[vc_row][vc_column offset=&#8221;vc_hidden-sm vc_hidden-xs&#8221; woodmart_css_id=&#8221;6261fa78d00a7&#8243; parallax_scroll=&#8221;no&#8221; woodmart_sticky_column=&#8221;false&#8221; wd_collapsible_content_switcher=&#8221;no&#8221; wd_column_role_offcanvas_desktop=&#8221;no&#8221; wd_column_role_offcanvas_tablet=&#8221;no&#8221; wd_column_role_offcanvas_mobile=&#8221;no&#8221; wd_column_role_content_desktop=&#8221;no&#8221; wd_column_role_content_tablet=&#8221;no&#8221; wd_column_role_content_mobile=&#8221;no&#8221; mobile_bg_img_hidden=&#8221;no&#8221; tablet_bg_img_hidden=&#8221;no&#8221; woodmart_parallax=&#8221;0&#8243; woodmart_box_shadow=&#8221;no&#8221; responsive_spacing=&#8221;eyJwYXJhbV90eXBlIjoid29vZG1hcnRfcmVzcG9uc2l2ZV9zcGFjaW5nIiwic2VsZWN0b3JfaWQiOiI2MjYxZmE3OGQwMGE3Iiwic2hvcnRjb2RlIjoidmNfY29sdW1uIiwiZGF0YSI6eyJ0YWJsZXQiOnt9LCJtb2JpbGUiOnt9fX0=&#8221; mobile_reset_margin=&#8221;no&#8221; tablet_reset_margin=&#8221;no&#8221;\" \/>\n<meta property=\"og:url\" content=\"https:\/\/kapim.com.tr\/urunler\/\" \/>\n<meta property=\"og:site_name\" content=\"Kap\u0131m\" \/>\n<meta property=\"article:modified_time\" content=\"2022-04-22T00:44:54+00:00\" \/>\n<meta name=\"twitter:card\" content=\"summary_large_image\" \/>\n<meta name=\"twitter:label1\" content=\"\u0648\u0642\u062a \u0627\u0644\u0642\u0631\u0627\u0621\u0629 \u0627\u0644\u0645\u064f\u0642\u062f\u0651\u0631\" \/>\n\t<meta name=\"twitter:data1\" content=\"1 \u062f\u0642\u064a\u0642\u0629\" \/>\n<script type=\"application\/ld+json\" class=\"yoast-schema-graph\">{\"@context\":\"https:\\\/\\\/schema.org\",\"@graph\":[{\"@type\":\"WebPage\",\"@id\":\"https:\\\/\\\/kapim.com.tr\\\/urunler\\\/\",\"url\":\"https:\\\/\\\/kapim.com.tr\\\/urunler\\\/\",\"name\":\"\u0627\u0644\u0645\u0646\u062a\u062c\u0627\u062a - Kap\u0131m\",\"isPartOf\":{\"@id\":\"https:\\\/\\\/kapim.com.tr\\\/#website\"},\"datePublished\":\"2021-07-11T14:22:21+00:00\",\"dateModified\":\"2022-04-22T00:44:54+00:00\",\"breadcrumb\":{\"@id\":\"https:\\\/\\\/kapim.com.tr\\\/urunler\\\/#breadcrumb\"},\"inLanguage\":\"ar\",\"potentialAction\":[{\"@type\":\"ReadAction\",\"target\":[\"https:\\\/\\\/kapim.com.tr\\\/urunler\\\/\"]}]},{\"@type\":\"BreadcrumbList\",\"@id\":\"https:\\\/\\\/kapim.com.tr\\\/urunler\\\/#breadcrumb\",\"itemListElement\":[{\"@type\":\"ListItem\",\"position\":1,\"name\":\"Ana Sayfa\",\"item\":\"https:\\\/\\\/kapim.com.tr\\\/ar\\\/\"},{\"@type\":\"ListItem\",\"position\":2,\"name\":\"\u0627\u0644\u0645\u0646\u062a\u062c\u0627\u062a\"}]},{\"@type\":\"WebSite\",\"@id\":\"https:\\\/\\\/kapim.com.tr\\\/#website\",\"url\":\"https:\\\/\\\/kapim.com.tr\\\/\",\"name\":\"Kap\u0131m\",\"description\":\"Hayalinize A\u00e7\u0131lan S\u0131cac\u0131k Bir Kap\u0131\",\"potentialAction\":[{\"@type\":\"SearchAction\",\"target\":{\"@type\":\"EntryPoint\",\"urlTemplate\":\"https:\\\/\\\/kapim.com.tr\\\/?s={search_term_string}\"},\"query-input\":{\"@type\":\"PropertyValueSpecification\",\"valueRequired\":true,\"valueName\":\"search_term_string\"}}],\"inLanguage\":\"ar\"}]}<\/script>\n<!-- \/ Yoast SEO plugin. -->","yoast_head_json":{"title":"\u0627\u0644\u0645\u0646\u062a\u062c\u0627\u062a - Kap\u0131m","robots":{"index":"index","follow":"follow","max-snippet":"max-snippet:-1","max-image-preview":"max-image-preview:large","max-video-preview":"max-video-preview:-1"},"canonical":"https:\/\/kapim.com.tr\/urunler\/","og_locale":"ar_AR","og_type":"article","og_title":"\u0627\u0644\u0645\u0646\u062a\u062c\u0627\u062a - Kap\u0131m","og_description":"[vc_row][vc_column offset=&#8221;vc_hidden-sm vc_hidden-xs&#8221; woodmart_css_id=&#8221;6261fa78d00a7&#8243; parallax_scroll=&#8221;no&#8221; woodmart_sticky_column=&#8221;false&#8221; wd_collapsible_content_switcher=&#8221;no&#8221; wd_column_role_offcanvas_desktop=&#8221;no&#8221; wd_column_role_offcanvas_tablet=&#8221;no&#8221; wd_column_role_offcanvas_mobile=&#8221;no&#8221; wd_column_role_content_desktop=&#8221;no&#8221; wd_column_role_content_tablet=&#8221;no&#8221; wd_column_role_content_mobile=&#8221;no&#8221; mobile_bg_img_hidden=&#8221;no&#8221; tablet_bg_img_hidden=&#8221;no&#8221; woodmart_parallax=&#8221;0&#8243; woodmart_box_shadow=&#8221;no&#8221; responsive_spacing=&#8221;eyJwYXJhbV90eXBlIjoid29vZG1hcnRfcmVzcG9uc2l2ZV9zcGFjaW5nIiwic2VsZWN0b3JfaWQiOiI2MjYxZmE3OGQwMGE3Iiwic2hvcnRjb2RlIjoidmNfY29sdW1uIiwiZGF0YSI6eyJ0YWJsZXQiOnt9LCJtb2JpbGUiOnt9fX0=&#8221; mobile_reset_margin=&#8221;no&#8221; tablet_reset_margin=&#8221;no&#8221;","og_url":"https:\/\/kapim.com.tr\/urunler\/","og_site_name":"Kap\u0131m","article_modified_time":"2022-04-22T00:44:54+00:00","twitter_card":"summary_large_image","twitter_misc":{"\u0648\u0642\u062a \u0627\u0644\u0642\u0631\u0627\u0621\u0629 \u0627\u0644\u0645\u064f\u0642\u062f\u0651\u0631":"1 \u062f\u0642\u064a\u0642\u0629"},"schema":{"@context":"https:\/\/schema.org","@graph":[{"@type":"WebPage","@id":"https:\/\/kapim.com.tr\/urunler\/","url":"https:\/\/kapim.com.tr\/urunler\/","name":"\u0627\u0644\u0645\u0646\u062a\u062c\u0627\u062a - Kap\u0131m","isPartOf":{"@id":"https:\/\/kapim.com.tr\/#website"},"datePublished":"2021-07-11T14:22:21+00:00","dateModified":"2022-04-22T00:44:54+00:00","breadcrumb":{"@id":"https:\/\/kapim.com.tr\/urunler\/#breadcrumb"},"inLanguage":"ar","potentialAction":[{"@type":"ReadAction","target":["https:\/\/kapim.com.tr\/urunler\/"]}]},{"@type":"BreadcrumbList","@id":"https:\/\/kapim.com.tr\/urunler\/#breadcrumb","itemListElement":[{"@type":"ListItem","position":1,"name":"Ana Sayfa","item":"https:\/\/kapim.com.tr\/ar\/"},{"@type":"ListItem","position":2,"name":"\u0627\u0644\u0645\u0646\u062a\u062c\u0627\u062a"}]},{"@type":"WebSite","@id":"https:\/\/kapim.com.tr\/#website","url":"https:\/\/kapim.com.tr\/","name":"Kap\u0131m","description":"Hayalinize A\u00e7\u0131lan S\u0131cac\u0131k Bir Kap\u0131","potentialAction":[{"@type":"SearchAction","target":{"@type":"EntryPoint","urlTemplate":"https:\/\/kapim.com.tr\/?s={search_term_string}"},"query-input":{"@type":"PropertyValueSpecification","valueRequired":true,"valueName":"search_term_string"}}],"inLanguage":"ar"}]}},"jetpack_sharing_enabled":true,"_links":{"self":[{"href":"https:\/\/kapim.com.tr\/ar\/wp-json\/wp\/v2\/pages\/15031","targetHints":{"allow":["GET"]}}],"collection":[{"href":"https:\/\/kapim.com.tr\/ar\/wp-json\/wp\/v2\/pages"}],"about":[{"href":"https:\/\/kapim.com.tr\/ar\/wp-json\/wp\/v2\/types\/page"}],"author":[{"embeddable":true,"href":"https:\/\/kapim.com.tr\/ar\/wp-json\/wp\/v2\/users\/12"}],"replies":[{"embeddable":true,"href":"https:\/\/kapim.com.tr\/ar\/wp-json\/wp\/v2\/comments?post=15031"}],"version-history":[{"count":0,"href":"https:\/\/kapim.com.tr\/ar\/wp-json\/wp\/v2\/pages\/15031\/revisions"}],"wp:attachment":[{"href":"https:\/\/kapim.com.tr\/ar\/wp-json\/wp\/v2\/media?parent=15031"}],"curies":[{"name":"wp","href":"https:\/\/api.w.org\/{rel}","templated":true}]}}