{"id":18365,"date":"2021-12-10T11:19:41","date_gmt":"2021-12-10T11:19:41","guid":{"rendered":"https:\/\/kapim.com.tr\/product\/mdf-%d8%ad%d8%a8%d8%a9-%d8%a7%d9%84%d8%b2%d8%ac%d8%a7%d8%ac\/"},"modified":"2021-12-10T11:19:41","modified_gmt":"2021-12-10T11:19:41","slug":"mdf-%d8%ad%d8%a8%d8%a9-%d8%a7%d9%84%d8%b2%d8%ac%d8%a7%d8%ac","status":"publish","type":"product","link":"https:\/\/kapim.com.tr\/ar\/product\/mdf-%d8%ad%d8%a8%d8%a9-%d8%a7%d9%84%d8%b2%d8%ac%d8%a7%d8%ac\/","title":{"rendered":"MDF \u062d\u0628\u0629 \u0627\u0644\u0632\u062c\u0627\u062c"},"content":{"rendered":"","protected":false},"excerpt":{"rendered":"","protected":false},"featured_media":18102,"comment_status":"open","ping_status":"closed","template":"","meta":{"content-type":"","_joinchat":[]},"product_brand":[],"product_cat":[298,395,395,298],"product_tag":[],"class_list":{"0":"post-18365","1":"product","2":"type-product","3":"status-publish","4":"has-post-thumbnail","6":"product_cat-298","7":"product_cat-395","11":"first","12":"instock","13":"shipping-taxable","14":"product-type-simple"},"yoast_head":"<!-- This site is optimized with the Yoast SEO plugin v27.3 - https:\/\/yoast.com\/product\/yoast-seo-wordpress\/ -->\n<title>MDF \u062d\u0628\u0629 \u0627\u0644\u0632\u062c\u0627\u062c - Kap\u0131m<\/title>\n<meta name=\"robots\" content=\"index, follow, max-snippet:-1, max-image-preview:large, max-video-preview:-1\" \/>\n<link rel=\"canonical\" href=\"https:\/\/kapim.com.tr\/urun\/mdf-cam-citasi\/\" \/>\n<meta property=\"og:locale\" content=\"ar_AR\" \/>\n<meta property=\"og:type\" content=\"article\" \/>\n<meta property=\"og:title\" content=\"MDF \u062d\u0628\u0629 \u0627\u0644\u0632\u062c\u0627\u062c - Kap\u0131m\" \/>\n<meta property=\"og:url\" content=\"https:\/\/kapim.com.tr\/urun\/mdf-cam-citasi\/\" \/>\n<meta property=\"og:site_name\" content=\"Kap\u0131m\" \/>\n<meta property=\"og:image\" content=\"https:\/\/i0.wp.com\/kapim.com.tr\/wp-content\/uploads\/2021\/12\/MDF-4.png?fit=1024%2C1024&ssl=1\" \/>\n\t<meta property=\"og:image:width\" content=\"1024\" \/>\n\t<meta property=\"og:image:height\" content=\"1024\" \/>\n\t<meta property=\"og:image:type\" content=\"image\/png\" \/>\n<meta name=\"twitter:card\" content=\"summary_large_image\" \/>\n<script type=\"application\/ld+json\" class=\"yoast-schema-graph\">{\"@context\":\"https:\\\/\\\/schema.org\",\"@graph\":[{\"@type\":\"WebPage\",\"@id\":\"https:\\\/\\\/kapim.com.tr\\\/urun\\\/mdf-cam-citasi\\\/\",\"url\":\"https:\\\/\\\/kapim.com.tr\\\/urun\\\/mdf-cam-citasi\\\/\",\"name\":\"MDF \u062d\u0628\u0629 \u0627\u0644\u0632\u062c\u0627\u062c - Kap\u0131m\",\"isPartOf\":{\"@id\":\"https:\\\/\\\/kapim.com.tr\\\/#website\"},\"primaryImageOfPage\":{\"@id\":\"https:\\\/\\\/kapim.com.tr\\\/urun\\\/mdf-cam-citasi\\\/#primaryimage\"},\"image\":{\"@id\":\"https:\\\/\\\/kapim.com.tr\\\/urun\\\/mdf-cam-citasi\\\/#primaryimage\"},\"thumbnailUrl\":\"https:\\\/\\\/i0.wp.com\\\/kapim.com.tr\\\/wp-content\\\/uploads\\\/2021\\\/12\\\/MDF-4.png?fit=1024%2C1024&quality=80&ssl=1\",\"datePublished\":\"2021-12-10T11:19:41+00:00\",\"breadcrumb\":{\"@id\":\"https:\\\/\\\/kapim.com.tr\\\/urun\\\/mdf-cam-citasi\\\/#breadcrumb\"},\"inLanguage\":\"ar\",\"potentialAction\":[{\"@type\":\"ReadAction\",\"target\":[\"https:\\\/\\\/kapim.com.tr\\\/urun\\\/mdf-cam-citasi\\\/\"]}]},{\"@type\":\"ImageObject\",\"inLanguage\":\"ar\",\"@id\":\"https:\\\/\\\/kapim.com.tr\\\/urun\\\/mdf-cam-citasi\\\/#primaryimage\",\"url\":\"https:\\\/\\\/i0.wp.com\\\/kapim.com.tr\\\/wp-content\\\/uploads\\\/2021\\\/12\\\/MDF-4.png?fit=1024%2C1024&quality=80&ssl=1\",\"contentUrl\":\"https:\\\/\\\/i0.wp.com\\\/kapim.com.tr\\\/wp-content\\\/uploads\\\/2021\\\/12\\\/MDF-4.png?fit=1024%2C1024&quality=80&ssl=1\",\"width\":1024,\"height\":1024,\"caption\":\"mdf \u062d\u0628\u0629 \u0627\u0644\u0632\u062c\u0627\u062c\"},{\"@type\":\"BreadcrumbList\",\"@id\":\"https:\\\/\\\/kapim.com.tr\\\/urun\\\/mdf-cam-citasi\\\/#breadcrumb\",\"itemListElement\":[{\"@type\":\"ListItem\",\"position\":1,\"name\":\"Ana Sayfa\",\"item\":\"https:\\\/\\\/kapim.com.tr\\\/ar\\\/\"},{\"@type\":\"ListItem\",\"position\":2,\"name\":\"\u00dcr\u00fcnler\",\"item\":\"https:\\\/\\\/kapim.com.tr\\\/urunler\\\/\"},{\"@type\":\"ListItem\",\"position\":3,\"name\":\"MDF \u062d\u0628\u0629 \u0627\u0644\u0632\u062c\u0627\u062c\"}]},{\"@type\":\"WebSite\",\"@id\":\"https:\\\/\\\/kapim.com.tr\\\/#website\",\"url\":\"https:\\\/\\\/kapim.com.tr\\\/\",\"name\":\"Kap\u0131m\",\"description\":\"Hayalinize A\u00e7\u0131lan S\u0131cac\u0131k Bir Kap\u0131\",\"potentialAction\":[{\"@type\":\"SearchAction\",\"target\":{\"@type\":\"EntryPoint\",\"urlTemplate\":\"https:\\\/\\\/kapim.com.tr\\\/?s={search_term_string}\"},\"query-input\":{\"@type\":\"PropertyValueSpecification\",\"valueRequired\":true,\"valueName\":\"search_term_string\"}}],\"inLanguage\":\"ar\"}]}<\/script>\n<!-- \/ Yoast SEO plugin. -->","yoast_head_json":{"title":"MDF \u062d\u0628\u0629 \u0627\u0644\u0632\u062c\u0627\u062c - Kap\u0131m","robots":{"index":"index","follow":"follow","max-snippet":"max-snippet:-1","max-image-preview":"max-image-preview:large","max-video-preview":"max-video-preview:-1"},"canonical":"https:\/\/kapim.com.tr\/urun\/mdf-cam-citasi\/","og_locale":"ar_AR","og_type":"article","og_title":"MDF \u062d\u0628\u0629 \u0627\u0644\u0632\u062c\u0627\u062c - Kap\u0131m","og_url":"https:\/\/kapim.com.tr\/urun\/mdf-cam-citasi\/","og_site_name":"Kap\u0131m","og_image":[{"width":1024,"height":1024,"url":"https:\/\/i0.wp.com\/kapim.com.tr\/wp-content\/uploads\/2021\/12\/MDF-4.png?fit=1024%2C1024&ssl=1","type":"image\/png"}],"twitter_card":"summary_large_image","schema":{"@context":"https:\/\/schema.org","@graph":[{"@type":"WebPage","@id":"https:\/\/kapim.com.tr\/urun\/mdf-cam-citasi\/","url":"https:\/\/kapim.com.tr\/urun\/mdf-cam-citasi\/","name":"MDF \u062d\u0628\u0629 \u0627\u0644\u0632\u062c\u0627\u062c - Kap\u0131m","isPartOf":{"@id":"https:\/\/kapim.com.tr\/#website"},"primaryImageOfPage":{"@id":"https:\/\/kapim.com.tr\/urun\/mdf-cam-citasi\/#primaryimage"},"image":{"@id":"https:\/\/kapim.com.tr\/urun\/mdf-cam-citasi\/#primaryimage"},"thumbnailUrl":"https:\/\/i0.wp.com\/kapim.com.tr\/wp-content\/uploads\/2021\/12\/MDF-4.png?fit=1024%2C1024&quality=80&ssl=1","datePublished":"2021-12-10T11:19:41+00:00","breadcrumb":{"@id":"https:\/\/kapim.com.tr\/urun\/mdf-cam-citasi\/#breadcrumb"},"inLanguage":"ar","potentialAction":[{"@type":"ReadAction","target":["https:\/\/kapim.com.tr\/urun\/mdf-cam-citasi\/"]}]},{"@type":"ImageObject","inLanguage":"ar","@id":"https:\/\/kapim.com.tr\/urun\/mdf-cam-citasi\/#primaryimage","url":"https:\/\/i0.wp.com\/kapim.com.tr\/wp-content\/uploads\/2021\/12\/MDF-4.png?fit=1024%2C1024&quality=80&ssl=1","contentUrl":"https:\/\/i0.wp.com\/kapim.com.tr\/wp-content\/uploads\/2021\/12\/MDF-4.png?fit=1024%2C1024&quality=80&ssl=1","width":1024,"height":1024,"caption":"mdf \u062d\u0628\u0629 \u0627\u0644\u0632\u062c\u0627\u062c"},{"@type":"BreadcrumbList","@id":"https:\/\/kapim.com.tr\/urun\/mdf-cam-citasi\/#breadcrumb","itemListElement":[{"@type":"ListItem","position":1,"name":"Ana Sayfa","item":"https:\/\/kapim.com.tr\/ar\/"},{"@type":"ListItem","position":2,"name":"\u00dcr\u00fcnler","item":"https:\/\/kapim.com.tr\/urunler\/"},{"@type":"ListItem","position":3,"name":"MDF \u062d\u0628\u0629 \u0627\u0644\u0632\u062c\u0627\u062c"}]},{"@type":"WebSite","@id":"https:\/\/kapim.com.tr\/#website","url":"https:\/\/kapim.com.tr\/","name":"Kap\u0131m","description":"Hayalinize A\u00e7\u0131lan S\u0131cac\u0131k Bir Kap\u0131","potentialAction":[{"@type":"SearchAction","target":{"@type":"EntryPoint","urlTemplate":"https:\/\/kapim.com.tr\/?s={search_term_string}"},"query-input":{"@type":"PropertyValueSpecification","valueRequired":true,"valueName":"search_term_string"}}],"inLanguage":"ar"}]}},"jetpack_sharing_enabled":true,"_links":{"self":[{"href":"https:\/\/kapim.com.tr\/ar\/wp-json\/wp\/v2\/product\/18365","targetHints":{"allow":["GET"]}}],"collection":[{"href":"https:\/\/kapim.com.tr\/ar\/wp-json\/wp\/v2\/product"}],"about":[{"href":"https:\/\/kapim.com.tr\/ar\/wp-json\/wp\/v2\/types\/product"}],"replies":[{"embeddable":true,"href":"https:\/\/kapim.com.tr\/ar\/wp-json\/wp\/v2\/comments?post=18365"}],"wp:featuredmedia":[{"embeddable":true,"href":"https:\/\/kapim.com.tr\/ar\/wp-json\/wp\/v2\/media\/18102"}],"wp:attachment":[{"href":"https:\/\/kapim.com.tr\/ar\/wp-json\/wp\/v2\/media?parent=18365"}],"wp:term":[{"taxonomy":"product_brand","embeddable":true,"href":"https:\/\/kapim.com.tr\/ar\/wp-json\/wp\/v2\/product_brand?post=18365"},{"taxonomy":"product_cat","embeddable":true,"href":"https:\/\/kapim.com.tr\/ar\/wp-json\/wp\/v2\/product_cat?post=18365"},{"taxonomy":"product_tag","embeddable":true,"href":"https:\/\/kapim.com.tr\/ar\/wp-json\/wp\/v2\/product_tag?post=18365"}],"curies":[{"name":"wp","href":"https:\/\/api.w.org\/{rel}","templated":true}]}}