{"id":15032,"date":"2021-07-11T14:22:21","date_gmt":"2021-07-11T14:22:21","guid":{"rendered":"http:\/\/34.92.170.1\/urunler\/"},"modified":"2024-01-29T14:47:51","modified_gmt":"2024-01-29T14:47:51","slug":"products","status":"publish","type":"page","link":"https:\/\/kapim.com.tr\/en\/products\/","title":{"rendered":"Products"},"content":{"rendered":"<div class=\"wpb-content-wrapper\"><p>[vc_row][vc_column offset=&#8221;vc_hidden-sm vc_hidden-xs&#8221; woodmart_css_id=&#8221;6261f9fd0919b&#8221; parallax_scroll=&#8221;no&#8221; woodmart_sticky_column=&#8221;false&#8221; wd_collapsible_content_switcher=&#8221;no&#8221; wd_column_role_offcanvas_desktop=&#8221;no&#8221; wd_column_role_offcanvas_tablet=&#8221;no&#8221; wd_column_role_offcanvas_mobile=&#8221;no&#8221; wd_column_role_content_desktop=&#8221;no&#8221; wd_column_role_content_tablet=&#8221;no&#8221; wd_column_role_content_mobile=&#8221;no&#8221; mobile_bg_img_hidden=&#8221;no&#8221; tablet_bg_img_hidden=&#8221;no&#8221; woodmart_parallax=&#8221;0&#8243; woodmart_box_shadow=&#8221;no&#8221; responsive_spacing=&#8221;eyJwYXJhbV90eXBlIjoid29vZG1hcnRfcmVzcG9uc2l2ZV9zcGFjaW5nIiwic2VsZWN0b3JfaWQiOiI2MjYxZjlmZDA5MTliIiwic2hvcnRjb2RlIjoidmNfY29sdW1uIiwiZGF0YSI6eyJ0YWJsZXQiOnt9LCJtb2JpbGUiOnt9fX0=&#8221; mobile_reset_margin=&#8221;no&#8221; tablet_reset_margin=&#8221;no&#8221; wd_z_index=&#8221;no&#8221;]<script data-jetpack-boost=\"ignore\">console.log(\"\u00dcr\u00fcnler Sayfa Slider: Please register the Slider Revolution plugin to use premium templates.\")<\/script>\n[vc_column_text woodmart_inline=&#8221;no&#8221; text_larger=&#8221;no&#8221;]<strong><style data-type=\"vc_shortcodes-custom-css\">.vc_custom_1631543317981{margin-bottom: 2vh !important;}.vc_custom_1535098048444{margin-bottom: 20px !important;padding-top: 0px !important;}.vc_custom_1535098056149{margin-bottom: 20px !important;padding-top: 0px !important;}.vc_custom_1535098061801{margin-bottom: 20px !important;padding-top: 0px !important;}#wd-617a60376ce23 .banner-title{line-height:34px;font-size:24px;}#wd-617a60376ce23 .banner-subtitle{font-size:12px;line-height:14px;}#wd-617a6053da5d7 .banner-title{line-height:34px;font-size:24px;}#wd-617a6053da5d7 .banner-subtitle{font-size:12px;line-height:14px;}#wd-617a60665a768 .banner-title{line-height:34px;font-size:24px;color:#323d46;}#wd-617a60665a768 .banner-subtitle{font-size:12px;line-height:14px;}#wd-629f6996a5bbd .banner-title{font-size:7px;line-height:3px;color:#ffffff;}#wd-629f6996a5bbd .banner-subtitle{font-size:12px;line-height:14px;}#wd-629f69ad47b0e .banner-title{font-size:7px;line-height:3px;}#wd-629f69ad47b0e .banner-subtitle{font-size:12px;line-height:14px;}#wd-6201185169655 .banner-title{font-size:7px;line-height:3px;}#wd-6201185169655 .banner-subtitle{font-size:12px;line-height:14px;}#wd-6201186ee3bf4 .banner-title{font-size:7px;line-height:3px;}#wd-6201186ee3bf4 .banner-subtitle{font-size:12px;line-height:14px;}#wd-620118863e29f .banner-title{font-size:7px;line-height:3px;}#wd-620118863e29f .banner-subtitle{font-size:12px;line-height:14px;}@media (max-width: 1024px) {#wd-617a60376ce23 .banner-title{line-height:30px;font-size:20px;}#wd-617a60376ce23 .banner-subtitle{line-height:22px;font-size:12px;}#wd-617a6053da5d7 .banner-title{line-height:30px;font-size:20px;}#wd-617a6053da5d7 .banner-subtitle{line-height:22px;font-size:12px;}#wd-617a60665a768 .banner-title{line-height:30px;font-size:20px;}#wd-617a60665a768 .banner-subtitle{line-height:22px;font-size:12px;}#wd-629f6996a5bbd .banner-subtitle{line-height:22px;font-size:12px;}#wd-629f69ad47b0e .banner-subtitle{line-height:22px;font-size:12px;}#wd-6201185169655 .banner-subtitle{line-height:22px;font-size:12px;}#wd-6201186ee3bf4 .banner-subtitle{line-height:22px;font-size:12px;}#wd-620118863e29f .banner-subtitle{line-height:22px;font-size:12px;}}@media (max-width: 767px) {#wd-617a60376ce23 .banner-title{line-height:28px;font-size:18px;}#wd-617a60376ce23 .banner-subtitle{line-height:22px;font-size:12px;}#wd-617a6053da5d7 .banner-title{line-height:28px;font-size:18px;}#wd-617a6053da5d7 .banner-subtitle{line-height:22px;font-size:12px;}#wd-617a60665a768 .banner-title{line-height:28px;font-size:18px;}#wd-617a60665a768 .banner-subtitle{line-height:22px;font-size:12px;}#wd-629f6996a5bbd .banner-subtitle{line-height:22px;font-size:12px;}#wd-629f69ad47b0e .banner-subtitle{line-height:22px;font-size:12px;}#wd-6201185169655 .banner-subtitle{line-height:22px;font-size:12px;}#wd-6201186ee3bf4 .banner-subtitle{line-height:22px;font-size:12px;}#wd-620118863e29f .banner-subtitle{line-height:22px;font-size:12px;}}<\/style>[vc_row css=\".vc_custom_1631543317981{margin-bottom: 2vh !important;}\" mobile_bg_img_hidden=\"no\" tablet_bg_img_hidden=\"no\" woodmart_parallax=\"0\" woodmart_gradient_switch=\"no\" row_reverse_mobile=\"0\" row_reverse_tablet=\"0\" woodmart_disable_overflow=\"0\"][vc_column width=\"1\/3\" css=\".vc_custom_1535098048444{margin-bottom: 20px !important;padding-top: 0px !important;}\"]\t\t<div class=\"promo-banner-wrapper  wd-rs-617a60376ce23 \">\n\t\t\t<div id=\"wd-617a60376ce23\" class=\"promo-banner  banner- banner-hover-zoom color-scheme-light banner-btn-size-default banner-btn-style-link  with-btn banner-btn-position-static cursor-pointer wd-underline-colored\"\t\t\t\t onclick=\"window.location.href='https:\/\/www.kapim.com.tr\/en\/product-category\/interior-door\/wooden-door\/'\"\t\t\t>\n\t\t\t\t<div class=\"main-wrapp-img\">\n\t\t\t\t\t<div class=\"banner-image wd-bg-position-center\" >\n\t\t\t\t\t\t<img decoding=\"async\" class=\"promo-banner-image \" src=\"https:\/\/i0.wp.com\/kapim.com.tr\/wp-content\/uploads\/2021\/08\/Teos-1-275x409.png\" width=\"275\" height=\"409\" alt=\"Teos\" title=\"Teos\" loading=\"lazy\" \/>\t\t\t\t\t<\/div>\n\t\t\t\t<\/div>\n\n\t\t\t\t<div class=\"wrapper-content-banner wd-fill  wd-items-middle wd-justify-center\">\n\t\t\t\t\t<div class=\"content-banner  text-center\">\n\t\t\t\t\t\t<div class=\"banner-subtitle subtitle-color-primary subtitle-style-background wd-fontsize-xs wd-font-weight-\">Natural Wood<\/div><h4 class=\"banner-title wd-font-weight-400 wd-fontsize-l\">Coated<\/h4>\t\t\t\t\t\t\n\t\t\t\t\t\t\n\t\t\t\t\t\t<div class=\"banner-btn-wrapper\"><div id=\"wd-69de946e8aa44\" class=\"  wd-button-wrapper text-center\"><a  class=\"btn btn-color-white btn-style-link btn-style-rectangle btn-size-default\">VIEW<\/a><\/div><\/div>\t\t\t\t\t<\/div>\n\t\t\t\t<\/div>\n\t\t\t\t\t\t\t<\/div>\n\t\t<\/div>\n\n\t\t[\/vc_column][vc_column width=\"1\/3\" css=\".vc_custom_1535098056149{margin-bottom: 20px !important;padding-top: 0px !important;}\"]\t\t<div class=\"promo-banner-wrapper  wd-rs-617a6053da5d7 \">\n\t\t\t<div id=\"wd-617a6053da5d7\" class=\"promo-banner  banner- banner-hover-zoom color-scheme-light banner-btn-size-default banner-btn-style-link  with-btn banner-btn-position-static cursor-pointer wd-underline-colored\"\t\t\t\t onclick=\"window.location.href='https:\/\/www.kapim.com.tr\/en\/product-category\/interior-door\/lacquered-door\/'\"\t\t\t>\n\t\t\t\t<div class=\"main-wrapp-img\">\n\t\t\t\t\t<div class=\"banner-image wd-bg-position-center\" >\n\t\t\t\t\t\t<img decoding=\"async\" class=\"promo-banner-image \" src=\"https:\/\/i0.wp.com\/kapim.com.tr\/wp-content\/uploads\/2021\/08\/Lake-Kapi-3-gobek-275x409.png\" width=\"275\" height=\"409\" alt=\"Lake Kap\u0131 3 g\u00f6bek\" title=\"Lake Kap\u0131 3 g\u00f6bek\" loading=\"lazy\" \/>\t\t\t\t\t<\/div>\n\t\t\t\t<\/div>\n\n\t\t\t\t<div class=\"wrapper-content-banner wd-fill  wd-items-middle wd-justify-center\">\n\t\t\t\t\t<div class=\"content-banner  text-center\">\n\t\t\t\t\t\t<div class=\"banner-subtitle subtitle-color-primary subtitle-style-background wd-fontsize-xs wd-font-weight-\">LACQUERED<\/div><h4 class=\"banner-title wd-font-weight-400 wd-fontsize-l\">UV Coated<\/h4>\t\t\t\t\t\t\n\t\t\t\t\t\t\n\t\t\t\t\t\t<div class=\"banner-btn-wrapper\"><div id=\"wd-69de946e8b13d\" class=\"  wd-button-wrapper text-center\"><a  class=\"btn btn-color-white btn-style-link btn-style-rectangle btn-size-default\">VIEW<\/a><\/div><\/div>\t\t\t\t\t<\/div>\n\t\t\t\t<\/div>\n\t\t\t\t\t\t\t<\/div>\n\t\t<\/div>\n\n\t\t[\/vc_column][vc_column width=\"1\/3\" css=\".vc_custom_1535098061801{margin-bottom: 20px !important;padding-top: 0px !important;}\"]\t\t<div class=\"promo-banner-wrapper  wd-rs-617a60665a768 \">\n\t\t\t<div id=\"wd-617a60665a768\" class=\"promo-banner  banner- banner-hover-zoom color-scheme-light banner-btn-size-default banner-btn-style-link  with-btn banner-btn-position-static cursor-pointer wd-underline-colored\"\t\t\t\t onclick=\"window.location.href='https:\/\/www.kapim.com.tr\/en\/product-category\/interior-door\/wooden-and-lacquered-door\/'\"\t\t\t>\n\t\t\t\t<div class=\"main-wrapp-img\">\n\t\t\t\t\t<div class=\"banner-image wd-bg-position-center\" >\n\t\t\t\t\t\t<img decoding=\"async\" class=\"promo-banner-image \" src=\"https:\/\/i0.wp.com\/kapim.com.tr\/wp-content\/uploads\/2021\/08\/Side-275x409.png\" width=\"275\" height=\"409\" alt=\"Side\" title=\"Side\" loading=\"lazy\" \/>\t\t\t\t\t<\/div>\n\t\t\t\t<\/div>\n\n\t\t\t\t<div class=\"wrapper-content-banner wd-fill  wd-items-middle wd-justify-center\">\n\t\t\t\t\t<div class=\"content-banner  text-center\">\n\t\t\t\t\t\t<div class=\"banner-subtitle subtitle-color-primary subtitle-style-background wd-fontsize-xs wd-font-weight-\">Mixture Doors<\/div><h4 class=\"banner-title wd-font-weight-400 wd-fontsize-l\">Lacquered and Wood<\/h4>\t\t\t\t\t\t\n\t\t\t\t\t\t\n\t\t\t\t\t\t<div class=\"banner-btn-wrapper\"><div id=\"wd-69de946e8b6bf\" class=\"  wd-button-wrapper text-center\"><a  class=\"btn btn-color-primary btn-style-link btn-style-rectangle btn-size-default\">View<\/a><\/div><\/div>\t\t\t\t\t<\/div>\n\t\t\t\t<\/div>\n\t\t\t\t\t\t\t<\/div>\n\t\t<\/div>\n\n\t\t[\/vc_column][\/vc_row][vc_row][vc_column width=\"1\/5\"]\t\t<div class=\"promo-banner-wrapper  wd-rs-629f6996a5bbd \">\n\t\t\t<div id=\"wd-629f6996a5bbd\" class=\"promo-banner  banner- banner-hover-zoom color-scheme-light banner-btn-size-extra-small banner-btn-style-3d wd-width-enabled  with-btn banner-btn-position-hover cursor-pointer wd-underline-colored\" style=\"--wd-max-width: 60%;\"\t\t\t\t onclick=\"window.location.href='https:\/\/www.kapim.com.tr\/en\/product-category\/door-spare-part\/wooden-door-frame\/'\"\t\t\t>\n\t\t\t\t<div class=\"main-wrapp-img\">\n\t\t\t\t\t<div class=\"banner-image wd-bg-position-center\" >\n\t\t\t\t\t\t<img decoding=\"async\" class=\"promo-banner-image \" src=\"https:\/\/i0.wp.com\/kapim.com.tr\/wp-content\/uploads\/2021\/12\/Alpi-Ceviz-4-800x600.png\" width=\"800\" height=\"600\" alt=\"alpi ceviz door casing\" title=\"Alpi Ceviz\" loading=\"lazy\" \/>\t\t\t\t\t<\/div>\n\t\t\t\t<\/div>\n\n\t\t\t\t<div class=\"wrapper-content-banner wd-fill  wd-items-middle wd-justify-center\">\n\t\t\t\t\t<div class=\"content-banner  text-center\">\n\t\t\t\t\t\t\t\t\t\t\t\t\n\t\t\t\t\t\t\n\t\t\t\t\t\t<div class=\"banner-btn-wrapper\"><div id=\"wd-69de946e8bc1e\" class=\"  wd-button-wrapper text-center\"><a  class=\"btn btn-color-primary btn-style-3d btn-style-rectangle btn-size-extra-small\">Door Case<\/a><\/div><\/div>\t\t\t\t\t<\/div>\n\t\t\t\t<\/div>\n\t\t\t\t\t\t\t<\/div>\n\t\t<\/div>\n\n\t\t[\/vc_column][vc_column width=\"1\/5\"]\t\t<div class=\"promo-banner-wrapper  wd-rs-629f69ad47b0e \">\n\t\t\t<div id=\"wd-629f69ad47b0e\" class=\"promo-banner  banner- banner-hover-zoom color-scheme-light banner-btn-size-extra-small banner-btn-style-3d wd-width-enabled  with-btn banner-btn-position-hover cursor-pointer wd-underline-colored\" style=\"--wd-max-width: 60%;\"\t\t\t\t onclick=\"window.location.href='https:\/\/www.kapim.com.tr\/en\/product-category\/door-spare-part\/wooden-door-architrave\/'\"\t\t\t>\n\t\t\t\t<div class=\"main-wrapp-img\">\n\t\t\t\t\t<div class=\"banner-image wd-bg-position-center\" >\n\t\t\t\t\t\t<img decoding=\"async\" class=\"promo-banner-image \" src=\"https:\/\/i0.wp.com\/kapim.com.tr\/wp-content\/uploads\/2021\/12\/Alpi-Ceviz-6-800x600.png\" width=\"800\" height=\"600\" alt=\"alpi ceviz door sill\" title=\"Alpi Ceviz\" loading=\"lazy\" \/>\t\t\t\t\t<\/div>\n\t\t\t\t<\/div>\n\n\t\t\t\t<div class=\"wrapper-content-banner wd-fill  wd-items-middle wd-justify-center\">\n\t\t\t\t\t<div class=\"content-banner  text-center\">\n\t\t\t\t\t\t\t\t\t\t\t\t\n\t\t\t\t\t\t\n\t\t\t\t\t\t<div class=\"banner-btn-wrapper\"><div id=\"wd-69de946e8c0d4\" class=\"  wd-button-wrapper text-center\"><a  class=\"btn btn-color-primary btn-style-3d btn-style-rectangle btn-size-extra-small\">Door Sill<\/a><\/div><\/div>\t\t\t\t\t<\/div>\n\t\t\t\t<\/div>\n\t\t\t\t\t\t\t<\/div>\n\t\t<\/div>\n\n\t\t[\/vc_column][vc_column width=\"1\/5\"]\t\t<div class=\"promo-banner-wrapper  wd-rs-6201185169655 \">\n\t\t\t<div id=\"wd-6201185169655\" class=\"promo-banner  banner- banner-hover-zoom color-scheme-light banner-btn-size-extra-small banner-btn-style-3d wd-width-enabled  with-btn banner-btn-position-hover cursor-pointer wd-underline-colored\" style=\"--wd-max-width: 60%;\"\t\t\t\t onclick=\"window.location.href='https:\/\/www.kapim.com.tr\/en\/product-category\/door-spare-part\/wooden-doorpost\/'\"\t\t\t>\n\t\t\t\t<div class=\"main-wrapp-img\">\n\t\t\t\t\t<div class=\"banner-image wd-bg-position-center\" >\n\t\t\t\t\t\t<img decoding=\"async\" class=\"promo-banner-image \" src=\"https:\/\/i0.wp.com\/kapim.com.tr\/wp-content\/uploads\/2021\/12\/Parca-800x600.png\" width=\"800\" height=\"600\" alt=\"doorpost\" title=\"Part\" loading=\"lazy\" \/>\t\t\t\t\t<\/div>\n\t\t\t\t<\/div>\n\n\t\t\t\t<div class=\"wrapper-content-banner wd-fill  wd-items-middle wd-justify-center\">\n\t\t\t\t\t<div class=\"content-banner  text-center\">\n\t\t\t\t\t\t\t\t\t\t\t\t\n\t\t\t\t\t\t\n\t\t\t\t\t\t<div class=\"banner-btn-wrapper\"><div id=\"wd-69de946e8c5ad\" class=\"  wd-button-wrapper text-center\"><a  class=\"btn btn-color-primary btn-style-3d btn-style-rectangle btn-size-extra-small\">Doorpost<\/a><\/div><\/div>\t\t\t\t\t<\/div>\n\t\t\t\t<\/div>\n\t\t\t\t\t\t\t<\/div>\n\t\t<\/div>\n\n\t\t[\/vc_column][vc_column width=\"1\/5\"]\t\t<div class=\"promo-banner-wrapper  wd-rs-6201186ee3bf4 \">\n\t\t\t<div id=\"wd-6201186ee3bf4\" class=\"promo-banner  banner- banner-hover-zoom color-scheme-light banner-btn-size-extra-small banner-btn-style-3d wd-width-enabled  with-btn banner-btn-position-hover cursor-pointer wd-underline-colored\" style=\"--wd-max-width: 60%;\"\t\t\t\t onclick=\"window.location.href='https:\/\/www.kapim.com.tr\/en\/product-category\/door-spare-part\/wooden-door-baseboard\/'\"\t\t\t>\n\t\t\t\t<div class=\"main-wrapp-img\">\n\t\t\t\t\t<div class=\"banner-image wd-bg-position-center\" >\n\t\t\t\t\t\t<img decoding=\"async\" class=\"promo-banner-image \" src=\"https:\/\/i0.wp.com\/kapim.com.tr\/wp-content\/uploads\/2021\/12\/Ceviz-800x600.png\" width=\"800\" height=\"600\" alt=\"baseboard ceviz\" title=\"Ceviz\" loading=\"lazy\" \/>\t\t\t\t\t<\/div>\n\t\t\t\t<\/div>\n\n\t\t\t\t<div class=\"wrapper-content-banner wd-fill  wd-items-middle wd-justify-center\">\n\t\t\t\t\t<div class=\"content-banner  text-center\">\n\t\t\t\t\t\t\t\t\t\t\t\t\n\t\t\t\t\t\t\n\t\t\t\t\t\t<div class=\"banner-btn-wrapper\"><div id=\"wd-69de946e8caac\" class=\"  wd-button-wrapper text-center\"><a  class=\"btn btn-color-primary btn-style-3d btn-style-rectangle btn-size-extra-small\">Baseboard<\/a><\/div><\/div>\t\t\t\t\t<\/div>\n\t\t\t\t<\/div>\n\t\t\t\t\t\t\t<\/div>\n\t\t<\/div>\n\n\t\t[\/vc_column][vc_column width=\"1\/5\"]\t\t<div class=\"promo-banner-wrapper  wd-rs-620118863e29f \">\n\t\t\t<div id=\"wd-620118863e29f\" class=\"promo-banner  banner- banner-hover-zoom color-scheme-light banner-btn-size-extra-small banner-btn-style-3d wd-width-enabled  with-btn banner-btn-position-hover cursor-pointer wd-underline-colored\" style=\"--wd-max-width: 60%;\"\t\t\t\t onclick=\"window.location.href='https:\/\/www.kapim.com.tr\/en\/product-category\/door-spare-part\/wooden-door-profile\/'\"\t\t\t>\n\t\t\t\t<div class=\"main-wrapp-img\">\n\t\t\t\t\t<div class=\"banner-image wd-bg-position-center\" >\n\t\t\t\t\t\t<img decoding=\"async\" class=\"promo-banner-image \" src=\"https:\/\/i0.wp.com\/kapim.com.tr\/wp-content\/uploads\/2021\/12\/Alpi-Ceviz-9-800x600.png\" width=\"800\" height=\"600\" alt=\"alpi ceviz door profile\" title=\"Alpi Ceviz\" loading=\"lazy\" \/>\t\t\t\t\t<\/div>\n\t\t\t\t<\/div>\n\n\t\t\t\t<div class=\"wrapper-content-banner wd-fill  wd-items-middle wd-justify-center\">\n\t\t\t\t\t<div class=\"content-banner  text-center\">\n\t\t\t\t\t\t\t\t\t\t\t\t\n\t\t\t\t\t\t\n\t\t\t\t\t\t<div class=\"banner-btn-wrapper\"><div id=\"wd-69de946e8cf7e\" class=\"  wd-button-wrapper text-center\"><a  class=\"btn btn-color-primary btn-style-3d btn-style-rectangle btn-size-extra-small\">Door Profile<\/a><\/div><\/div>\t\t\t\t\t<\/div>\n\t\t\t\t<\/div>\n\t\t\t\t\t\t\t<\/div>\n\t\t<\/div>\n\n\t\t[\/vc_column][\/vc_row]<\/strong>[\/vc_column_text][\/vc_column][\/vc_row]<\/p>\n<\/div>","protected":false},"excerpt":{"rendered":"<p>[vc_row][vc_column offset=&#8221;vc_hidden-sm vc_hidden-xs&#8221; woodmart_css_id=&#8221;6261f9fd0919b&#8221; parallax_scroll=&#8221;no&#8221; woodmart_sticky_column=&#8221;false&#8221; wd_collapsible_content_switcher=&#8221;no&#8221; wd_column_role_offcanvas_desktop=&#8221;no&#8221; wd_column_role_offcanvas_tablet=&#8221;no&#8221; wd_column_role_offcanvas_mobile=&#8221;no&#8221; wd_column_role_content_desktop=&#8221;no&#8221; wd_column_role_content_tablet=&#8221;no&#8221; wd_column_role_content_mobile=&#8221;no&#8221; mobile_bg_img_hidden=&#8221;no&#8221; tablet_bg_img_hidden=&#8221;no&#8221; woodmart_parallax=&#8221;0&#8243; woodmart_box_shadow=&#8221;no&#8221; responsive_spacing=&#8221;eyJwYXJhbV90eXBlIjoid29vZG1hcnRfcmVzcG9uc2l2ZV9zcGFjaW5nIiwic2VsZWN0b3JfaWQiOiI2MjYxZjlmZDA5MTliIiwic2hvcnRjb2RlIjoidmNfY29sdW1uIiwiZGF0YSI6eyJ0YWJsZXQiOnt9LCJtb2JpbGUiOnt9fX0=&#8221; mobile_reset_margin=&#8221;no&#8221; tablet_reset_margin=&#8221;no&#8221;<\/p>\n","protected":false},"author":12,"featured_media":0,"parent":0,"menu_order":0,"comment_status":"closed","ping_status":"closed","template":"","meta":{"content-type":"","_joinchat":[],"footnotes":""},"class_list":["post-15032","page","type-page","status-publish","hentry"],"yoast_head":"<!-- This site is optimized with the Yoast SEO plugin v27.4 - https:\/\/yoast.com\/product\/yoast-seo-wordpress\/ -->\n<title>Products - Kap\u0131m<\/title>\n<meta name=\"robots\" content=\"index, follow, max-snippet:-1, max-image-preview:large, max-video-preview:-1\" \/>\n<link rel=\"canonical\" href=\"https:\/\/kapim.com.tr\/en\/products\/\" \/>\n<meta property=\"og:locale\" content=\"en_US\" \/>\n<meta property=\"og:type\" content=\"article\" \/>\n<meta property=\"og:title\" content=\"Products - Kap\u0131m\" \/>\n<meta property=\"og:description\" content=\"[vc_row][vc_column offset=&#8221;vc_hidden-sm vc_hidden-xs&#8221; woodmart_css_id=&#8221;6261f9fd0919b&#8221; parallax_scroll=&#8221;no&#8221; woodmart_sticky_column=&#8221;false&#8221; wd_collapsible_content_switcher=&#8221;no&#8221; wd_column_role_offcanvas_desktop=&#8221;no&#8221; wd_column_role_offcanvas_tablet=&#8221;no&#8221; wd_column_role_offcanvas_mobile=&#8221;no&#8221; wd_column_role_content_desktop=&#8221;no&#8221; wd_column_role_content_tablet=&#8221;no&#8221; wd_column_role_content_mobile=&#8221;no&#8221; mobile_bg_img_hidden=&#8221;no&#8221; tablet_bg_img_hidden=&#8221;no&#8221; woodmart_parallax=&#8221;0&#8243; woodmart_box_shadow=&#8221;no&#8221; responsive_spacing=&#8221;eyJwYXJhbV90eXBlIjoid29vZG1hcnRfcmVzcG9uc2l2ZV9zcGFjaW5nIiwic2VsZWN0b3JfaWQiOiI2MjYxZjlmZDA5MTliIiwic2hvcnRjb2RlIjoidmNfY29sdW1uIiwiZGF0YSI6eyJ0YWJsZXQiOnt9LCJtb2JpbGUiOnt9fX0=&#8221; mobile_reset_margin=&#8221;no&#8221; tablet_reset_margin=&#8221;no&#8221;\" \/>\n<meta property=\"og:url\" content=\"https:\/\/kapim.com.tr\/en\/products\/\" \/>\n<meta property=\"og:site_name\" content=\"Kap\u0131m\" \/>\n<meta property=\"article:modified_time\" content=\"2024-01-29T14:47:51+00:00\" \/>\n<meta name=\"twitter:card\" content=\"summary_large_image\" \/>\n<meta name=\"twitter:label1\" content=\"Est. reading time\" \/>\n\t<meta name=\"twitter:data1\" content=\"1 minute\" \/>\n<script type=\"application\/ld+json\" class=\"yoast-schema-graph\">{\"@context\":\"https:\\\/\\\/schema.org\",\"@graph\":[{\"@type\":\"WebPage\",\"@id\":\"https:\\\/\\\/kapim.com.tr\\\/en\\\/products\\\/\",\"url\":\"https:\\\/\\\/kapim.com.tr\\\/en\\\/products\\\/\",\"name\":\"Products - Kap\u0131m\",\"isPartOf\":{\"@id\":\"https:\\\/\\\/kapim.com.tr\\\/#website\"},\"datePublished\":\"2021-07-11T14:22:21+00:00\",\"dateModified\":\"2024-01-29T14:47:51+00:00\",\"breadcrumb\":{\"@id\":\"https:\\\/\\\/kapim.com.tr\\\/en\\\/products\\\/#breadcrumb\"},\"inLanguage\":\"en-US\",\"potentialAction\":[{\"@type\":\"ReadAction\",\"target\":[\"https:\\\/\\\/kapim.com.tr\\\/en\\\/products\\\/\"]}]},{\"@type\":\"BreadcrumbList\",\"@id\":\"https:\\\/\\\/kapim.com.tr\\\/en\\\/products\\\/#breadcrumb\",\"itemListElement\":[{\"@type\":\"ListItem\",\"position\":1,\"name\":\"Ana Sayfa\",\"item\":\"https:\\\/\\\/kapim.com.tr\\\/en\\\/\"},{\"@type\":\"ListItem\",\"position\":2,\"name\":\"Products\"}]},{\"@type\":\"WebSite\",\"@id\":\"https:\\\/\\\/kapim.com.tr\\\/#website\",\"url\":\"https:\\\/\\\/kapim.com.tr\\\/\",\"name\":\"Kap\u0131m\",\"description\":\"Hayalinize A\u00e7\u0131lan S\u0131cac\u0131k Bir Kap\u0131\",\"potentialAction\":[{\"@type\":\"SearchAction\",\"target\":{\"@type\":\"EntryPoint\",\"urlTemplate\":\"https:\\\/\\\/kapim.com.tr\\\/?s={search_term_string}\"},\"query-input\":{\"@type\":\"PropertyValueSpecification\",\"valueRequired\":true,\"valueName\":\"search_term_string\"}}],\"inLanguage\":\"en-US\"}]}<\/script>\n<!-- \/ Yoast SEO plugin. -->","yoast_head_json":{"title":"Products - Kap\u0131m","robots":{"index":"index","follow":"follow","max-snippet":"max-snippet:-1","max-image-preview":"max-image-preview:large","max-video-preview":"max-video-preview:-1"},"canonical":"https:\/\/kapim.com.tr\/en\/products\/","og_locale":"en_US","og_type":"article","og_title":"Products - Kap\u0131m","og_description":"[vc_row][vc_column offset=&#8221;vc_hidden-sm vc_hidden-xs&#8221; woodmart_css_id=&#8221;6261f9fd0919b&#8221; parallax_scroll=&#8221;no&#8221; woodmart_sticky_column=&#8221;false&#8221; wd_collapsible_content_switcher=&#8221;no&#8221; wd_column_role_offcanvas_desktop=&#8221;no&#8221; wd_column_role_offcanvas_tablet=&#8221;no&#8221; wd_column_role_offcanvas_mobile=&#8221;no&#8221; wd_column_role_content_desktop=&#8221;no&#8221; wd_column_role_content_tablet=&#8221;no&#8221; wd_column_role_content_mobile=&#8221;no&#8221; mobile_bg_img_hidden=&#8221;no&#8221; tablet_bg_img_hidden=&#8221;no&#8221; woodmart_parallax=&#8221;0&#8243; woodmart_box_shadow=&#8221;no&#8221; responsive_spacing=&#8221;eyJwYXJhbV90eXBlIjoid29vZG1hcnRfcmVzcG9uc2l2ZV9zcGFjaW5nIiwic2VsZWN0b3JfaWQiOiI2MjYxZjlmZDA5MTliIiwic2hvcnRjb2RlIjoidmNfY29sdW1uIiwiZGF0YSI6eyJ0YWJsZXQiOnt9LCJtb2JpbGUiOnt9fX0=&#8221; mobile_reset_margin=&#8221;no&#8221; tablet_reset_margin=&#8221;no&#8221;","og_url":"https:\/\/kapim.com.tr\/en\/products\/","og_site_name":"Kap\u0131m","article_modified_time":"2024-01-29T14:47:51+00:00","twitter_card":"summary_large_image","twitter_misc":{"Est. reading time":"1 minute"},"schema":{"@context":"https:\/\/schema.org","@graph":[{"@type":"WebPage","@id":"https:\/\/kapim.com.tr\/en\/products\/","url":"https:\/\/kapim.com.tr\/en\/products\/","name":"Products - Kap\u0131m","isPartOf":{"@id":"https:\/\/kapim.com.tr\/#website"},"datePublished":"2021-07-11T14:22:21+00:00","dateModified":"2024-01-29T14:47:51+00:00","breadcrumb":{"@id":"https:\/\/kapim.com.tr\/en\/products\/#breadcrumb"},"inLanguage":"en-US","potentialAction":[{"@type":"ReadAction","target":["https:\/\/kapim.com.tr\/en\/products\/"]}]},{"@type":"BreadcrumbList","@id":"https:\/\/kapim.com.tr\/en\/products\/#breadcrumb","itemListElement":[{"@type":"ListItem","position":1,"name":"Ana Sayfa","item":"https:\/\/kapim.com.tr\/en\/"},{"@type":"ListItem","position":2,"name":"Products"}]},{"@type":"WebSite","@id":"https:\/\/kapim.com.tr\/#website","url":"https:\/\/kapim.com.tr\/","name":"Kap\u0131m","description":"Hayalinize A\u00e7\u0131lan S\u0131cac\u0131k Bir Kap\u0131","potentialAction":[{"@type":"SearchAction","target":{"@type":"EntryPoint","urlTemplate":"https:\/\/kapim.com.tr\/?s={search_term_string}"},"query-input":{"@type":"PropertyValueSpecification","valueRequired":true,"valueName":"search_term_string"}}],"inLanguage":"en-US"}]}},"jetpack_sharing_enabled":true,"_links":{"self":[{"href":"https:\/\/kapim.com.tr\/en\/wp-json\/wp\/v2\/pages\/15032","targetHints":{"allow":["GET"]}}],"collection":[{"href":"https:\/\/kapim.com.tr\/en\/wp-json\/wp\/v2\/pages"}],"about":[{"href":"https:\/\/kapim.com.tr\/en\/wp-json\/wp\/v2\/types\/page"}],"author":[{"embeddable":true,"href":"https:\/\/kapim.com.tr\/en\/wp-json\/wp\/v2\/users\/12"}],"replies":[{"embeddable":true,"href":"https:\/\/kapim.com.tr\/en\/wp-json\/wp\/v2\/comments?post=15032"}],"version-history":[{"count":1,"href":"https:\/\/kapim.com.tr\/en\/wp-json\/wp\/v2\/pages\/15032\/revisions"}],"predecessor-version":[{"id":26310,"href":"https:\/\/kapim.com.tr\/en\/wp-json\/wp\/v2\/pages\/15032\/revisions\/26310"}],"wp:attachment":[{"href":"https:\/\/kapim.com.tr\/en\/wp-json\/wp\/v2\/media?parent=15032"}],"curies":[{"name":"wp","href":"https:\/\/api.w.org\/{rel}","templated":true}]}}