{"id":28495,"date":"2024-09-09T07:54:41","date_gmt":"2024-09-09T07:54:41","guid":{"rendered":"https:\/\/kapim.com.tr\/?page_id=28495"},"modified":"2024-09-09T08:04:08","modified_gmt":"2024-09-09T08:04:08","slug":"ic-kapi-katalogu-2025","status":"publish","type":"page","link":"https:\/\/kapim.com.tr\/en\/ic-kapi-katalogu-2025\/","title":{"rendered":"2025 Interior Door Catalog"},"content":{"rendered":"\n<div class=\"_df_book df-lite\" id=\"df_28475\"  _slug=\"katalog-2025\" data-title=\"katalog-2025\" wpoptions=\"true\" thumb=\"https:\/\/kapim.com.tr\/wp-content\/uploads\/2024\/09\/Dinamik-Katalog-Orijinal-Baski-Son-Hal.jpg\" thumbtype=\"\" ><\/div><script data-jetpack-boost=\"ignore\" class=\"df-shortcode-script\" nowprocket type=\"application\/javascript\">window.option_df_28475 = {\"outline\":[],\"autoEnableOutline\":\"false\",\"autoEnableThumbnail\":\"false\",\"overwritePDFOutline\":\"false\",\"direction\":\"1\",\"pageSize\":\"0\",\"source\":\"https:\\\/\\\/kapim.com.tr\\\/wp-content\\\/uploads\\\/2024\\\/09\\\/Dinamik-Katalog-Orijinal-Baski-Son-Hal-11.pdf\",\"wpOptions\":\"true\"}; if(window.DFLIP && window.DFLIP.parseBooks){window.DFLIP.parseBooks();}<\/script>\n","protected":false},"excerpt":{"rendered":"","protected":false},"author":245672396,"featured_media":0,"parent":0,"menu_order":0,"comment_status":"closed","ping_status":"closed","template":"","meta":{"content-type":"","_joinchat":[],"footnotes":""},"class_list":["post-28495","page","type-page","status-publish","hentry"],"yoast_head":"<!-- This site is optimized with the Yoast SEO plugin v27.3 - https:\/\/yoast.com\/product\/yoast-seo-wordpress\/ -->\n<title>2025 Interior Door Catalog - Kap\u0131m<\/title>\n<meta name=\"robots\" content=\"index, follow, max-snippet:-1, max-image-preview:large, max-video-preview:-1\" \/>\n<link rel=\"canonical\" href=\"https:\/\/kapim.com.tr\/en\/ic-kapi-katalogu-2025\/\" \/>\n<meta property=\"og:locale\" content=\"en_US\" \/>\n<meta property=\"og:type\" content=\"article\" \/>\n<meta property=\"og:title\" content=\"2025 Interior Door Catalog - Kap\u0131m\" \/>\n<meta property=\"og:url\" content=\"https:\/\/kapim.com.tr\/en\/ic-kapi-katalogu-2025\/\" \/>\n<meta property=\"og:site_name\" content=\"Kap\u0131m\" \/>\n<meta property=\"article:modified_time\" content=\"2024-09-09T08:04:08+00:00\" \/>\n<meta name=\"twitter:card\" content=\"summary_large_image\" \/>\n<meta name=\"twitter:label1\" content=\"Est. reading time\" \/>\n\t<meta name=\"twitter:data1\" content=\"1 minute\" \/>\n<script type=\"application\/ld+json\" class=\"yoast-schema-graph\">{\"@context\":\"https:\\\/\\\/schema.org\",\"@graph\":[{\"@type\":\"WebPage\",\"@id\":\"https:\\\/\\\/kapim.com.tr\\\/en\\\/ic-kapi-katalogu-2025\\\/\",\"url\":\"https:\\\/\\\/kapim.com.tr\\\/en\\\/ic-kapi-katalogu-2025\\\/\",\"name\":\"2025 Interior Door Catalog - Kap\u0131m\",\"isPartOf\":{\"@id\":\"https:\\\/\\\/kapim.com.tr\\\/#website\"},\"datePublished\":\"2024-09-09T07:54:41+00:00\",\"dateModified\":\"2024-09-09T08:04:08+00:00\",\"breadcrumb\":{\"@id\":\"https:\\\/\\\/kapim.com.tr\\\/en\\\/ic-kapi-katalogu-2025\\\/#breadcrumb\"},\"inLanguage\":\"en-US\",\"potentialAction\":[{\"@type\":\"ReadAction\",\"target\":[\"https:\\\/\\\/kapim.com.tr\\\/en\\\/ic-kapi-katalogu-2025\\\/\"]}]},{\"@type\":\"BreadcrumbList\",\"@id\":\"https:\\\/\\\/kapim.com.tr\\\/en\\\/ic-kapi-katalogu-2025\\\/#breadcrumb\",\"itemListElement\":[{\"@type\":\"ListItem\",\"position\":1,\"name\":\"Ana Sayfa\",\"item\":\"https:\\\/\\\/kapim.com.tr\\\/en\\\/\"},{\"@type\":\"ListItem\",\"position\":2,\"name\":\"2025 Interior Door Catalog\"}]},{\"@type\":\"WebSite\",\"@id\":\"https:\\\/\\\/kapim.com.tr\\\/#website\",\"url\":\"https:\\\/\\\/kapim.com.tr\\\/\",\"name\":\"Kap\u0131m\",\"description\":\"Hayalinize A\u00e7\u0131lan S\u0131cac\u0131k Bir Kap\u0131\",\"potentialAction\":[{\"@type\":\"SearchAction\",\"target\":{\"@type\":\"EntryPoint\",\"urlTemplate\":\"https:\\\/\\\/kapim.com.tr\\\/?s={search_term_string}\"},\"query-input\":{\"@type\":\"PropertyValueSpecification\",\"valueRequired\":true,\"valueName\":\"search_term_string\"}}],\"inLanguage\":\"en-US\"}]}<\/script>\n<!-- \/ Yoast SEO plugin. -->","yoast_head_json":{"title":"2025 Interior Door Catalog - Kap\u0131m","robots":{"index":"index","follow":"follow","max-snippet":"max-snippet:-1","max-image-preview":"max-image-preview:large","max-video-preview":"max-video-preview:-1"},"canonical":"https:\/\/kapim.com.tr\/en\/ic-kapi-katalogu-2025\/","og_locale":"en_US","og_type":"article","og_title":"2025 Interior Door Catalog - Kap\u0131m","og_url":"https:\/\/kapim.com.tr\/en\/ic-kapi-katalogu-2025\/","og_site_name":"Kap\u0131m","article_modified_time":"2024-09-09T08:04:08+00:00","twitter_card":"summary_large_image","twitter_misc":{"Est. reading time":"1 minute"},"schema":{"@context":"https:\/\/schema.org","@graph":[{"@type":"WebPage","@id":"https:\/\/kapim.com.tr\/en\/ic-kapi-katalogu-2025\/","url":"https:\/\/kapim.com.tr\/en\/ic-kapi-katalogu-2025\/","name":"2025 Interior Door Catalog - Kap\u0131m","isPartOf":{"@id":"https:\/\/kapim.com.tr\/#website"},"datePublished":"2024-09-09T07:54:41+00:00","dateModified":"2024-09-09T08:04:08+00:00","breadcrumb":{"@id":"https:\/\/kapim.com.tr\/en\/ic-kapi-katalogu-2025\/#breadcrumb"},"inLanguage":"en-US","potentialAction":[{"@type":"ReadAction","target":["https:\/\/kapim.com.tr\/en\/ic-kapi-katalogu-2025\/"]}]},{"@type":"BreadcrumbList","@id":"https:\/\/kapim.com.tr\/en\/ic-kapi-katalogu-2025\/#breadcrumb","itemListElement":[{"@type":"ListItem","position":1,"name":"Ana Sayfa","item":"https:\/\/kapim.com.tr\/en\/"},{"@type":"ListItem","position":2,"name":"2025 Interior Door Catalog"}]},{"@type":"WebSite","@id":"https:\/\/kapim.com.tr\/#website","url":"https:\/\/kapim.com.tr\/","name":"Kap\u0131m","description":"Hayalinize A\u00e7\u0131lan S\u0131cac\u0131k Bir Kap\u0131","potentialAction":[{"@type":"SearchAction","target":{"@type":"EntryPoint","urlTemplate":"https:\/\/kapim.com.tr\/?s={search_term_string}"},"query-input":{"@type":"PropertyValueSpecification","valueRequired":true,"valueName":"search_term_string"}}],"inLanguage":"en-US"}]}},"jetpack_sharing_enabled":true,"_links":{"self":[{"href":"https:\/\/kapim.com.tr\/en\/wp-json\/wp\/v2\/pages\/28495","targetHints":{"allow":["GET"]}}],"collection":[{"href":"https:\/\/kapim.com.tr\/en\/wp-json\/wp\/v2\/pages"}],"about":[{"href":"https:\/\/kapim.com.tr\/en\/wp-json\/wp\/v2\/types\/page"}],"author":[{"embeddable":true,"href":"https:\/\/kapim.com.tr\/en\/wp-json\/wp\/v2\/users\/245672396"}],"replies":[{"embeddable":true,"href":"https:\/\/kapim.com.tr\/en\/wp-json\/wp\/v2\/comments?post=28495"}],"version-history":[{"count":2,"href":"https:\/\/kapim.com.tr\/en\/wp-json\/wp\/v2\/pages\/28495\/revisions"}],"predecessor-version":[{"id":28498,"href":"https:\/\/kapim.com.tr\/en\/wp-json\/wp\/v2\/pages\/28495\/revisions\/28498"}],"wp:attachment":[{"href":"https:\/\/kapim.com.tr\/en\/wp-json\/wp\/v2\/media?parent=28495"}],"curies":[{"name":"wp","href":"https:\/\/api.w.org\/{rel}","templated":true}]}}