{"id":17235,"date":"2021-08-25T11:11:42","date_gmt":"2021-08-25T11:11:42","guid":{"rendered":"https:\/\/kapim.com.tr\/product\/mixture-door-bergama-model\/"},"modified":"2021-10-28T08:23:08","modified_gmt":"2021-10-28T08:23:08","slug":"mixture-door-bergama-model","status":"publish","type":"product","link":"https:\/\/kapim.com.tr\/en\/product\/mixture-door-bergama-model\/","title":{"rendered":"Mixture Door Bergama Model"},"content":{"rendered":"<div class=\"wpb-content-wrapper\"><p>[vc_row][vc_column][\/vc_column][\/vc_row][vc_row][vc_column width=&#8221;1\/2&#8243;][vc_single_image image=&#8221;13864&#8243; img_size=&#8221;full&#8221; woodmart_inline=&#8221;no&#8221; parallax_scroll=&#8221;no&#8221;][\/vc_column][vc_column width=&#8221;1\/2&#8243;][vc_column_text woodmart_inline=&#8221;no&#8221; text_larger=&#8221;no&#8221;]<strong><style data-type=\"vc_shortcodes-custom-css\">.vc_custom_1497619079148{margin-bottom: 8vh !important;}.vc_custom_1497620233329{border-right-width: 1px !important;padding-top: 30px !important;padding-right: 50px !important;padding-left: 50px !important;border-right-color: rgba(129,129,129,0.2) !important;border-right-style: solid !important;}#wd-612a4182e042b .woodmart-title-container{line-height:48px;font-size:38px;}#wd-612a4182e042b .title-subtitle{line-height:26px;font-size:16px;color:#777777;}@media (max-width: 1024px) {#wd-612a4182e042b .woodmart-title-container{line-height:40px;font-size:30px;}}@media (max-width: 767px) {#wd-612a4182e042b .woodmart-title-container{line-height:36px;font-size:26px;}}<\/style>[vc_row content_placement=\"top\" css=\".vc_custom_1497619079148{margin-bottom: 8vh !important;}\"][vc_column css=\".vc_custom_1497620233329{border-right-width: 1px !important;padding-top: 30px !important;padding-right: 50px !important;padding-left: 50px !important;border-right-color: rgba(129,129,129,0.2) !important;border-right-style: solid !important;}\"]\n\t\t<div id=\"wd-612a4182e042b\" class=\"title-wrapper wd-wpb set-mb-s reset-last-child  wd-rs-612a4182e042b wd-title-color-default wd-title-style-default text-center  wd-underline-colored\">\n\t\t\t\t\t\t\t<div class=\"title-subtitle  subtitle-color-default font-default subtitle-style-default wd-font-weight-600 wd-fontsize-xs\">Natural Wood<\/div>\n\t\t\t\n\t\t\t<div class=\"liner-continer\">\n\t\t\t\t<h4 class=\"woodmart-title-container title  wd-font-weight-600 wd-fontsize-l\" >Technical Specifications of Doors<\/h4>\n\t\t\t\t\t\t\t<\/div>\n\t\t\t\n\t\t\t\t\t\t\t<div class=\"title-after_title  set-cont-mb-s reset-last-child  wd-fontsize-xs\">Standard Production Dimensions of Our Wooden Doors<\/div>\n\t\t\t\n\t\t\t\n\t\t<\/div>\n\t\t\n\t\t[vc_column_text woodmart_inline=\"no\" text_larger=\"no\"]\r\n<table style=\"height: 129px;\" width=\"311\">\r\n<tbody>\r\n<tr>\r\n<th><strong>Wood veneer thickness(mm)<\/strong><\/th>\r\n<td style=\"text-align: right; font-size: 16px;\">0.6<\/td>\r\n<\/tr>\r\n<tr>\r\n<th><strong>Standard Wing Width (cm)<\/strong><\/th>\r\n<td style=\"text-align: right; font-size: 16px;\">70 - 80 - 90<\/td>\r\n<\/tr>\r\n<tr>\r\n<th><strong>Standard Wing Length (cm)<\/strong><\/th>\r\n<td style=\"text-align: right; font-size: 16px;\">202<\/td>\r\n<\/tr>\r\n<tr>\r\n<th><strong>Door Wing Thickness (cm)<\/strong><\/th>\r\n<td style=\"text-align: right; font-size: 16px;\">41<\/td>\r\n<\/tr>\r\n<tr>\r\n<th><strong>Door Frame Width (cm)<\/strong><\/th>\r\n<td style=\"text-align: right; font-size: 16px;\">10-22 aras\u0131<\/td>\r\n<\/tr>\r\n<tr>\r\n<th><strong>Door Frame Length (cm)<\/strong><\/th>\r\n<td style=\"text-align: right; font-size: 16px;\">209-219<\/td>\r\n<\/tr>\r\n<tr>\r\n<th><strong>Door Frame Thickness (cm)<\/strong><\/th>\r\n<td style=\"text-align: right; font-size: 16px;\">36-42<\/td>\r\n<\/tr>\r\n<tr>\r\n<th>Door Casing Width (cm)<\/th>\r\n<td style=\"text-align: right; font-size: 16px;\">6.7 - 16<\/td>\r\n<\/tr>\r\n<tr>\r\n<th>Door Casing Length (cm)<\/th>\r\n<td style=\"text-align: right; font-size: 16px;\">219<\/td>\r\n<\/tr>\r\n<\/tbody>\r\n<\/table>\r\n[\/vc_column_text][\/vc_column][\/vc_row]<\/strong>[\/vc_column_text][\/vc_column][\/vc_row]<\/p>\n<\/div>","protected":false},"excerpt":{"rendered":"<p><strong>What Can Be Added to the Model Bergama\u00a0<\/strong><\/p>\n<p>In cases where this model is preferred and a bulk order is given;<\/p>\n<ul>\n<li>It can be made fire-resistant.<\/li>\n<li>Sound insulation are added.<\/li>\n<li>Door weight can be increased.<\/li>\n<li>The casing are dimensioned.<\/li>\n<li>The casings are notched.<\/li>\n<li>Lock places are opened as desired.<\/li>\n<li>45-degree cut door frames are adjusted.<\/li>\n<li>Hinge places are opened as desired.<\/li>\n<li>Guillotine cutting is applied.<\/li>\n<li>The peephole location is opened.<\/li>\n<li>CNC details are applied.<\/li>\n<\/ul>\n","protected":false},"featured_media":13866,"comment_status":"open","ping_status":"closed","template":"","meta":{"content-type":"","_joinchat":[]},"product_brand":[],"product_cat":[221],"product_tag":[233],"class_list":{"0":"post-17235","1":"product","2":"type-product","3":"status-publish","4":"has-post-thumbnail","6":"product_cat-wooden-and-lacquered-door","7":"product_tag-lake-h-en","9":"first","10":"instock","11":"shipping-taxable","12":"purchasable","13":"product-type-variable"},"yoast_head":"<!-- This site is optimized with the Yoast SEO plugin v27.4 - https:\/\/yoast.com\/product\/yoast-seo-wordpress\/ -->\n<title>Mixture Door Bergama Model - Kap\u0131m<\/title>\n<meta name=\"robots\" content=\"index, follow, max-snippet:-1, max-image-preview:large, max-video-preview:-1\" \/>\n<link rel=\"canonical\" href=\"https:\/\/kapim.com.tr\/urun\/bergama\/\" \/>\n<meta property=\"og:locale\" content=\"en_US\" \/>\n<meta property=\"og:type\" content=\"article\" \/>\n<meta property=\"og:title\" content=\"Mixture Door Bergama Model - Kap\u0131m\" \/>\n<meta property=\"og:description\" content=\"What Can Be Added to the Model Bergama\u00a0  In cases where this model is preferred and a bulk order is given;   It can be made fire-resistant.  Sound insulation are added.  Door weight can be increased.  The casing are dimensioned.  The casings are notched.  Lock places are opened as desired.  45-degree cut door frames are adjusted.  Hinge places are opened as desired.  Guillotine cutting is applied.  The peephole location is opened.  CNC details are applied.\" \/>\n<meta property=\"og:url\" content=\"https:\/\/kapim.com.tr\/urun\/bergama\/\" \/>\n<meta property=\"og:site_name\" content=\"Kap\u0131m\" \/>\n<meta property=\"article:modified_time\" content=\"2021-10-28T08:23:08+00:00\" \/>\n<meta property=\"og:image\" content=\"https:\/\/i0.wp.com\/kapim.com.tr\/wp-content\/uploads\/2021\/08\/Bergama.png?fit=1548%2C1548&ssl=1\" \/>\n\t<meta property=\"og:image:width\" content=\"1548\" \/>\n\t<meta property=\"og:image:height\" content=\"1548\" \/>\n\t<meta property=\"og:image:type\" content=\"image\/png\" \/>\n<meta name=\"twitter:card\" content=\"summary_large_image\" \/>\n<script type=\"application\/ld+json\" class=\"yoast-schema-graph\">{\"@context\":\"https:\\\/\\\/schema.org\",\"@graph\":[{\"@type\":\"WebPage\",\"@id\":\"https:\\\/\\\/kapim.com.tr\\\/urun\\\/bergama\\\/\",\"url\":\"https:\\\/\\\/kapim.com.tr\\\/urun\\\/bergama\\\/\",\"name\":\"Mixture Door Bergama Model - Kap\u0131m\",\"isPartOf\":{\"@id\":\"https:\\\/\\\/kapim.com.tr\\\/#website\"},\"primaryImageOfPage\":{\"@id\":\"https:\\\/\\\/kapim.com.tr\\\/urun\\\/bergama\\\/#primaryimage\"},\"image\":{\"@id\":\"https:\\\/\\\/kapim.com.tr\\\/urun\\\/bergama\\\/#primaryimage\"},\"thumbnailUrl\":\"https:\\\/\\\/i0.wp.com\\\/kapim.com.tr\\\/wp-content\\\/uploads\\\/2021\\\/08\\\/Bergama.png?fit=1548%2C1548&quality=80&ssl=1\",\"datePublished\":\"2021-08-25T11:11:42+00:00\",\"dateModified\":\"2021-10-28T08:23:08+00:00\",\"breadcrumb\":{\"@id\":\"https:\\\/\\\/kapim.com.tr\\\/urun\\\/bergama\\\/#breadcrumb\"},\"inLanguage\":\"en-US\",\"potentialAction\":[{\"@type\":\"ReadAction\",\"target\":[\"https:\\\/\\\/kapim.com.tr\\\/urun\\\/bergama\\\/\"]}]},{\"@type\":\"ImageObject\",\"inLanguage\":\"en-US\",\"@id\":\"https:\\\/\\\/kapim.com.tr\\\/urun\\\/bergama\\\/#primaryimage\",\"url\":\"https:\\\/\\\/i0.wp.com\\\/kapim.com.tr\\\/wp-content\\\/uploads\\\/2021\\\/08\\\/Bergama.png?fit=1548%2C1548&quality=80&ssl=1\",\"contentUrl\":\"https:\\\/\\\/i0.wp.com\\\/kapim.com.tr\\\/wp-content\\\/uploads\\\/2021\\\/08\\\/Bergama.png?fit=1548%2C1548&quality=80&ssl=1\",\"width\":1548,\"height\":1548},{\"@type\":\"BreadcrumbList\",\"@id\":\"https:\\\/\\\/kapim.com.tr\\\/urun\\\/bergama\\\/#breadcrumb\",\"itemListElement\":[{\"@type\":\"ListItem\",\"position\":1,\"name\":\"Ana Sayfa\",\"item\":\"https:\\\/\\\/kapim.com.tr\\\/en\\\/\"},{\"@type\":\"ListItem\",\"position\":2,\"name\":\"\u00dcr\u00fcnler\",\"item\":\"https:\\\/\\\/kapim.com.tr\\\/urunler\\\/\"},{\"@type\":\"ListItem\",\"position\":3,\"name\":\"Mixture Door Bergama Model\"}]},{\"@type\":\"WebSite\",\"@id\":\"https:\\\/\\\/kapim.com.tr\\\/#website\",\"url\":\"https:\\\/\\\/kapim.com.tr\\\/\",\"name\":\"Kap\u0131m\",\"description\":\"Hayalinize A\u00e7\u0131lan S\u0131cac\u0131k Bir Kap\u0131\",\"potentialAction\":[{\"@type\":\"SearchAction\",\"target\":{\"@type\":\"EntryPoint\",\"urlTemplate\":\"https:\\\/\\\/kapim.com.tr\\\/?s={search_term_string}\"},\"query-input\":{\"@type\":\"PropertyValueSpecification\",\"valueRequired\":true,\"valueName\":\"search_term_string\"}}],\"inLanguage\":\"en-US\"}]}<\/script>\n<!-- \/ Yoast SEO plugin. -->","yoast_head_json":{"title":"Mixture Door Bergama Model - Kap\u0131m","robots":{"index":"index","follow":"follow","max-snippet":"max-snippet:-1","max-image-preview":"max-image-preview:large","max-video-preview":"max-video-preview:-1"},"canonical":"https:\/\/kapim.com.tr\/urun\/bergama\/","og_locale":"en_US","og_type":"article","og_title":"Mixture Door Bergama Model - Kap\u0131m","og_description":"What Can Be Added to the Model Bergama\u00a0  In cases where this model is preferred and a bulk order is given;   It can be made fire-resistant.  Sound insulation are added.  Door weight can be increased.  The casing are dimensioned.  The casings are notched.  Lock places are opened as desired.  45-degree cut door frames are adjusted.  Hinge places are opened as desired.  Guillotine cutting is applied.  The peephole location is opened.  CNC details are applied.","og_url":"https:\/\/kapim.com.tr\/urun\/bergama\/","og_site_name":"Kap\u0131m","article_modified_time":"2021-10-28T08:23:08+00:00","og_image":[{"width":1548,"height":1548,"url":"https:\/\/i0.wp.com\/kapim.com.tr\/wp-content\/uploads\/2021\/08\/Bergama.png?fit=1548%2C1548&ssl=1","type":"image\/png"}],"twitter_card":"summary_large_image","schema":{"@context":"https:\/\/schema.org","@graph":[{"@type":"WebPage","@id":"https:\/\/kapim.com.tr\/urun\/bergama\/","url":"https:\/\/kapim.com.tr\/urun\/bergama\/","name":"Mixture Door Bergama Model - Kap\u0131m","isPartOf":{"@id":"https:\/\/kapim.com.tr\/#website"},"primaryImageOfPage":{"@id":"https:\/\/kapim.com.tr\/urun\/bergama\/#primaryimage"},"image":{"@id":"https:\/\/kapim.com.tr\/urun\/bergama\/#primaryimage"},"thumbnailUrl":"https:\/\/i0.wp.com\/kapim.com.tr\/wp-content\/uploads\/2021\/08\/Bergama.png?fit=1548%2C1548&quality=80&ssl=1","datePublished":"2021-08-25T11:11:42+00:00","dateModified":"2021-10-28T08:23:08+00:00","breadcrumb":{"@id":"https:\/\/kapim.com.tr\/urun\/bergama\/#breadcrumb"},"inLanguage":"en-US","potentialAction":[{"@type":"ReadAction","target":["https:\/\/kapim.com.tr\/urun\/bergama\/"]}]},{"@type":"ImageObject","inLanguage":"en-US","@id":"https:\/\/kapim.com.tr\/urun\/bergama\/#primaryimage","url":"https:\/\/i0.wp.com\/kapim.com.tr\/wp-content\/uploads\/2021\/08\/Bergama.png?fit=1548%2C1548&quality=80&ssl=1","contentUrl":"https:\/\/i0.wp.com\/kapim.com.tr\/wp-content\/uploads\/2021\/08\/Bergama.png?fit=1548%2C1548&quality=80&ssl=1","width":1548,"height":1548},{"@type":"BreadcrumbList","@id":"https:\/\/kapim.com.tr\/urun\/bergama\/#breadcrumb","itemListElement":[{"@type":"ListItem","position":1,"name":"Ana Sayfa","item":"https:\/\/kapim.com.tr\/en\/"},{"@type":"ListItem","position":2,"name":"\u00dcr\u00fcnler","item":"https:\/\/kapim.com.tr\/urunler\/"},{"@type":"ListItem","position":3,"name":"Mixture Door Bergama Model"}]},{"@type":"WebSite","@id":"https:\/\/kapim.com.tr\/#website","url":"https:\/\/kapim.com.tr\/","name":"Kap\u0131m","description":"Hayalinize A\u00e7\u0131lan S\u0131cac\u0131k Bir Kap\u0131","potentialAction":[{"@type":"SearchAction","target":{"@type":"EntryPoint","urlTemplate":"https:\/\/kapim.com.tr\/?s={search_term_string}"},"query-input":{"@type":"PropertyValueSpecification","valueRequired":true,"valueName":"search_term_string"}}],"inLanguage":"en-US"}]}},"jetpack_sharing_enabled":true,"_links":{"self":[{"href":"https:\/\/kapim.com.tr\/en\/wp-json\/wp\/v2\/product\/17235","targetHints":{"allow":["GET"]}}],"collection":[{"href":"https:\/\/kapim.com.tr\/en\/wp-json\/wp\/v2\/product"}],"about":[{"href":"https:\/\/kapim.com.tr\/en\/wp-json\/wp\/v2\/types\/product"}],"replies":[{"embeddable":true,"href":"https:\/\/kapim.com.tr\/en\/wp-json\/wp\/v2\/comments?post=17235"}],"wp:featuredmedia":[{"embeddable":true,"href":"https:\/\/kapim.com.tr\/en\/wp-json\/wp\/v2\/media\/13866"}],"wp:attachment":[{"href":"https:\/\/kapim.com.tr\/en\/wp-json\/wp\/v2\/media?parent=17235"}],"wp:term":[{"taxonomy":"product_brand","embeddable":true,"href":"https:\/\/kapim.com.tr\/en\/wp-json\/wp\/v2\/product_brand?post=17235"},{"taxonomy":"product_cat","embeddable":true,"href":"https:\/\/kapim.com.tr\/en\/wp-json\/wp\/v2\/product_cat?post=17235"},{"taxonomy":"product_tag","embeddable":true,"href":"https:\/\/kapim.com.tr\/en\/wp-json\/wp\/v2\/product_tag?post=17235"}],"curies":[{"name":"wp","href":"https:\/\/api.w.org\/{rel}","templated":true}]}}