{"id":18237,"date":"2021-12-10T11:54:50","date_gmt":"2021-12-10T11:54:50","guid":{"rendered":"https:\/\/kapim.com.tr\/product\/merbau-baseboard\/"},"modified":"2022-06-08T08:11:02","modified_gmt":"2022-06-08T08:11:02","slug":"merbau-baseboard","status":"publish","type":"product","link":"https:\/\/kapim.com.tr\/en\/product\/merbau-baseboard\/","title":{"rendered":"Merbau Baseboard"},"content":{"rendered":"<div class=\"wpb-content-wrapper\"><p><strong><style data-type=\"vc_shortcodes-custom-css\">#wd-612a41a32b6ce .title-subtitle{line-height:26px;font-size:16px;color:#777777;}<\/style>[vc_row][vc_column]\n\t\t<div id=\"wd-612a41a32b6ce\" class=\"title-wrapper wd-wpb set-mb-s reset-last-child  wd-rs-612a41a32b6ce wd-title-color-default wd-title-style-default text-center  wd-width-enabled wd-underline-colored\" style=\"--wd-max-width: 90%;\">\n\t\t\t\t\t\t\t<div class=\"title-subtitle  subtitle-color-default font-default subtitle-style-default wd-font-weight-600 wd-fontsize-xs\">All Natural<\/div>\n\t\t\t\n\t\t\t<div class=\"liner-continer\">\n\t\t\t\t<h4 class=\"woodmart-title-container title  wd-font-weight- wd-fontsize-xl\" >Standard Veneers<\/h4>\n\t\t\t\t\t\t\t<\/div>\n\t\t\t\n\t\t\t\t\t\t\t<div class=\"title-after_title  set-cont-mb-s reset-last-child  wd-fontsize-s\">All coatings can be used in production based on demand. The following products represent only our standard production coatings.<\/div>\n\t\t\t\n\t\t\t\n\t\t<\/div>\n\t\t\n\t\t\t\t<div id=\"gallery_658\" class=\"wd-images-gallery wd-justify-center wd-items-middle view-carousel photoswipe-images wd-carousel-spacing-6 wd-carousel-container\" data-owl-carousel data-wrap=\"no\" data-hide_pagination_control=\"no\" data-hide_prev_next_buttons=\"yes\" data-desktop=\"8\" data-tablet_landscape=\"4\" data-tablet=\"3\" data-mobile=\"2\">\n\t\t\t<div class=\"gallery-images owl-carousel wd-owl owl-items-lg-8 owl-items-md-4 owl-items-sm-3 owl-items-xs-2\">\n\t\t\t\t\t\t\t\t\t\t\t\t\t\t\t<div class=\"wd-gallery-item\">\n\t\t\t\t\t\t\t\t\t\t\t\t\t\t<a href=\"https:\/\/i0.wp.com\/kapim.com.tr\/wp-content\/uploads\/2021\/08\/SAPELLI-HARELI-1.jpg?fit=500%2C690&#038;quality=89&#038;ssl=1\" data-elementor-open-lightbox=\"no\" data-index=\"1\" data-width=\"500\" data-height=\"690\"  >\n\t\t\t\t\t\t\t\t\n\t\t\t\t\t\t\t\t\t\t\t\t\t\t\t\t\t<img decoding=\"async\" class=\"wd-gallery-image image-1 \" src=\"https:\/\/i0.wp.com\/kapim.com.tr\/wp-content\/uploads\/2021\/08\/SAPELLI-HARELI-1-150x200.jpg\" width=\"150\" height=\"200\" alt=\"SAPELLI-HARELI\" title=\"SAPELLI-HARELI\" loading=\"lazy\" \/>\t\t\t\t\t\t\t\t\n\n\t\t\t\t\t\t\t\t\t\t\t\t\t\t\t<\/a>\n\t\t\t\t\t\t\t\t\t\t\t\t<\/div>\n\t\t\t\t\t\t\t\t\t\t\t<div class=\"wd-gallery-item\">\n\t\t\t\t\t\t\t\t\t\t\t\t\t\t<a href=\"https:\/\/i0.wp.com\/kapim.com.tr\/wp-content\/uploads\/2021\/08\/MESE-HARELI-1-1.jpg?fit=500%2C690&#038;quality=89&#038;ssl=1\" data-elementor-open-lightbox=\"no\" data-index=\"2\" data-width=\"500\" data-height=\"690\"  >\n\t\t\t\t\t\t\t\t\n\t\t\t\t\t\t\t\t\t\t\t\t\t\t\t\t\t<img decoding=\"async\" class=\"wd-gallery-image image-2 \" src=\"https:\/\/i0.wp.com\/kapim.com.tr\/wp-content\/uploads\/2021\/08\/MESE-HARELI-1-1-150x200.jpg\" width=\"150\" height=\"200\" alt=\"MESE-HARELI-1\" title=\"MESE-HARELI-1\" loading=\"lazy\" \/>\t\t\t\t\t\t\t\t\n\n\t\t\t\t\t\t\t\t\t\t\t\t\t\t\t<\/a>\n\t\t\t\t\t\t\t\t\t\t\t\t<\/div>\n\t\t\t\t\t\t\t\t\t\t\t<div class=\"wd-gallery-item\">\n\t\t\t\t\t\t\t\t\t\t\t\t\t\t<a href=\"https:\/\/i0.wp.com\/kapim.com.tr\/wp-content\/uploads\/2021\/08\/MESE-FREZE-1.jpg?fit=500%2C690&#038;quality=89&#038;ssl=1\" data-elementor-open-lightbox=\"no\" data-index=\"3\" data-width=\"500\" data-height=\"690\"  >\n\t\t\t\t\t\t\t\t\n\t\t\t\t\t\t\t\t\t\t\t\t\t\t\t\t\t<img decoding=\"async\" class=\"wd-gallery-image image-3 \" src=\"https:\/\/i0.wp.com\/kapim.com.tr\/wp-content\/uploads\/2021\/08\/MESE-FREZE-1-150x200.jpg\" width=\"150\" height=\"200\" alt=\"MESE-FREZE\" title=\"MESE-FREZE\" loading=\"lazy\" \/>\t\t\t\t\t\t\t\t\n\n\t\t\t\t\t\t\t\t\t\t\t\t\t\t\t<\/a>\n\t\t\t\t\t\t\t\t\t\t\t\t<\/div>\n\t\t\t\t\t\t\t\t\t\t\t<div class=\"wd-gallery-item\">\n\t\t\t\t\t\t\t\t\t\t\t\t\t\t<a href=\"https:\/\/i0.wp.com\/kapim.com.tr\/wp-content\/uploads\/2021\/08\/KIRMIZI-MESE-HARELI-1.jpg?fit=500%2C690&#038;quality=89&#038;ssl=1\" data-elementor-open-lightbox=\"no\" data-index=\"4\" data-width=\"500\" data-height=\"690\"  >\n\t\t\t\t\t\t\t\t\n\t\t\t\t\t\t\t\t\t\t\t\t\t\t\t\t\t<img decoding=\"async\" class=\"wd-gallery-image image-4 \" src=\"https:\/\/i0.wp.com\/kapim.com.tr\/wp-content\/uploads\/2021\/08\/KIRMIZI-MESE-HARELI-1-150x200.jpg\" width=\"150\" height=\"200\" alt=\"KIRMIZI-MESE-HARELI\" title=\"KIRMIZI-MESE-HARELI\" loading=\"lazy\" \/>\t\t\t\t\t\t\t\t\n\n\t\t\t\t\t\t\t\t\t\t\t\t\t\t\t<\/a>\n\t\t\t\t\t\t\t\t\t\t\t\t<\/div>\n\t\t\t\t\t\t\t\t\t\t\t<div class=\"wd-gallery-item\">\n\t\t\t\t\t\t\t\t\t\t\t\t\t\t<a href=\"https:\/\/i0.wp.com\/kapim.com.tr\/wp-content\/uploads\/2021\/08\/TEAK-FREZE-1-1.jpg?fit=500%2C690&#038;quality=89&#038;ssl=1\" data-elementor-open-lightbox=\"no\" data-index=\"5\" data-width=\"500\" data-height=\"690\"  >\n\t\t\t\t\t\t\t\t\n\t\t\t\t\t\t\t\t\t\t\t\t\t\t\t\t\t<img decoding=\"async\" class=\"wd-gallery-image image-5 \" src=\"https:\/\/i0.wp.com\/kapim.com.tr\/wp-content\/uploads\/2021\/08\/TEAK-FREZE-1-1-150x200.jpg\" width=\"150\" height=\"200\" alt=\"TEAK-FREZE-1\" title=\"TEAK-FREZE-1\" loading=\"lazy\" \/>\t\t\t\t\t\t\t\t\n\n\t\t\t\t\t\t\t\t\t\t\t\t\t\t\t<\/a>\n\t\t\t\t\t\t\t\t\t\t\t\t<\/div>\n\t\t\t\t\t\t\t\t\t\t\t<div class=\"wd-gallery-item\">\n\t\t\t\t\t\t\t\t\t\t\t\t\t\t<a href=\"https:\/\/i0.wp.com\/kapim.com.tr\/wp-content\/uploads\/2021\/08\/CEVIZ-MAZEL-1-1.jpg?fit=500%2C690&#038;quality=89&#038;ssl=1\" data-elementor-open-lightbox=\"no\" data-index=\"6\" data-width=\"500\" data-height=\"690\"  >\n\t\t\t\t\t\t\t\t\n\t\t\t\t\t\t\t\t\t\t\t\t\t\t\t\t\t<img decoding=\"async\" class=\"wd-gallery-image image-6 \" src=\"https:\/\/i0.wp.com\/kapim.com.tr\/wp-content\/uploads\/2021\/08\/CEVIZ-MAZEL-1-1-150x200.jpg\" width=\"150\" height=\"200\" alt=\"CEVIZ-MAZEL-1\" title=\"CEVIZ-MAZEL-1\" loading=\"lazy\" \/>\t\t\t\t\t\t\t\t\n\n\t\t\t\t\t\t\t\t\t\t\t\t\t\t\t<\/a>\n\t\t\t\t\t\t\t\t\t\t\t\t<\/div>\n\t\t\t\t\t\t\t\t\t\t\t<div class=\"wd-gallery-item\">\n\t\t\t\t\t\t\t\t\t\t\t\t\t\t<a href=\"https:\/\/i0.wp.com\/kapim.com.tr\/wp-content\/uploads\/2021\/08\/IRAKO-1-1.jpg?fit=500%2C690&#038;quality=89&#038;ssl=1\" data-elementor-open-lightbox=\"no\" data-index=\"7\" data-width=\"500\" data-height=\"690\"  >\n\t\t\t\t\t\t\t\t\n\t\t\t\t\t\t\t\t\t\t\t\t\t\t\t\t\t<img decoding=\"async\" class=\"wd-gallery-image image-7 \" src=\"https:\/\/i0.wp.com\/kapim.com.tr\/wp-content\/uploads\/2021\/08\/IRAKO-1-1-150x200.jpg\" width=\"150\" height=\"200\" alt=\"IRAKO-1\" title=\"IRAKO-1\" loading=\"lazy\" \/>\t\t\t\t\t\t\t\t\n\n\t\t\t\t\t\t\t\t\t\t\t\t\t\t\t<\/a>\n\t\t\t\t\t\t\t\t\t\t\t\t<\/div>\n\t\t\t\t\t\t\t\t\t\t\t<div class=\"wd-gallery-item\">\n\t\t\t\t\t\t\t\t\t\t\t\t\t\t<a href=\"https:\/\/i0.wp.com\/kapim.com.tr\/wp-content\/uploads\/2021\/08\/DISBUDAK-FREZE-1.jpg?fit=500%2C690&#038;quality=89&#038;ssl=1\" data-elementor-open-lightbox=\"no\" data-index=\"8\" data-width=\"500\" data-height=\"690\"  >\n\t\t\t\t\t\t\t\t\n\t\t\t\t\t\t\t\t\t\t\t\t\t\t\t\t\t<img decoding=\"async\" class=\"wd-gallery-image image-8 \" src=\"https:\/\/i0.wp.com\/kapim.com.tr\/wp-content\/uploads\/2021\/08\/DISBUDAK-FREZE-1-150x200.jpg\" width=\"150\" height=\"200\" alt=\"DISBUDAK-FREZE\" title=\"DISBUDAK-FREZE\" loading=\"lazy\" \/>\t\t\t\t\t\t\t\t\n\n\t\t\t\t\t\t\t\t\t\t\t\t\t\t\t<\/a>\n\t\t\t\t\t\t\t\t\t\t\t\t<\/div>\n\t\t\t\t\t\t\t\t\t\t\t<div class=\"wd-gallery-item\">\n\t\t\t\t\t\t\t\t\t\t\t\t\t\t<a href=\"https:\/\/i0.wp.com\/kapim.com.tr\/wp-content\/uploads\/2021\/08\/DISBUDAK-HARELI-1-2.jpg?fit=500%2C690&#038;quality=89&#038;ssl=1\" data-elementor-open-lightbox=\"no\" data-index=\"9\" data-width=\"500\" data-height=\"690\"  >\n\t\t\t\t\t\t\t\t\n\t\t\t\t\t\t\t\t\t\t\t\t\t\t\t\t\t<img decoding=\"async\" class=\"wd-gallery-image image-9 \" src=\"https:\/\/i0.wp.com\/kapim.com.tr\/wp-content\/uploads\/2021\/08\/DISBUDAK-HARELI-1-2-150x200.jpg\" width=\"150\" height=\"200\" alt=\"DISBUDAK-HARELI-1\" title=\"DISBUDAK-HARELI-1\" loading=\"lazy\" \/>\t\t\t\t\t\t\t\t\n\n\t\t\t\t\t\t\t\t\t\t\t\t\t\t\t<\/a>\n\t\t\t\t\t\t\t\t\t\t\t\t<\/div>\n\t\t\t\t\t\t\t\t\t\t\t<div class=\"wd-gallery-item\">\n\t\t\t\t\t\t\t\t\t\t\t\t\t\t<a href=\"https:\/\/i0.wp.com\/kapim.com.tr\/wp-content\/uploads\/2021\/08\/AYOUS-1-1.jpg?fit=500%2C690&#038;quality=89&#038;ssl=1\" data-elementor-open-lightbox=\"no\" data-index=\"10\" data-width=\"500\" data-height=\"690\"  >\n\t\t\t\t\t\t\t\t\n\t\t\t\t\t\t\t\t\t\t\t\t\t\t\t\t\t<img decoding=\"async\" class=\"wd-gallery-image image-10 \" src=\"https:\/\/i0.wp.com\/kapim.com.tr\/wp-content\/uploads\/2021\/08\/AYOUS-1-1-150x200.jpg\" width=\"150\" height=\"200\" alt=\"AYOUS-1\" title=\"AYOUS-1\" loading=\"lazy\" \/>\t\t\t\t\t\t\t\t\n\n\t\t\t\t\t\t\t\t\t\t\t\t\t\t\t<\/a>\n\t\t\t\t\t\t\t\t\t\t\t\t<\/div>\n\t\t\t\t\t\t\t\t\t\t\t<div class=\"wd-gallery-item\">\n\t\t\t\t\t\t\t\t\t\t\t\t\t\t<a href=\"https:\/\/i0.wp.com\/kapim.com.tr\/wp-content\/uploads\/2021\/08\/AMERIKAN-CEVIZ-HARELI-1.jpg?fit=500%2C690&#038;quality=89&#038;ssl=1\" data-elementor-open-lightbox=\"no\" data-index=\"11\" data-width=\"500\" data-height=\"690\"  >\n\t\t\t\t\t\t\t\t\n\t\t\t\t\t\t\t\t\t\t\t\t\t\t\t\t\t<img decoding=\"async\" class=\"wd-gallery-image image-11 \" src=\"https:\/\/i0.wp.com\/kapim.com.tr\/wp-content\/uploads\/2021\/08\/AMERIKAN-CEVIZ-HARELI-1-150x200.jpg\" width=\"150\" height=\"200\" alt=\"AMERIKAN-CEVIZ-HARELI\" title=\"AMERIKAN-CEVIZ-HARELI\" loading=\"lazy\" \/>\t\t\t\t\t\t\t\t\n\n\t\t\t\t\t\t\t\t\t\t\t\t\t\t\t<\/a>\n\t\t\t\t\t\t\t\t\t\t\t\t<\/div>\n\t\t\t\t\t\t\t\t\t\t\t<div class=\"wd-gallery-item\">\n\t\t\t\t\t\t\t\t\t\t\t\t\t\t<a href=\"https:\/\/i0.wp.com\/kapim.com.tr\/wp-content\/uploads\/2021\/08\/AMERIKAN-CEVIZ-FREZE-1.jpg?fit=500%2C690&#038;quality=89&#038;ssl=1\" data-elementor-open-lightbox=\"no\" data-index=\"12\" data-width=\"500\" data-height=\"690\"  >\n\t\t\t\t\t\t\t\t\n\t\t\t\t\t\t\t\t\t\t\t\t\t\t\t\t\t<img decoding=\"async\" class=\"wd-gallery-image image-12 \" src=\"https:\/\/i0.wp.com\/kapim.com.tr\/wp-content\/uploads\/2021\/08\/AMERIKAN-CEVIZ-FREZE-1-150x200.jpg\" width=\"150\" height=\"200\" alt=\"AMERIKAN-CEVIZ-FREZE\" title=\"AMERIKAN-CEVIZ-FREZE\" loading=\"lazy\" \/>\t\t\t\t\t\t\t\t\n\n\t\t\t\t\t\t\t\t\t\t\t\t\t\t\t<\/a>\n\t\t\t\t\t\t\t\t\t\t\t\t<\/div>\n\t\t\t\t\t\t\t\t\t\t\t<div class=\"wd-gallery-item\">\n\t\t\t\t\t\t\t\t\t\t\t\t\t\t<a href=\"https:\/\/i0.wp.com\/kapim.com.tr\/wp-content\/uploads\/2021\/08\/AFRORMOSIA-2-1.jpg?fit=500%2C690&#038;quality=89&#038;ssl=1\" data-elementor-open-lightbox=\"no\" data-index=\"13\" data-width=\"500\" data-height=\"690\"  >\n\t\t\t\t\t\t\t\t\n\t\t\t\t\t\t\t\t\t\t\t\t\t\t\t\t\t<img decoding=\"async\" class=\"wd-gallery-image image-13 \" src=\"https:\/\/i0.wp.com\/kapim.com.tr\/wp-content\/uploads\/2021\/08\/AFRORMOSIA-2-1-150x200.jpg\" width=\"150\" height=\"200\" alt=\"AFRORMOSIA-2\" title=\"AFRORMOSIA-2\" loading=\"lazy\" \/>\t\t\t\t\t\t\t\t\n\n\t\t\t\t\t\t\t\t\t\t\t\t\t\t\t<\/a>\n\t\t\t\t\t\t\t\t\t\t\t\t<\/div>\n\t\t\t\t\t\t\t\t\t\t\t<div class=\"wd-gallery-item\">\n\t\t\t\t\t\t\t\t\t\t\t\t\t\t<a href=\"https:\/\/i0.wp.com\/kapim.com.tr\/wp-content\/uploads\/2021\/08\/TEAK-HARELI-1.jpg?fit=500%2C690&#038;quality=89&#038;ssl=1\" data-elementor-open-lightbox=\"no\" data-index=\"14\" data-width=\"500\" data-height=\"690\"  >\n\t\t\t\t\t\t\t\t\n\t\t\t\t\t\t\t\t\t\t\t\t\t\t\t\t\t<img decoding=\"async\" class=\"wd-gallery-image image-14 \" src=\"https:\/\/i0.wp.com\/kapim.com.tr\/wp-content\/uploads\/2021\/08\/TEAK-HARELI-1-150x200.jpg\" width=\"150\" height=\"200\" alt=\"TEAK-HARELI\" title=\"TEAK-HARELI\" loading=\"lazy\" \/>\t\t\t\t\t\t\t\t\n\n\t\t\t\t\t\t\t\t\t\t\t\t\t\t\t<\/a>\n\t\t\t\t\t\t\t\t\t\t\t\t<\/div>\n\t\t\t\t\t\t\t\t\t\t\t<div class=\"wd-gallery-item\">\n\t\t\t\t\t\t\t\t\t\t\t\t\t\t<a href=\"https:\/\/i0.wp.com\/kapim.com.tr\/wp-content\/uploads\/2021\/08\/KIRMIZI-MESE-FREZE-1.jpg?fit=500%2C690&#038;quality=89&#038;ssl=1\" data-elementor-open-lightbox=\"no\" data-index=\"15\" data-width=\"500\" data-height=\"690\"  >\n\t\t\t\t\t\t\t\t\n\t\t\t\t\t\t\t\t\t\t\t\t\t\t\t\t\t<img decoding=\"async\" class=\"wd-gallery-image image-15 \" src=\"https:\/\/i0.wp.com\/kapim.com.tr\/wp-content\/uploads\/2021\/08\/KIRMIZI-MESE-FREZE-1-150x200.jpg\" width=\"150\" height=\"200\" alt=\"KIRMIZI-MESE-FREZE\" title=\"KIRMIZI-MESE-FREZE\" loading=\"lazy\" \/>\t\t\t\t\t\t\t\t\n\n\t\t\t\t\t\t\t\t\t\t\t\t\t\t\t<\/a>\n\t\t\t\t\t\t\t\t\t\t\t\t<\/div>\n\t\t\t\t\t\t\t\t\t\t\t<div class=\"wd-gallery-item\">\n\t\t\t\t\t\t\t\t\t\t\t\t\t\t<a href=\"https:\/\/i0.wp.com\/kapim.com.tr\/wp-content\/uploads\/2021\/08\/KAVAK-MAZEL-1.jpg?fit=500%2C690&#038;quality=89&#038;ssl=1\" data-elementor-open-lightbox=\"no\" data-index=\"16\" data-width=\"500\" data-height=\"690\"  >\n\t\t\t\t\t\t\t\t\n\t\t\t\t\t\t\t\t\t\t\t\t\t\t\t\t\t<img decoding=\"async\" class=\"wd-gallery-image image-16 \" src=\"https:\/\/i0.wp.com\/kapim.com.tr\/wp-content\/uploads\/2021\/08\/KAVAK-MAZEL-1-150x200.jpg\" width=\"150\" height=\"200\" alt=\"KAVAK-MAZEL\" title=\"KAVAK-MAZEL\" loading=\"lazy\" \/>\t\t\t\t\t\t\t\t\n\n\t\t\t\t\t\t\t\t\t\t\t\t\t\t\t<\/a>\n\t\t\t\t\t\t\t\t\t\t\t\t<\/div>\n\t\t\t\t\t\t\t\t\t\t\t<div class=\"wd-gallery-item\">\n\t\t\t\t\t\t\t\t\t\t\t\t\t\t<a href=\"https:\/\/i0.wp.com\/kapim.com.tr\/wp-content\/uploads\/2021\/08\/MACASSAR-ABANOZ-1.jpg?fit=500%2C690&#038;quality=89&#038;ssl=1\" data-elementor-open-lightbox=\"no\" data-index=\"17\" data-width=\"500\" data-height=\"690\"  >\n\t\t\t\t\t\t\t\t\n\t\t\t\t\t\t\t\t\t\t\t\t\t\t\t\t\t<img decoding=\"async\" class=\"wd-gallery-image image-17 \" src=\"https:\/\/i0.wp.com\/kapim.com.tr\/wp-content\/uploads\/2021\/08\/MACASSAR-ABANOZ-1-150x200.jpg\" width=\"150\" height=\"200\" alt=\"MACASSAR-ABANOZ\" title=\"MACASSAR-ABANOZ\" loading=\"lazy\" \/>\t\t\t\t\t\t\t\t\n\n\t\t\t\t\t\t\t\t\t\t\t\t\t\t\t<\/a>\n\t\t\t\t\t\t\t\t\t\t\t\t<\/div>\n\t\t\t\t\t\t\t\t\t\t\t<div class=\"wd-gallery-item\">\n\t\t\t\t\t\t\t\t\t\t\t\t\t\t<a href=\"https:\/\/i0.wp.com\/kapim.com.tr\/wp-content\/uploads\/2021\/08\/SIPO-1-1.jpg?fit=500%2C690&#038;quality=89&#038;ssl=1\" data-elementor-open-lightbox=\"no\" data-index=\"18\" data-width=\"500\" data-height=\"690\"  >\n\t\t\t\t\t\t\t\t\n\t\t\t\t\t\t\t\t\t\t\t\t\t\t\t\t\t<img decoding=\"async\" class=\"wd-gallery-image image-18 \" src=\"https:\/\/i0.wp.com\/kapim.com.tr\/wp-content\/uploads\/2021\/08\/SIPO-1-1-150x200.jpg\" width=\"150\" height=\"200\" alt=\"SIPO-1\" title=\"SIPO-1\" loading=\"lazy\" \/>\t\t\t\t\t\t\t\t\n\n\t\t\t\t\t\t\t\t\t\t\t\t\t\t\t<\/a>\n\t\t\t\t\t\t\t\t\t\t\t\t<\/div>\n\t\t\t\t\t\t\t\t\t\t\t<div class=\"wd-gallery-item\">\n\t\t\t\t\t\t\t\t\t\t\t\t\t\t<a href=\"https:\/\/i0.wp.com\/kapim.com.tr\/wp-content\/uploads\/2021\/08\/SANTOS-1.jpg?fit=500%2C690&#038;quality=89&#038;ssl=1\" data-elementor-open-lightbox=\"no\" data-index=\"19\" data-width=\"500\" data-height=\"690\"  >\n\t\t\t\t\t\t\t\t\n\t\t\t\t\t\t\t\t\t\t\t\t\t\t\t\t\t<img decoding=\"async\" class=\"wd-gallery-image image-19 \" src=\"https:\/\/i0.wp.com\/kapim.com.tr\/wp-content\/uploads\/2021\/08\/SANTOS-1-150x200.jpg\" width=\"150\" height=\"200\" alt=\"SANTOS\" title=\"SANTOS\" loading=\"lazy\" \/>\t\t\t\t\t\t\t\t\n\n\t\t\t\t\t\t\t\t\t\t\t\t\t\t\t<\/a>\n\t\t\t\t\t\t\t\t\t\t\t\t<\/div>\n\t\t\t\t\t\t\t\t\t\t\t<div class=\"wd-gallery-item\">\n\t\t\t\t\t\t\t\t\t\t\t\t\t\t<a href=\"https:\/\/i0.wp.com\/kapim.com.tr\/wp-content\/uploads\/2021\/08\/AMARA-ABANOZ-1.jpg?fit=500%2C690&#038;quality=89&#038;ssl=1\" data-elementor-open-lightbox=\"no\" data-index=\"20\" data-width=\"500\" data-height=\"690\"  >\n\t\t\t\t\t\t\t\t\n\t\t\t\t\t\t\t\t\t\t\t\t\t\t\t\t\t<img decoding=\"async\" class=\"wd-gallery-image image-20 \" src=\"https:\/\/i0.wp.com\/kapim.com.tr\/wp-content\/uploads\/2021\/08\/AMARA-ABANOZ-1-150x200.jpg\" width=\"150\" height=\"200\" alt=\"AMARA-ABANOZ\" title=\"AMARA-ABANOZ\" loading=\"lazy\" \/>\t\t\t\t\t\t\t\t\n\n\t\t\t\t\t\t\t\t\t\t\t\t\t\t\t<\/a>\n\t\t\t\t\t\t\t\t\t\t\t\t<\/div>\n\t\t\t\t\t\t\t\t\t\t\t<div class=\"wd-gallery-item\">\n\t\t\t\t\t\t\t\t\t\t\t\t\t\t<a href=\"https:\/\/i0.wp.com\/kapim.com.tr\/wp-content\/uploads\/2021\/08\/TIGER-WOOD-1.jpg?fit=500%2C690&#038;quality=89&#038;ssl=1\" data-elementor-open-lightbox=\"no\" data-index=\"21\" data-width=\"500\" data-height=\"690\"  >\n\t\t\t\t\t\t\t\t\n\t\t\t\t\t\t\t\t\t\t\t\t\t\t\t\t\t<img decoding=\"async\" class=\"wd-gallery-image image-21 \" src=\"https:\/\/i0.wp.com\/kapim.com.tr\/wp-content\/uploads\/2021\/08\/TIGER-WOOD-1-150x200.jpg\" width=\"150\" height=\"200\" alt=\"TIGER-WOOD\" title=\"TIGER-WOOD\" loading=\"lazy\" \/>\t\t\t\t\t\t\t\t\n\n\t\t\t\t\t\t\t\t\t\t\t\t\t\t\t<\/a>\n\t\t\t\t\t\t\t\t\t\t\t\t<\/div>\n\t\t\t\t\t\t\t\t\t\t\t<div class=\"wd-gallery-item\">\n\t\t\t\t\t\t\t\t\t\t\t\t\t\t<a href=\"https:\/\/i0.wp.com\/kapim.com.tr\/wp-content\/uploads\/2021\/08\/TUTSULENMIS-MESE-1.jpg?fit=500%2C690&#038;quality=89&#038;ssl=1\" data-elementor-open-lightbox=\"no\" data-index=\"22\" data-width=\"500\" data-height=\"690\"  >\n\t\t\t\t\t\t\t\t\n\t\t\t\t\t\t\t\t\t\t\t\t\t\t\t\t\t<img decoding=\"async\" class=\"wd-gallery-image image-22 \" src=\"https:\/\/i0.wp.com\/kapim.com.tr\/wp-content\/uploads\/2021\/08\/TUTSULENMIS-MESE-1-150x200.jpg\" width=\"150\" height=\"200\" alt=\"TUTSULENMIS-MESE\" title=\"TUTSULENMIS-MESE\" loading=\"lazy\" \/>\t\t\t\t\t\t\t\t\n\n\t\t\t\t\t\t\t\t\t\t\t\t\t\t\t<\/a>\n\t\t\t\t\t\t\t\t\t\t\t\t<\/div>\n\t\t\t\t\t\t\t\t\t\t\t<div class=\"wd-gallery-item\">\n\t\t\t\t\t\t\t\t\t\t\t\t\t\t<a href=\"https:\/\/i0.wp.com\/kapim.com.tr\/wp-content\/uploads\/2021\/08\/VENGE-1-1.jpg?fit=500%2C690&#038;quality=89&#038;ssl=1\" data-elementor-open-lightbox=\"no\" data-index=\"23\" data-width=\"500\" data-height=\"690\"  >\n\t\t\t\t\t\t\t\t\n\t\t\t\t\t\t\t\t\t\t\t\t\t\t\t\t\t<img decoding=\"async\" class=\"wd-gallery-image image-23 \" src=\"https:\/\/i0.wp.com\/kapim.com.tr\/wp-content\/uploads\/2021\/08\/VENGE-1-1-150x200.jpg\" width=\"150\" height=\"200\" alt=\"VENGE-1\" title=\"VENGE-1\" loading=\"lazy\" \/>\t\t\t\t\t\t\t\t\n\n\t\t\t\t\t\t\t\t\t\t\t\t\t\t\t<\/a>\n\t\t\t\t\t\t\t\t\t\t\t\t<\/div>\n\t\t\t\t\t\t\t\t\t\t\t<div class=\"wd-gallery-item\">\n\t\t\t\t\t\t\t\t\t\t\t\t\t\t<a href=\"https:\/\/i0.wp.com\/kapim.com.tr\/wp-content\/uploads\/2021\/08\/DUKA-1.jpg?fit=500%2C690&#038;quality=89&#038;ssl=1\" data-elementor-open-lightbox=\"no\" data-index=\"24\" data-width=\"500\" data-height=\"690\"  >\n\t\t\t\t\t\t\t\t\n\t\t\t\t\t\t\t\t\t\t\t\t\t\t\t\t\t<img decoding=\"async\" class=\"wd-gallery-image image-24 \" src=\"https:\/\/i0.wp.com\/kapim.com.tr\/wp-content\/uploads\/2021\/08\/DUKA-1-150x200.jpg\" width=\"150\" height=\"200\" alt=\"DUKA\" title=\"DUKA\" loading=\"lazy\" \/>\t\t\t\t\t\t\t\t\n\n\t\t\t\t\t\t\t\t\t\t\t\t\t\t\t<\/a>\n\t\t\t\t\t\t\t\t\t\t\t\t<\/div>\n\t\t\t\t\t\t\t\t\t\t\t\t<\/div>\n\t\t<\/div>\n\t\t\t\t[\/vc_column][\/vc_row]<\/strong><\/p>\n<\/div>","protected":false},"excerpt":{"rendered":"[vc_row][vc_column] All Natural Standard Veneers All coatings can be used in production based on demand. The following products represent only","protected":false},"featured_media":18203,"comment_status":"open","ping_status":"closed","template":"","meta":{"content-type":"","_joinchat":[]},"product_brand":[],"product_cat":[217,466],"product_tag":[],"class_list":{"0":"post-18237","1":"product","2":"type-product","3":"status-publish","4":"has-post-thumbnail","6":"product_cat-door-spare-part","7":"product_cat-wooden-door-baseboard","9":"first","10":"instock","11":"shipping-taxable","12":"product-type-simple"},"yoast_head":"<!-- This site is optimized with the Yoast SEO plugin v27.4 - https:\/\/yoast.com\/product\/yoast-seo-wordpress\/ -->\n<title>Merbau Baseboard - Kap\u0131m<\/title>\n<meta name=\"robots\" content=\"index, follow, max-snippet:-1, max-image-preview:large, max-video-preview:-1\" \/>\n<link rel=\"canonical\" href=\"https:\/\/kapim.com.tr\/urun\/merbau-supurgelik\/\" \/>\n<meta property=\"og:locale\" content=\"en_US\" \/>\n<meta property=\"og:type\" content=\"article\" \/>\n<meta property=\"og:title\" content=\"Merbau Baseboard - Kap\u0131m\" \/>\n<meta property=\"og:url\" content=\"https:\/\/kapim.com.tr\/urun\/merbau-supurgelik\/\" \/>\n<meta property=\"og:site_name\" content=\"Kap\u0131m\" \/>\n<meta property=\"article:modified_time\" content=\"2022-06-08T08:11:02+00:00\" \/>\n<meta property=\"og:image\" content=\"https:\/\/i0.wp.com\/kapim.com.tr\/wp-content\/uploads\/2021\/12\/Merbau.png?fit=1024%2C1024&ssl=1\" \/>\n\t<meta property=\"og:image:width\" content=\"1024\" \/>\n\t<meta property=\"og:image:height\" content=\"1024\" \/>\n\t<meta property=\"og:image:type\" content=\"image\/png\" \/>\n<meta name=\"twitter:card\" content=\"summary_large_image\" \/>\n<meta name=\"twitter:label1\" content=\"Est. reading time\" \/>\n\t<meta name=\"twitter:data1\" content=\"1 minute\" \/>\n<script type=\"application\/ld+json\" class=\"yoast-schema-graph\">{\"@context\":\"https:\\\/\\\/schema.org\",\"@graph\":[{\"@type\":\"WebPage\",\"@id\":\"https:\\\/\\\/kapim.com.tr\\\/urun\\\/merbau-supurgelik\\\/\",\"url\":\"https:\\\/\\\/kapim.com.tr\\\/urun\\\/merbau-supurgelik\\\/\",\"name\":\"Merbau Baseboard - Kap\u0131m\",\"isPartOf\":{\"@id\":\"https:\\\/\\\/kapim.com.tr\\\/#website\"},\"primaryImageOfPage\":{\"@id\":\"https:\\\/\\\/kapim.com.tr\\\/urun\\\/merbau-supurgelik\\\/#primaryimage\"},\"image\":{\"@id\":\"https:\\\/\\\/kapim.com.tr\\\/urun\\\/merbau-supurgelik\\\/#primaryimage\"},\"thumbnailUrl\":\"https:\\\/\\\/i0.wp.com\\\/kapim.com.tr\\\/wp-content\\\/uploads\\\/2021\\\/12\\\/Merbau.png?fit=1024%2C1024&quality=80&ssl=1\",\"datePublished\":\"2021-12-10T11:54:50+00:00\",\"dateModified\":\"2022-06-08T08:11:02+00:00\",\"breadcrumb\":{\"@id\":\"https:\\\/\\\/kapim.com.tr\\\/urun\\\/merbau-supurgelik\\\/#breadcrumb\"},\"inLanguage\":\"en-US\",\"potentialAction\":[{\"@type\":\"ReadAction\",\"target\":[\"https:\\\/\\\/kapim.com.tr\\\/urun\\\/merbau-supurgelik\\\/\"]}]},{\"@type\":\"ImageObject\",\"inLanguage\":\"en-US\",\"@id\":\"https:\\\/\\\/kapim.com.tr\\\/urun\\\/merbau-supurgelik\\\/#primaryimage\",\"url\":\"https:\\\/\\\/i0.wp.com\\\/kapim.com.tr\\\/wp-content\\\/uploads\\\/2021\\\/12\\\/Merbau.png?fit=1024%2C1024&quality=80&ssl=1\",\"contentUrl\":\"https:\\\/\\\/i0.wp.com\\\/kapim.com.tr\\\/wp-content\\\/uploads\\\/2021\\\/12\\\/Merbau.png?fit=1024%2C1024&quality=80&ssl=1\",\"width\":1024,\"height\":1024,\"caption\":\"merbau baseboard\"},{\"@type\":\"BreadcrumbList\",\"@id\":\"https:\\\/\\\/kapim.com.tr\\\/urun\\\/merbau-supurgelik\\\/#breadcrumb\",\"itemListElement\":[{\"@type\":\"ListItem\",\"position\":1,\"name\":\"Ana Sayfa\",\"item\":\"https:\\\/\\\/kapim.com.tr\\\/en\\\/\"},{\"@type\":\"ListItem\",\"position\":2,\"name\":\"\u00dcr\u00fcnler\",\"item\":\"https:\\\/\\\/kapim.com.tr\\\/urunler\\\/\"},{\"@type\":\"ListItem\",\"position\":3,\"name\":\"Merbau Baseboard\"}]},{\"@type\":\"WebSite\",\"@id\":\"https:\\\/\\\/kapim.com.tr\\\/#website\",\"url\":\"https:\\\/\\\/kapim.com.tr\\\/\",\"name\":\"Kap\u0131m\",\"description\":\"Hayalinize A\u00e7\u0131lan S\u0131cac\u0131k Bir Kap\u0131\",\"potentialAction\":[{\"@type\":\"SearchAction\",\"target\":{\"@type\":\"EntryPoint\",\"urlTemplate\":\"https:\\\/\\\/kapim.com.tr\\\/?s={search_term_string}\"},\"query-input\":{\"@type\":\"PropertyValueSpecification\",\"valueRequired\":true,\"valueName\":\"search_term_string\"}}],\"inLanguage\":\"en-US\"}]}<\/script>\n<!-- \/ Yoast SEO plugin. -->","yoast_head_json":{"title":"Merbau Baseboard - Kap\u0131m","robots":{"index":"index","follow":"follow","max-snippet":"max-snippet:-1","max-image-preview":"max-image-preview:large","max-video-preview":"max-video-preview:-1"},"canonical":"https:\/\/kapim.com.tr\/urun\/merbau-supurgelik\/","og_locale":"en_US","og_type":"article","og_title":"Merbau Baseboard - Kap\u0131m","og_url":"https:\/\/kapim.com.tr\/urun\/merbau-supurgelik\/","og_site_name":"Kap\u0131m","article_modified_time":"2022-06-08T08:11:02+00:00","og_image":[{"width":1024,"height":1024,"url":"https:\/\/i0.wp.com\/kapim.com.tr\/wp-content\/uploads\/2021\/12\/Merbau.png?fit=1024%2C1024&ssl=1","type":"image\/png"}],"twitter_card":"summary_large_image","twitter_misc":{"Est. reading time":"1 minute"},"schema":{"@context":"https:\/\/schema.org","@graph":[{"@type":"WebPage","@id":"https:\/\/kapim.com.tr\/urun\/merbau-supurgelik\/","url":"https:\/\/kapim.com.tr\/urun\/merbau-supurgelik\/","name":"Merbau Baseboard - Kap\u0131m","isPartOf":{"@id":"https:\/\/kapim.com.tr\/#website"},"primaryImageOfPage":{"@id":"https:\/\/kapim.com.tr\/urun\/merbau-supurgelik\/#primaryimage"},"image":{"@id":"https:\/\/kapim.com.tr\/urun\/merbau-supurgelik\/#primaryimage"},"thumbnailUrl":"https:\/\/i0.wp.com\/kapim.com.tr\/wp-content\/uploads\/2021\/12\/Merbau.png?fit=1024%2C1024&quality=80&ssl=1","datePublished":"2021-12-10T11:54:50+00:00","dateModified":"2022-06-08T08:11:02+00:00","breadcrumb":{"@id":"https:\/\/kapim.com.tr\/urun\/merbau-supurgelik\/#breadcrumb"},"inLanguage":"en-US","potentialAction":[{"@type":"ReadAction","target":["https:\/\/kapim.com.tr\/urun\/merbau-supurgelik\/"]}]},{"@type":"ImageObject","inLanguage":"en-US","@id":"https:\/\/kapim.com.tr\/urun\/merbau-supurgelik\/#primaryimage","url":"https:\/\/i0.wp.com\/kapim.com.tr\/wp-content\/uploads\/2021\/12\/Merbau.png?fit=1024%2C1024&quality=80&ssl=1","contentUrl":"https:\/\/i0.wp.com\/kapim.com.tr\/wp-content\/uploads\/2021\/12\/Merbau.png?fit=1024%2C1024&quality=80&ssl=1","width":1024,"height":1024,"caption":"merbau baseboard"},{"@type":"BreadcrumbList","@id":"https:\/\/kapim.com.tr\/urun\/merbau-supurgelik\/#breadcrumb","itemListElement":[{"@type":"ListItem","position":1,"name":"Ana Sayfa","item":"https:\/\/kapim.com.tr\/en\/"},{"@type":"ListItem","position":2,"name":"\u00dcr\u00fcnler","item":"https:\/\/kapim.com.tr\/urunler\/"},{"@type":"ListItem","position":3,"name":"Merbau Baseboard"}]},{"@type":"WebSite","@id":"https:\/\/kapim.com.tr\/#website","url":"https:\/\/kapim.com.tr\/","name":"Kap\u0131m","description":"Hayalinize A\u00e7\u0131lan S\u0131cac\u0131k Bir Kap\u0131","potentialAction":[{"@type":"SearchAction","target":{"@type":"EntryPoint","urlTemplate":"https:\/\/kapim.com.tr\/?s={search_term_string}"},"query-input":{"@type":"PropertyValueSpecification","valueRequired":true,"valueName":"search_term_string"}}],"inLanguage":"en-US"}]}},"jetpack_sharing_enabled":true,"_links":{"self":[{"href":"https:\/\/kapim.com.tr\/en\/wp-json\/wp\/v2\/product\/18237","targetHints":{"allow":["GET"]}}],"collection":[{"href":"https:\/\/kapim.com.tr\/en\/wp-json\/wp\/v2\/product"}],"about":[{"href":"https:\/\/kapim.com.tr\/en\/wp-json\/wp\/v2\/types\/product"}],"replies":[{"embeddable":true,"href":"https:\/\/kapim.com.tr\/en\/wp-json\/wp\/v2\/comments?post=18237"}],"wp:featuredmedia":[{"embeddable":true,"href":"https:\/\/kapim.com.tr\/en\/wp-json\/wp\/v2\/media\/18203"}],"wp:attachment":[{"href":"https:\/\/kapim.com.tr\/en\/wp-json\/wp\/v2\/media?parent=18237"}],"wp:term":[{"taxonomy":"product_brand","embeddable":true,"href":"https:\/\/kapim.com.tr\/en\/wp-json\/wp\/v2\/product_brand?post=18237"},{"taxonomy":"product_cat","embeddable":true,"href":"https:\/\/kapim.com.tr\/en\/wp-json\/wp\/v2\/product_cat?post=18237"},{"taxonomy":"product_tag","embeddable":true,"href":"https:\/\/kapim.com.tr\/en\/wp-json\/wp\/v2\/product_tag?post=18237"}],"curies":[{"name":"wp","href":"https:\/\/api.w.org\/{rel}","templated":true}]}}