{"id":18251,"date":"2021-12-10T11:32:09","date_gmt":"2021-12-10T11:32:09","guid":{"rendered":"https:\/\/kapim.com.tr\/product\/alpi-mese-belly-lath\/"},"modified":"2022-11-30T06:39:41","modified_gmt":"2022-11-30T06:39:41","slug":"alpi-mese-belly-lath","status":"publish","type":"product","link":"https:\/\/kapim.com.tr\/en\/product\/alpi-mese-belly-lath\/","title":{"rendered":"Alpi Oak Belly Lath"},"content":{"rendered":"","protected":false},"excerpt":{"rendered":"","protected":false},"featured_media":18128,"comment_status":"open","ping_status":"closed","template":"","meta":{"content-type":"","_joinchat":[]},"product_brand":[],"product_cat":[177,451],"product_tag":[],"class_list":{"0":"post-18251","1":"product","2":"type-product","3":"status-publish","4":"has-post-thumbnail","6":"product_cat-kapi-parcalari","7":"product_cat-kapi-gobek-citasi","9":"first","10":"instock","11":"shipping-taxable","12":"product-type-simple"},"yoast_head":"<!-- This site is optimized with the Yoast SEO plugin v27.3 - https:\/\/yoast.com\/product\/yoast-seo-wordpress\/ -->\n<title>Alpi Oak Belly Lath - Kap\u0131m<\/title>\n<meta name=\"robots\" content=\"index, follow, max-snippet:-1, max-image-preview:large, max-video-preview:-1\" \/>\n<link rel=\"canonical\" href=\"https:\/\/kapim.com.tr\/urun\/alpi-mese-gobek-citasi\/\" \/>\n<meta property=\"og:locale\" content=\"en_US\" \/>\n<meta property=\"og:type\" content=\"article\" \/>\n<meta property=\"og:title\" content=\"Alpi Oak Belly Lath - Kap\u0131m\" \/>\n<meta property=\"og:url\" content=\"https:\/\/kapim.com.tr\/urun\/alpi-mese-gobek-citasi\/\" \/>\n<meta property=\"og:site_name\" content=\"Kap\u0131m\" \/>\n<meta property=\"article:modified_time\" content=\"2022-11-30T06:39:41+00:00\" \/>\n<meta property=\"og:image\" content=\"https:\/\/i0.wp.com\/kapim.com.tr\/wp-content\/uploads\/2021\/12\/Alpi-Mese-5.png?fit=1024%2C1024&ssl=1\" \/>\n\t<meta property=\"og:image:width\" content=\"1024\" \/>\n\t<meta property=\"og:image:height\" content=\"1024\" \/>\n\t<meta property=\"og:image:type\" content=\"image\/png\" \/>\n<meta name=\"twitter:card\" content=\"summary_large_image\" \/>\n<script type=\"application\/ld+json\" class=\"yoast-schema-graph\">{\"@context\":\"https:\\\/\\\/schema.org\",\"@graph\":[{\"@type\":\"WebPage\",\"@id\":\"https:\\\/\\\/kapim.com.tr\\\/urun\\\/alpi-mese-gobek-citasi\\\/\",\"url\":\"https:\\\/\\\/kapim.com.tr\\\/urun\\\/alpi-mese-gobek-citasi\\\/\",\"name\":\"Alpi Oak Belly Lath - Kap\u0131m\",\"isPartOf\":{\"@id\":\"https:\\\/\\\/kapim.com.tr\\\/#website\"},\"primaryImageOfPage\":{\"@id\":\"https:\\\/\\\/kapim.com.tr\\\/urun\\\/alpi-mese-gobek-citasi\\\/#primaryimage\"},\"image\":{\"@id\":\"https:\\\/\\\/kapim.com.tr\\\/urun\\\/alpi-mese-gobek-citasi\\\/#primaryimage\"},\"thumbnailUrl\":\"https:\\\/\\\/i0.wp.com\\\/kapim.com.tr\\\/wp-content\\\/uploads\\\/2021\\\/12\\\/Alpi-Mese-5.png?fit=1024%2C1024&quality=80&ssl=1\",\"datePublished\":\"2021-12-10T11:32:09+00:00\",\"dateModified\":\"2022-11-30T06:39:41+00:00\",\"breadcrumb\":{\"@id\":\"https:\\\/\\\/kapim.com.tr\\\/urun\\\/alpi-mese-gobek-citasi\\\/#breadcrumb\"},\"inLanguage\":\"en-US\",\"potentialAction\":[{\"@type\":\"ReadAction\",\"target\":[\"https:\\\/\\\/kapim.com.tr\\\/urun\\\/alpi-mese-gobek-citasi\\\/\"]}]},{\"@type\":\"ImageObject\",\"inLanguage\":\"en-US\",\"@id\":\"https:\\\/\\\/kapim.com.tr\\\/urun\\\/alpi-mese-gobek-citasi\\\/#primaryimage\",\"url\":\"https:\\\/\\\/i0.wp.com\\\/kapim.com.tr\\\/wp-content\\\/uploads\\\/2021\\\/12\\\/Alpi-Mese-5.png?fit=1024%2C1024&quality=80&ssl=1\",\"contentUrl\":\"https:\\\/\\\/i0.wp.com\\\/kapim.com.tr\\\/wp-content\\\/uploads\\\/2021\\\/12\\\/Alpi-Mese-5.png?fit=1024%2C1024&quality=80&ssl=1\",\"width\":1024,\"height\":1024,\"caption\":\"alpi me\u015fe belly lath\"},{\"@type\":\"BreadcrumbList\",\"@id\":\"https:\\\/\\\/kapim.com.tr\\\/urun\\\/alpi-mese-gobek-citasi\\\/#breadcrumb\",\"itemListElement\":[{\"@type\":\"ListItem\",\"position\":1,\"name\":\"Ana Sayfa\",\"item\":\"https:\\\/\\\/kapim.com.tr\\\/en\\\/\"},{\"@type\":\"ListItem\",\"position\":2,\"name\":\"\u00dcr\u00fcnler\",\"item\":\"https:\\\/\\\/kapim.com.tr\\\/urunler\\\/\"},{\"@type\":\"ListItem\",\"position\":3,\"name\":\"Alpi Oak Belly Lath\"}]},{\"@type\":\"WebSite\",\"@id\":\"https:\\\/\\\/kapim.com.tr\\\/#website\",\"url\":\"https:\\\/\\\/kapim.com.tr\\\/\",\"name\":\"Kap\u0131m\",\"description\":\"Hayalinize A\u00e7\u0131lan S\u0131cac\u0131k Bir Kap\u0131\",\"potentialAction\":[{\"@type\":\"SearchAction\",\"target\":{\"@type\":\"EntryPoint\",\"urlTemplate\":\"https:\\\/\\\/kapim.com.tr\\\/?s={search_term_string}\"},\"query-input\":{\"@type\":\"PropertyValueSpecification\",\"valueRequired\":true,\"valueName\":\"search_term_string\"}}],\"inLanguage\":\"en-US\"}]}<\/script>\n<!-- \/ Yoast SEO plugin. -->","yoast_head_json":{"title":"Alpi Oak Belly Lath - Kap\u0131m","robots":{"index":"index","follow":"follow","max-snippet":"max-snippet:-1","max-image-preview":"max-image-preview:large","max-video-preview":"max-video-preview:-1"},"canonical":"https:\/\/kapim.com.tr\/urun\/alpi-mese-gobek-citasi\/","og_locale":"en_US","og_type":"article","og_title":"Alpi Oak Belly Lath - Kap\u0131m","og_url":"https:\/\/kapim.com.tr\/urun\/alpi-mese-gobek-citasi\/","og_site_name":"Kap\u0131m","article_modified_time":"2022-11-30T06:39:41+00:00","og_image":[{"width":1024,"height":1024,"url":"https:\/\/i0.wp.com\/kapim.com.tr\/wp-content\/uploads\/2021\/12\/Alpi-Mese-5.png?fit=1024%2C1024&ssl=1","type":"image\/png"}],"twitter_card":"summary_large_image","schema":{"@context":"https:\/\/schema.org","@graph":[{"@type":"WebPage","@id":"https:\/\/kapim.com.tr\/urun\/alpi-mese-gobek-citasi\/","url":"https:\/\/kapim.com.tr\/urun\/alpi-mese-gobek-citasi\/","name":"Alpi Oak Belly Lath - Kap\u0131m","isPartOf":{"@id":"https:\/\/kapim.com.tr\/#website"},"primaryImageOfPage":{"@id":"https:\/\/kapim.com.tr\/urun\/alpi-mese-gobek-citasi\/#primaryimage"},"image":{"@id":"https:\/\/kapim.com.tr\/urun\/alpi-mese-gobek-citasi\/#primaryimage"},"thumbnailUrl":"https:\/\/i0.wp.com\/kapim.com.tr\/wp-content\/uploads\/2021\/12\/Alpi-Mese-5.png?fit=1024%2C1024&quality=80&ssl=1","datePublished":"2021-12-10T11:32:09+00:00","dateModified":"2022-11-30T06:39:41+00:00","breadcrumb":{"@id":"https:\/\/kapim.com.tr\/urun\/alpi-mese-gobek-citasi\/#breadcrumb"},"inLanguage":"en-US","potentialAction":[{"@type":"ReadAction","target":["https:\/\/kapim.com.tr\/urun\/alpi-mese-gobek-citasi\/"]}]},{"@type":"ImageObject","inLanguage":"en-US","@id":"https:\/\/kapim.com.tr\/urun\/alpi-mese-gobek-citasi\/#primaryimage","url":"https:\/\/i0.wp.com\/kapim.com.tr\/wp-content\/uploads\/2021\/12\/Alpi-Mese-5.png?fit=1024%2C1024&quality=80&ssl=1","contentUrl":"https:\/\/i0.wp.com\/kapim.com.tr\/wp-content\/uploads\/2021\/12\/Alpi-Mese-5.png?fit=1024%2C1024&quality=80&ssl=1","width":1024,"height":1024,"caption":"alpi me\u015fe belly lath"},{"@type":"BreadcrumbList","@id":"https:\/\/kapim.com.tr\/urun\/alpi-mese-gobek-citasi\/#breadcrumb","itemListElement":[{"@type":"ListItem","position":1,"name":"Ana Sayfa","item":"https:\/\/kapim.com.tr\/en\/"},{"@type":"ListItem","position":2,"name":"\u00dcr\u00fcnler","item":"https:\/\/kapim.com.tr\/urunler\/"},{"@type":"ListItem","position":3,"name":"Alpi Oak Belly Lath"}]},{"@type":"WebSite","@id":"https:\/\/kapim.com.tr\/#website","url":"https:\/\/kapim.com.tr\/","name":"Kap\u0131m","description":"Hayalinize A\u00e7\u0131lan S\u0131cac\u0131k Bir Kap\u0131","potentialAction":[{"@type":"SearchAction","target":{"@type":"EntryPoint","urlTemplate":"https:\/\/kapim.com.tr\/?s={search_term_string}"},"query-input":{"@type":"PropertyValueSpecification","valueRequired":true,"valueName":"search_term_string"}}],"inLanguage":"en-US"}]}},"jetpack_sharing_enabled":true,"_links":{"self":[{"href":"https:\/\/kapim.com.tr\/en\/wp-json\/wp\/v2\/product\/18251","targetHints":{"allow":["GET"]}}],"collection":[{"href":"https:\/\/kapim.com.tr\/en\/wp-json\/wp\/v2\/product"}],"about":[{"href":"https:\/\/kapim.com.tr\/en\/wp-json\/wp\/v2\/types\/product"}],"replies":[{"embeddable":true,"href":"https:\/\/kapim.com.tr\/en\/wp-json\/wp\/v2\/comments?post=18251"}],"wp:featuredmedia":[{"embeddable":true,"href":"https:\/\/kapim.com.tr\/en\/wp-json\/wp\/v2\/media\/18128"}],"wp:attachment":[{"href":"https:\/\/kapim.com.tr\/en\/wp-json\/wp\/v2\/media?parent=18251"}],"wp:term":[{"taxonomy":"product_brand","embeddable":true,"href":"https:\/\/kapim.com.tr\/en\/wp-json\/wp\/v2\/product_brand?post=18251"},{"taxonomy":"product_cat","embeddable":true,"href":"https:\/\/kapim.com.tr\/en\/wp-json\/wp\/v2\/product_cat?post=18251"},{"taxonomy":"product_tag","embeddable":true,"href":"https:\/\/kapim.com.tr\/en\/wp-json\/wp\/v2\/product_tag?post=18251"}],"curies":[{"name":"wp","href":"https:\/\/api.w.org\/{rel}","templated":true}]}}