{"id":18254,"date":"2021-12-10T11:15:23","date_gmt":"2021-12-10T11:15:23","guid":{"rendered":"https:\/\/kapim.com.tr\/product\/bambu-window-lath\/"},"modified":"2022-11-30T06:49:26","modified_gmt":"2022-11-30T06:49:26","slug":"bambu-window-lath","status":"publish","type":"product","link":"https:\/\/kapim.com.tr\/en\/product\/bambu-window-lath\/","title":{"rendered":"Bamboo Window Lath"},"content":{"rendered":"","protected":false},"excerpt":{"rendered":"","protected":false},"featured_media":18093,"comment_status":"open","ping_status":"closed","template":"","meta":{"content-type":"","_joinchat":[]},"product_brand":[],"product_cat":[177,180],"product_tag":[],"class_list":{"0":"post-18254","1":"product","2":"type-product","3":"status-publish","4":"has-post-thumbnail","6":"product_cat-kapi-parcalari","7":"product_cat-cam-citasi","9":"first","10":"instock","11":"shipping-taxable","12":"product-type-simple"},"yoast_head":"<!-- This site is optimized with the Yoast SEO plugin v26.7 - https:\/\/yoast.com\/wordpress\/plugins\/seo\/ -->\n<title>Bamboo Window Lath - Kap\u0131m<\/title>\n<meta name=\"robots\" content=\"index, follow, max-snippet:-1, max-image-preview:large, max-video-preview:-1\" \/>\n<link rel=\"canonical\" href=\"https:\/\/kapim.com.tr\/urun\/bambu-cam-citasi\/\" \/>\n<meta property=\"og:locale\" content=\"en_US\" \/>\n<meta property=\"og:type\" content=\"article\" \/>\n<meta property=\"og:title\" content=\"Bamboo Window Lath - Kap\u0131m\" \/>\n<meta property=\"og:url\" content=\"https:\/\/kapim.com.tr\/urun\/bambu-cam-citasi\/\" \/>\n<meta property=\"og:site_name\" content=\"Kap\u0131m\" \/>\n<meta property=\"article:modified_time\" content=\"2022-11-30T06:49:26+00:00\" \/>\n<meta property=\"og:image\" content=\"https:\/\/i0.wp.com\/kapim.com.tr\/wp-content\/uploads\/2021\/12\/Bambu-2.png?fit=1024%2C1024&ssl=1\" \/>\n\t<meta property=\"og:image:width\" content=\"1024\" \/>\n\t<meta property=\"og:image:height\" content=\"1024\" \/>\n\t<meta property=\"og:image:type\" content=\"image\/png\" \/>\n<meta name=\"twitter:card\" content=\"summary_large_image\" \/>\n<script type=\"application\/ld+json\" class=\"yoast-schema-graph\">{\"@context\":\"https:\/\/schema.org\",\"@graph\":[{\"@type\":\"WebPage\",\"@id\":\"https:\/\/kapim.com.tr\/urun\/bambu-cam-citasi\/\",\"url\":\"https:\/\/kapim.com.tr\/urun\/bambu-cam-citasi\/\",\"name\":\"Bamboo Window Lath - Kap\u0131m\",\"isPartOf\":{\"@id\":\"https:\/\/kapim.com.tr\/#website\"},\"primaryImageOfPage\":{\"@id\":\"https:\/\/kapim.com.tr\/urun\/bambu-cam-citasi\/#primaryimage\"},\"image\":{\"@id\":\"https:\/\/kapim.com.tr\/urun\/bambu-cam-citasi\/#primaryimage\"},\"thumbnailUrl\":\"https:\/\/i0.wp.com\/kapim.com.tr\/wp-content\/uploads\/2021\/12\/Bambu-2.png?fit=1024%2C1024&quality=80&ssl=1\",\"datePublished\":\"2021-12-10T11:15:23+00:00\",\"dateModified\":\"2022-11-30T06:49:26+00:00\",\"breadcrumb\":{\"@id\":\"https:\/\/kapim.com.tr\/urun\/bambu-cam-citasi\/#breadcrumb\"},\"inLanguage\":\"en-US\",\"potentialAction\":[{\"@type\":\"ReadAction\",\"target\":[\"https:\/\/kapim.com.tr\/urun\/bambu-cam-citasi\/\"]}]},{\"@type\":\"ImageObject\",\"inLanguage\":\"en-US\",\"@id\":\"https:\/\/kapim.com.tr\/urun\/bambu-cam-citasi\/#primaryimage\",\"url\":\"https:\/\/i0.wp.com\/kapim.com.tr\/wp-content\/uploads\/2021\/12\/Bambu-2.png?fit=1024%2C1024&quality=80&ssl=1\",\"contentUrl\":\"https:\/\/i0.wp.com\/kapim.com.tr\/wp-content\/uploads\/2021\/12\/Bambu-2.png?fit=1024%2C1024&quality=80&ssl=1\",\"width\":1024,\"height\":1024,\"caption\":\"bambu window lath\"},{\"@type\":\"BreadcrumbList\",\"@id\":\"https:\/\/kapim.com.tr\/urun\/bambu-cam-citasi\/#breadcrumb\",\"itemListElement\":[{\"@type\":\"ListItem\",\"position\":1,\"name\":\"Ana Sayfa\",\"item\":\"https:\/\/kapim.com.tr\/en\/\"},{\"@type\":\"ListItem\",\"position\":2,\"name\":\"\u00dcr\u00fcnler\",\"item\":\"https:\/\/kapim.com.tr\/urunler\/\"},{\"@type\":\"ListItem\",\"position\":3,\"name\":\"Bamboo Window Lath\"}]},{\"@type\":\"WebSite\",\"@id\":\"https:\/\/kapim.com.tr\/#website\",\"url\":\"https:\/\/kapim.com.tr\/\",\"name\":\"Kap\u0131m\",\"description\":\"Hayalinize A\u00e7\u0131lan S\u0131cac\u0131k Bir Kap\u0131\",\"potentialAction\":[{\"@type\":\"SearchAction\",\"target\":{\"@type\":\"EntryPoint\",\"urlTemplate\":\"https:\/\/kapim.com.tr\/?s={search_term_string}\"},\"query-input\":{\"@type\":\"PropertyValueSpecification\",\"valueRequired\":true,\"valueName\":\"search_term_string\"}}],\"inLanguage\":\"en-US\"}]}<\/script>\n<!-- \/ Yoast SEO plugin. -->","yoast_head_json":{"title":"Bamboo Window Lath - Kap\u0131m","robots":{"index":"index","follow":"follow","max-snippet":"max-snippet:-1","max-image-preview":"max-image-preview:large","max-video-preview":"max-video-preview:-1"},"canonical":"https:\/\/kapim.com.tr\/urun\/bambu-cam-citasi\/","og_locale":"en_US","og_type":"article","og_title":"Bamboo Window Lath - Kap\u0131m","og_url":"https:\/\/kapim.com.tr\/urun\/bambu-cam-citasi\/","og_site_name":"Kap\u0131m","article_modified_time":"2022-11-30T06:49:26+00:00","og_image":[{"width":1024,"height":1024,"url":"https:\/\/i0.wp.com\/kapim.com.tr\/wp-content\/uploads\/2021\/12\/Bambu-2.png?fit=1024%2C1024&ssl=1","type":"image\/png"}],"twitter_card":"summary_large_image","schema":{"@context":"https:\/\/schema.org","@graph":[{"@type":"WebPage","@id":"https:\/\/kapim.com.tr\/urun\/bambu-cam-citasi\/","url":"https:\/\/kapim.com.tr\/urun\/bambu-cam-citasi\/","name":"Bamboo Window Lath - Kap\u0131m","isPartOf":{"@id":"https:\/\/kapim.com.tr\/#website"},"primaryImageOfPage":{"@id":"https:\/\/kapim.com.tr\/urun\/bambu-cam-citasi\/#primaryimage"},"image":{"@id":"https:\/\/kapim.com.tr\/urun\/bambu-cam-citasi\/#primaryimage"},"thumbnailUrl":"https:\/\/i0.wp.com\/kapim.com.tr\/wp-content\/uploads\/2021\/12\/Bambu-2.png?fit=1024%2C1024&quality=80&ssl=1","datePublished":"2021-12-10T11:15:23+00:00","dateModified":"2022-11-30T06:49:26+00:00","breadcrumb":{"@id":"https:\/\/kapim.com.tr\/urun\/bambu-cam-citasi\/#breadcrumb"},"inLanguage":"en-US","potentialAction":[{"@type":"ReadAction","target":["https:\/\/kapim.com.tr\/urun\/bambu-cam-citasi\/"]}]},{"@type":"ImageObject","inLanguage":"en-US","@id":"https:\/\/kapim.com.tr\/urun\/bambu-cam-citasi\/#primaryimage","url":"https:\/\/i0.wp.com\/kapim.com.tr\/wp-content\/uploads\/2021\/12\/Bambu-2.png?fit=1024%2C1024&quality=80&ssl=1","contentUrl":"https:\/\/i0.wp.com\/kapim.com.tr\/wp-content\/uploads\/2021\/12\/Bambu-2.png?fit=1024%2C1024&quality=80&ssl=1","width":1024,"height":1024,"caption":"bambu window lath"},{"@type":"BreadcrumbList","@id":"https:\/\/kapim.com.tr\/urun\/bambu-cam-citasi\/#breadcrumb","itemListElement":[{"@type":"ListItem","position":1,"name":"Ana Sayfa","item":"https:\/\/kapim.com.tr\/en\/"},{"@type":"ListItem","position":2,"name":"\u00dcr\u00fcnler","item":"https:\/\/kapim.com.tr\/urunler\/"},{"@type":"ListItem","position":3,"name":"Bamboo Window Lath"}]},{"@type":"WebSite","@id":"https:\/\/kapim.com.tr\/#website","url":"https:\/\/kapim.com.tr\/","name":"Kap\u0131m","description":"Hayalinize A\u00e7\u0131lan S\u0131cac\u0131k Bir Kap\u0131","potentialAction":[{"@type":"SearchAction","target":{"@type":"EntryPoint","urlTemplate":"https:\/\/kapim.com.tr\/?s={search_term_string}"},"query-input":{"@type":"PropertyValueSpecification","valueRequired":true,"valueName":"search_term_string"}}],"inLanguage":"en-US"}]}},"jetpack_sharing_enabled":true,"_links":{"self":[{"href":"https:\/\/kapim.com.tr\/en\/wp-json\/wp\/v2\/product\/18254","targetHints":{"allow":["GET"]}}],"collection":[{"href":"https:\/\/kapim.com.tr\/en\/wp-json\/wp\/v2\/product"}],"about":[{"href":"https:\/\/kapim.com.tr\/en\/wp-json\/wp\/v2\/types\/product"}],"replies":[{"embeddable":true,"href":"https:\/\/kapim.com.tr\/en\/wp-json\/wp\/v2\/comments?post=18254"}],"wp:featuredmedia":[{"embeddable":true,"href":"https:\/\/kapim.com.tr\/en\/wp-json\/wp\/v2\/media\/18093"}],"wp:attachment":[{"href":"https:\/\/kapim.com.tr\/en\/wp-json\/wp\/v2\/media?parent=18254"}],"wp:term":[{"taxonomy":"product_brand","embeddable":true,"href":"https:\/\/kapim.com.tr\/en\/wp-json\/wp\/v2\/product_brand?post=18254"},{"taxonomy":"product_cat","embeddable":true,"href":"https:\/\/kapim.com.tr\/en\/wp-json\/wp\/v2\/product_cat?post=18254"},{"taxonomy":"product_tag","embeddable":true,"href":"https:\/\/kapim.com.tr\/en\/wp-json\/wp\/v2\/product_tag?post=18254"}],"curies":[{"name":"wp","href":"https:\/\/api.w.org\/{rel}","templated":true}]}}