{"id":17855,"date":"2021-11-11T07:49:17","date_gmt":"2021-11-11T07:49:17","guid":{"rendered":"https:\/\/kapim.com.tr\/?page_id=17855"},"modified":"2022-04-22T00:44:29","modified_gmt":"2022-04-22T00:44:29","slug":"%d0%ba%d0%b0%d1%82%d0%b0%d0%bb%d0%be%d0%b3","status":"publish","type":"page","link":"https:\/\/kapim.com.tr\/ru\/%d0%ba%d0%b0%d1%82%d0%b0%d0%bb%d0%be%d0%b3\/","title":{"rendered":"\u041a\u0430\u0442\u0430\u043b\u043e\u0433"},"content":{"rendered":"<div class=\"wpb-content-wrapper\"><p>[vc_row][vc_column offset=&#187;vc_hidden-sm vc_hidden-xs&#187; woodmart_css_id=&#187;6261fa64957f5&#8243; parallax_scroll=&#187;no&#187; woodmart_sticky_column=&#187;false&#187; wd_collapsible_content_switcher=&#187;no&#187; wd_column_role_offcanvas_desktop=&#187;no&#187; wd_column_role_offcanvas_tablet=&#187;no&#187; wd_column_role_offcanvas_mobile=&#187;no&#187; wd_column_role_content_desktop=&#187;no&#187; wd_column_role_content_tablet=&#187;no&#187; wd_column_role_content_mobile=&#187;no&#187; mobile_bg_img_hidden=&#187;no&#187; tablet_bg_img_hidden=&#187;no&#187; woodmart_parallax=&#187;0&#8243; woodmart_box_shadow=&#187;no&#187; responsive_spacing=&#187;eyJwYXJhbV90eXBlIjoid29vZG1hcnRfcmVzcG9uc2l2ZV9zcGFjaW5nIiwic2VsZWN0b3JfaWQiOiI2MjYxZmE2NDk1N2Y1Iiwic2hvcnRjb2RlIjoidmNfY29sdW1uIiwiZGF0YSI6eyJ0YWJsZXQiOnt9LCJtb2JpbGUiOnt9fX0=&#187; mobile_reset_margin=&#187;no&#187; tablet_reset_margin=&#187;no&#187; wd_z_index=&#187;no&#187;]<script data-jetpack-boost=\"ignore\">console.log(\"\u00dcr\u00fcnler Sayfa Slider Rus\u00e7a: Please register the Slider Revolution plugin to use premium templates.\")<\/script>\n[vc_column_text]<strong><style data-type=\"vc_shortcodes-custom-css\">.vc_custom_1631543317981{margin-bottom: 2vh !important;}.vc_custom_1535098048444{margin-bottom: 20px !important;padding-top: 0px !important;}.vc_custom_1535098056149{margin-bottom: 20px !important;padding-top: 0px !important;}.vc_custom_1535098061801{margin-bottom: 20px !important;padding-top: 0px !important;}#wd-6129eb70014eb .banner-title{line-height:34px ;font-size:24px ;}#wd-6129eb70014eb .banner-subtitle{font-size:12px ;line-height:14px ;}#wd-6129ecd941d13 .banner-title{line-height:34px ;font-size:24px ;}#wd-6129ecd941d13 .banner-subtitle{font-size:12px ;line-height:14px ;}#wd-613f621fa3b0c .banner-title{line-height:34px ;font-size:24px ;color:#323d46 ;}#wd-613f621fa3b0c .banner-subtitle{font-size:12px ;line-height:14px ;}#wd-620184fce5c01 .banner-title{font-size:7px ;line-height:3px ;color:#ffffff ;}#wd-620184fce5c01 .banner-subtitle{font-size:12px ;line-height:14px ;}#wd-6201850d4df81 .banner-title{font-size:7px ;line-height:3px ;color:#ffffff ;}#wd-6201850d4df81 .banner-subtitle{font-size:12px ;line-height:14px ;}#wd-6201851d6d21b .banner-title{font-size:7px ;line-height:3px ;color:#ffffff ;}#wd-6201851d6d21b .banner-subtitle{font-size:12px ;line-height:14px ;}#wd-6201852c86567 .banner-title{font-size:7px ;line-height:3px ;color:#ffffff ;}#wd-6201852c86567 .banner-subtitle{font-size:12px ;line-height:14px ;}#wd-6201854192919 .banner-title{font-size:7px ;line-height:3px ;color:#ffffff ;}#wd-6201854192919 .banner-subtitle{font-size:12px ;line-height:14px ;}@media (max-width: 1024px) {#wd-6129eb70014eb .banner-title{line-height:30px ;font-size:20px ;}#wd-6129eb70014eb .banner-subtitle{line-height:22px ;font-size:12px ;}#wd-6129ecd941d13 .banner-title{line-height:30px ;font-size:20px ;}#wd-6129ecd941d13 .banner-subtitle{line-height:22px ;font-size:12px ;}#wd-613f621fa3b0c .banner-title{line-height:30px ;font-size:20px ;}#wd-613f621fa3b0c .banner-subtitle{line-height:22px ;font-size:12px ;}#wd-620184fce5c01 .banner-subtitle{line-height:22px ;font-size:12px ;}#wd-6201850d4df81 .banner-subtitle{line-height:22px ;font-size:12px ;}#wd-6201851d6d21b .banner-subtitle{line-height:22px ;font-size:12px ;}#wd-6201852c86567 .banner-subtitle{line-height:22px ;font-size:12px ;}#wd-6201854192919 .banner-subtitle{line-height:22px ;font-size:12px ;}}@media (max-width: 767px) {#wd-6129eb70014eb .banner-title{line-height:28px ;font-size:18px ;}#wd-6129eb70014eb .banner-subtitle{line-height:22px ;font-size:12px ;}#wd-6129ecd941d13 .banner-title{line-height:28px ;font-size:18px ;}#wd-6129ecd941d13 .banner-subtitle{line-height:22px ;font-size:12px ;}#wd-613f621fa3b0c .banner-title{line-height:28px ;font-size:18px ;}#wd-613f621fa3b0c .banner-subtitle{line-height:22px ;font-size:12px ;}#wd-620184fce5c01 .banner-subtitle{line-height:22px ;font-size:12px ;}#wd-6201850d4df81 .banner-subtitle{line-height:22px ;font-size:12px ;}#wd-6201851d6d21b .banner-subtitle{line-height:22px ;font-size:12px ;}#wd-6201852c86567 .banner-subtitle{line-height:22px ;font-size:12px ;}#wd-6201854192919 .banner-subtitle{line-height:22px ;font-size:12px ;}}<\/style>[vc_row css=\".vc_custom_1631543317981{margin-bottom: 2vh !important;}\" mobile_bg_img_hidden=\"no\" tablet_bg_img_hidden=\"no\" woodmart_parallax=\"0\" woodmart_gradient_switch=\"no\" row_reverse_mobile=\"0\" row_reverse_tablet=\"0\" woodmart_disable_overflow=\"0\"][vc_column width=\"1\/3\" css=\".vc_custom_1535098048444{margin-bottom: 20px !important;padding-top: 0px !important;}\"]\t\t<div class=\"promo-banner-wrapper  wd-rs-6129eb70014eb \">\n\t\t\t<div id=\"wd-6129eb70014eb\" class=\"promo-banner  banner- banner-hover-zoom color-scheme-light banner-btn-size-default banner-btn-style-link  with-btn banner-btn-position-static cursor-pointer wd-underline-colored\"\t\t\t\t onclick=\"window.location.href='https:\/\/www.kapim.com.tr\/ru\/product-category\/%d0%b4%d0%b5%d1%80%d0%b5%d0%b2%d1%8f%d0%bd%d0%bd%d0%b0%d1%8f-%d0%b4%d0%b2%d0%b5%d1%80%d1%8c\/'\"\t\t\t>\n\t\t\t\t<div class=\"main-wrapp-img\">\n\t\t\t\t\t<div class=\"banner-image wd-bg-position-center\" >\n\t\t\t\t\t\t<img decoding=\"async\" class=\"promo-banner-image \" src=\"https:\/\/i0.wp.com\/kapim.com.tr\/wp-content\/uploads\/2021\/08\/Teos-1-275x409.png\" width=\"275\" height=\"409\" alt=\"Teos\" title=\"Teos\" loading=\"lazy\" \/>\t\t\t\t\t<\/div>\n\t\t\t\t<\/div>\n\n\t\t\t\t<div class=\"wrapper-content-banner wd-fill  wd-items-middle wd-justify-center\">\n\t\t\t\t\t<div class=\"content-banner  text-center\">\n\t\t\t\t\t\t<div class=\"banner-subtitle subtitle-color-primary subtitle-style-background wd-fontsize-xs wd-font-weight-\">\u041d\u0430\u0442\u0443\u0440\u0430\u043b\u044c\u043d\u0430\u044f \u0414\u0440\u0435\u0432\u0435\u0441\u0438\u043d\u0430<\/div><h4 class=\"banner-title wd-font-weight-400 wd-fontsize-l\">\u041f\u043e\u043a\u0440\u044b\u0442\u0438\u044f<\/h4>\t\t\t\t\t\t\n\t\t\t\t\t\t\n\t\t\t\t\t\t<div class=\"banner-btn-wrapper\"><div id=\"wd-69d8ad5a164c0\" class=\"  wd-button-wrapper text-center\"><a  class=\"btn btn-color-white btn-style-link btn-style-rectangle btn-size-default\">\u041f\u043e\u0441\u043c\u043e\u0442\u0440\u0435\u0442\u044c<\/a><\/div><\/div>\t\t\t\t\t<\/div>\n\t\t\t\t<\/div>\n\t\t\t\t\t\t\t<\/div>\n\t\t<\/div>\n\n\t\t[\/vc_column][vc_column width=\"1\/3\" css=\".vc_custom_1535098056149{margin-bottom: 20px !important;padding-top: 0px !important;}\"]\t\t<div class=\"promo-banner-wrapper  wd-rs-6129ecd941d13 \">\n\t\t\t<div id=\"wd-6129ecd941d13\" class=\"promo-banner  banner- banner-hover-zoom color-scheme-light banner-btn-size-default banner-btn-style-link  with-btn banner-btn-position-static cursor-pointer wd-underline-colored\"\t\t\t\t onclick=\"window.location.href='https:\/\/www.kapim.com.tr\/ru\/product-category\/%d0%bb%d0%b0%d0%ba%d0%b8%d1%80%d0%be%d0%b2%d0%b0%d0%bd%d0%bd%d0%b0%d1%8f-%d0%b4%d0%b2%d0%b5%d1%80%d1%8c\/'\"\t\t\t>\n\t\t\t\t<div class=\"main-wrapp-img\">\n\t\t\t\t\t<div class=\"banner-image wd-bg-position-center\" >\n\t\t\t\t\t\t<img decoding=\"async\" class=\"promo-banner-image \" src=\"https:\/\/i0.wp.com\/kapim.com.tr\/wp-content\/uploads\/2021\/08\/Lake-Kapi-3-gobek-275x409.png\" width=\"275\" height=\"409\" alt=\"Lake Kap\u0131 3 g\u00f6bek\" title=\"Lake Kap\u0131 3 g\u00f6bek\" loading=\"lazy\" \/>\t\t\t\t\t<\/div>\n\t\t\t\t<\/div>\n\n\t\t\t\t<div class=\"wrapper-content-banner wd-fill  wd-items-middle wd-justify-center\">\n\t\t\t\t\t<div class=\"content-banner  text-center\">\n\t\t\t\t\t\t<div class=\"banner-subtitle subtitle-color-primary subtitle-style-background wd-fontsize-xs wd-font-weight-\">\u041b\u0430\u043a\u0438<\/div><h4 class=\"banner-title wd-font-weight-400 wd-fontsize-l\">\u0421 \u0438\u0441\u043f\u043e\u043b\u044c\u0437\u043e\u0432\u0430\u043d\u0438\u0435\u043c \u0423\u0424<\/h4>\t\t\t\t\t\t\n\t\t\t\t\t\t\n\t\t\t\t\t\t<div class=\"banner-btn-wrapper\"><div id=\"wd-69d8ad5a16ccb\" class=\"  wd-button-wrapper text-center\"><a  class=\"btn btn-color-white btn-style-link btn-style-rectangle btn-size-default\">\u041f\u043e\u0441\u043c\u043e\u0442\u0440\u0435\u0442\u044c<\/a><\/div><\/div>\t\t\t\t\t<\/div>\n\t\t\t\t<\/div>\n\t\t\t\t\t\t\t<\/div>\n\t\t<\/div>\n\n\t\t[\/vc_column][vc_column width=\"1\/3\" css=\".vc_custom_1535098061801{margin-bottom: 20px !important;padding-top: 0px !important;}\"]\t\t<div class=\"promo-banner-wrapper  wd-rs-613f621fa3b0c \">\n\t\t\t<div id=\"wd-613f621fa3b0c\" class=\"promo-banner  banner- banner-hover-zoom color-scheme-light banner-btn-size-default banner-btn-style-link  with-btn banner-btn-position-static cursor-pointer wd-underline-colored\"\t\t\t\t onclick=\"window.location.href='https:\/\/www.kapim.com.tr\/ru\/product-category\/%d1%81%d0%bc%d0%b5%d1%88%d0%b0%d0%bd%d0%bd%d1%8b%d0%b5-%d0%b4%d0%b2%d0%b5%d1%80%d0%b8\/'\"\t\t\t>\n\t\t\t\t<div class=\"main-wrapp-img\">\n\t\t\t\t\t<div class=\"banner-image wd-bg-position-center\" >\n\t\t\t\t\t\t<img decoding=\"async\" class=\"promo-banner-image \" src=\"https:\/\/i0.wp.com\/kapim.com.tr\/wp-content\/uploads\/2021\/08\/Side-275x409.png\" width=\"275\" height=\"409\" alt=\"Side\" title=\"Side\" loading=\"lazy\" \/>\t\t\t\t\t<\/div>\n\t\t\t\t<\/div>\n\n\t\t\t\t<div class=\"wrapper-content-banner wd-fill  wd-items-middle wd-justify-center\">\n\t\t\t\t\t<div class=\"content-banner  text-center\">\n\t\t\t\t\t\t<div class=\"banner-subtitle subtitle-color-primary subtitle-style-background wd-fontsize-xs wd-font-weight-\">\u0421\u043c\u0435\u0441\u0438<\/div><h4 class=\"banner-title wd-font-weight-400 wd-fontsize-l\">\u041b\u0430\u043a\u0438\u0440\u043e\u0432\u0430\u043d\u043d\u044b\u0435 \u0438 \u0414\u0435\u0440\u0435\u0432\u044f\u043d\u043d\u044b\u0435<\/h4>\t\t\t\t\t\t\n\t\t\t\t\t\t\n\t\t\t\t\t\t<div class=\"banner-btn-wrapper\"><div id=\"wd-69d8ad5a176d4\" class=\"  wd-button-wrapper text-center\"><a  class=\"btn btn-color-primary btn-style-link btn-style-rectangle btn-size-default\">\u041f\u043e\u0441\u043c\u043e\u0442\u0440\u0435\u0442\u044c<\/a><\/div><\/div>\t\t\t\t\t<\/div>\n\t\t\t\t<\/div>\n\t\t\t\t\t\t\t<\/div>\n\t\t<\/div>\n\n\t\t[\/vc_column][\/vc_row][vc_row][vc_column width=\"1\/5\"]\t\t<div class=\"promo-banner-wrapper  wd-rs-620184fce5c01 \">\n\t\t\t<div id=\"wd-620184fce5c01\" class=\"promo-banner  banner- banner-hover-zoom color-scheme-light banner-btn-size-extra-small banner-btn-style-3d wd-width-enabled  with-btn banner-btn-position-hover cursor-pointer wd-underline-colored\" style=\"--wd-max-width: 60%;\"\t\t\t\t onclick=\"window.location.href='https:\/\/www.kapim.com.tr\/ru\/product-category\/%d0%b4%d0%b2%d0%b5%d1%80%d0%bd%d1%8b%d0%b5-%d0%ba%d0%be%d0%bc%d0%bf%d0%bb%d0%b5%d0%ba%d1%82%d1%83%d1%8e%d1%89%d0%b8%d0%b5\/%d0%b4%d0%b2%d0%b5%d1%80%d0%bd%d1%8b%d0%b5-%d1%80%d0%b0%d0%bc%d1%8b\/'\"\t\t\t>\n\t\t\t\t<div class=\"main-wrapp-img\">\n\t\t\t\t\t<div class=\"banner-image wd-bg-position-center\" >\n\t\t\t\t\t\t<img decoding=\"async\" class=\"promo-banner-image \" src=\"https:\/\/i0.wp.com\/kapim.com.tr\/wp-content\/uploads\/2021\/12\/Alpi-Ceviz-4-800x600.png\" width=\"800\" height=\"600\" alt=\"alpi ceviz door casing\" title=\"Alpi Ceviz\" loading=\"lazy\" \/>\t\t\t\t\t<\/div>\n\t\t\t\t<\/div>\n\n\t\t\t\t<div class=\"wrapper-content-banner wd-fill  wd-items-middle wd-justify-center\">\n\t\t\t\t\t<div class=\"content-banner  text-center\">\n\t\t\t\t\t\t\t\t\t\t\t\t\n\t\t\t\t\t\t\n\t\t\t\t\t\t<div class=\"banner-btn-wrapper\"><div id=\"wd-69d8ad5a1809d\" class=\"  wd-button-wrapper text-center\"><a  class=\"btn btn-color-primary btn-style-3d btn-style-rectangle btn-size-extra-small\">\u0441\u0435\u0439\u0444\u044b<\/a><\/div><\/div>\t\t\t\t\t<\/div>\n\t\t\t\t<\/div>\n\t\t\t\t\t\t\t<\/div>\n\t\t<\/div>\n\n\t\t[\/vc_column][vc_column width=\"1\/5\"]\t\t<div class=\"promo-banner-wrapper  wd-rs-6201850d4df81 \">\n\t\t\t<div id=\"wd-6201850d4df81\" class=\"promo-banner  banner- banner-hover-zoom color-scheme-light banner-btn-size-extra-small banner-btn-style-3d wd-width-enabled  with-btn banner-btn-position-hover cursor-pointer wd-underline-colored\" style=\"--wd-max-width: 60%;\"\t\t\t\t onclick=\"window.location.href='https:\/\/www.kapim.com.tr\/ru\/product-category\/%d0%b4%d0%b2%d0%b5%d1%80%d0%bd%d1%8b%d0%b5-%d0%ba%d0%be%d0%bc%d0%bf%d0%bb%d0%b5%d0%ba%d1%82%d1%83%d1%8e%d1%89%d0%b8%d0%b5\/%d0%b4%d0%b2%d0%b5%d1%80%d0%bd%d1%8b%d0%b5-%d1%80%d0%b0%d0%bc%d1%8b-ru\/'\"\t\t\t>\n\t\t\t\t<div class=\"main-wrapp-img\">\n\t\t\t\t\t<div class=\"banner-image wd-bg-position-center\" >\n\t\t\t\t\t\t<img decoding=\"async\" class=\"promo-banner-image \" src=\"https:\/\/i0.wp.com\/kapim.com.tr\/wp-content\/uploads\/2021\/12\/Alpi-Ceviz-6-800x600.png\" width=\"800\" height=\"600\" alt=\"alpi ceviz \u0414\u0432\u0435\u0440\u043d\u043e\u0439 \u043f\u043e\u0440\u043e\u0433\" title=\"Alpi Ceviz\" loading=\"lazy\" \/>\t\t\t\t\t<\/div>\n\t\t\t\t<\/div>\n\n\t\t\t\t<div class=\"wrapper-content-banner wd-fill  wd-items-middle wd-justify-center\">\n\t\t\t\t\t<div class=\"content-banner  text-center\">\n\t\t\t\t\t\t\t\t\t\t\t\t\n\t\t\t\t\t\t\n\t\t\t\t\t\t<div class=\"banner-btn-wrapper\"><div id=\"wd-69d8ad5a18640\" class=\"  wd-button-wrapper text-center\"><a  class=\"btn btn-color-primary btn-style-3d btn-style-rectangle btn-size-extra-small\">\u043f\u043e\u0434\u043e\u043a\u043e\u043d\u043d\u0438\u043a<\/a><\/div><\/div>\t\t\t\t\t<\/div>\n\t\t\t\t<\/div>\n\t\t\t\t\t\t\t<\/div>\n\t\t<\/div>\n\n\t\t[\/vc_column][vc_column width=\"1\/5\"]\t\t<div class=\"promo-banner-wrapper  wd-rs-6201851d6d21b \">\n\t\t\t<div id=\"wd-6201851d6d21b\" class=\"promo-banner  banner- banner-hover-zoom color-scheme-light banner-btn-size-extra-small banner-btn-style-3d wd-width-enabled  with-btn banner-btn-position-hover cursor-pointer wd-underline-colored\" style=\"--wd-max-width: 60%;\"\t\t\t\t onclick=\"window.location.href='https:\/\/www.kapim.com.tr\/ru\/product-category\/%d0%b4%d0%b2%d0%b5%d1%80%d0%bd%d1%8b%d0%b5-%d0%ba%d0%be%d0%bc%d0%bf%d0%bb%d0%b5%d0%ba%d1%82%d1%83%d1%8e%d1%89%d0%b8%d0%b5\/%d0%b4%d0%b2%d0%b5%d1%80%d1%8c-%d0%b1%d0%b5%d0%b7%d0%bc%d1%8f%d1%82%d0%b5%d0%b6%d0%bd%d0%b0%d1%8f\/'\"\t\t\t>\n\t\t\t\t<div class=\"main-wrapp-img\">\n\t\t\t\t\t<div class=\"banner-image wd-bg-position-center\" >\n\t\t\t\t\t\t<img decoding=\"async\" class=\"promo-banner-image \" src=\"https:\/\/i0.wp.com\/kapim.com.tr\/wp-content\/uploads\/2021\/12\/Parca-800x600.png\" width=\"800\" height=\"600\" alt=\"\u0414\u0432\u0435\u0440\u044c \u0431\u0435\u0437\u043c\u044f\u0442\u0435\u0436\u043d\u0430\u044f\" title=\"Par\u00e7a\" loading=\"lazy\" \/>\t\t\t\t\t<\/div>\n\t\t\t\t<\/div>\n\n\t\t\t\t<div class=\"wrapper-content-banner wd-fill  wd-items-middle wd-justify-center\">\n\t\t\t\t\t<div class=\"content-banner  text-center\">\n\t\t\t\t\t\t\t\t\t\t\t\t\n\t\t\t\t\t\t\n\t\t\t\t\t\t<div class=\"banner-btn-wrapper\"><div id=\"wd-69d8ad5a18c0a\" class=\"  wd-button-wrapper text-center\"><a  class=\"btn btn-color-primary btn-style-3d btn-style-rectangle btn-size-extra-small\">\u0434\u0432\u0435\u0440\u043d\u043e\u0439 \u043a\u043b\u044e\u0447<\/a><\/div><\/div>\t\t\t\t\t<\/div>\n\t\t\t\t<\/div>\n\t\t\t\t\t\t\t<\/div>\n\t\t<\/div>\n\n\t\t[\/vc_column][vc_column width=\"1\/5\"]\t\t<div class=\"promo-banner-wrapper  wd-rs-6201852c86567 \">\n\t\t\t<div id=\"wd-6201852c86567\" class=\"promo-banner  banner- banner-hover-zoom color-scheme-light banner-btn-size-extra-small banner-btn-style-3d wd-width-enabled  with-btn banner-btn-position-hover cursor-pointer wd-underline-colored\" style=\"--wd-max-width: 60%;\"\t\t\t\t onclick=\"window.location.href='https:\/\/www.kapim.com.tr\/ru\/product-category\/%d0%b4%d0%b2%d0%b5%d1%80%d0%bd%d1%8b%d0%b5-%d0%ba%d0%be%d0%bc%d0%bf%d0%bb%d0%b5%d0%ba%d1%82%d1%83%d1%8e%d1%89%d0%b8%d0%b5\/%d0%b4%d0%b2%d0%b5%d1%80%d0%bd%d0%be%d0%b9-%d0%bf%d0%bb%d0%b8%d0%bd%d1%82%d1%83%d1%81\/'\"\t\t\t>\n\t\t\t\t<div class=\"main-wrapp-img\">\n\t\t\t\t\t<div class=\"banner-image wd-bg-position-center\" >\n\t\t\t\t\t\t<img decoding=\"async\" class=\"promo-banner-image \" src=\"https:\/\/i0.wp.com\/kapim.com.tr\/wp-content\/uploads\/2021\/12\/Ceviz-1-800x600.png\" width=\"800\" height=\"600\" alt=\"ceviz \u041f\u043b\u0438\u043d\u0442\u0443\u0441\" title=\"Ceviz\" loading=\"lazy\" \/>\t\t\t\t\t<\/div>\n\t\t\t\t<\/div>\n\n\t\t\t\t<div class=\"wrapper-content-banner wd-fill  wd-items-middle wd-justify-center\">\n\t\t\t\t\t<div class=\"content-banner  text-center\">\n\t\t\t\t\t\t\t\t\t\t\t\t\n\t\t\t\t\t\t\n\t\t\t\t\t\t<div class=\"banner-btn-wrapper\"><div id=\"wd-69d8ad5a191c7\" class=\"  wd-button-wrapper text-center\"><a  class=\"btn btn-color-primary btn-style-3d btn-style-rectangle btn-size-extra-small\">\u043f\u043e\u0441\u0442\u0430\u043c\u0435\u043d\u0442<\/a><\/div><\/div>\t\t\t\t\t<\/div>\n\t\t\t\t<\/div>\n\t\t\t\t\t\t\t<\/div>\n\t\t<\/div>\n\n\t\t[\/vc_column][vc_column width=\"1\/5\"]\t\t<div class=\"promo-banner-wrapper  wd-rs-6201854192919 \">\n\t\t\t<div id=\"wd-6201854192919\" class=\"promo-banner  banner- banner-hover-zoom color-scheme-light banner-btn-size-extra-small banner-btn-style-3d wd-width-enabled  with-btn banner-btn-position-hover cursor-pointer wd-underline-colored\" style=\"--wd-max-width: 60%;\"\t\t\t\t onclick=\"window.location.href='https:\/\/www.kapim.com.tr\/ru\/product-category\/%d0%b4%d0%b2%d0%b5%d1%80%d0%bd%d1%8b%d0%b5-%d0%ba%d0%be%d0%bc%d0%bf%d0%bb%d0%b5%d0%ba%d1%82%d1%83%d1%8e%d1%89%d0%b8%d0%b5\/%d0%b4%d0%b2%d0%b5%d1%80%d0%bd%d0%b0%d1%8f-%d0%bf%d0%bb%d0%b0%d0%bd%d0%ba%d0%b0\/'\"\t\t\t>\n\t\t\t\t<div class=\"main-wrapp-img\">\n\t\t\t\t\t<div class=\"banner-image wd-bg-position-center\" >\n\t\t\t\t\t\t<img decoding=\"async\" class=\"promo-banner-image \" src=\"https:\/\/i0.wp.com\/kapim.com.tr\/wp-content\/uploads\/2021\/12\/Alpi-Ceviz-9-800x600.png\" width=\"800\" height=\"600\" alt=\"alpi ceviz \u0430\u0440\u043c\u0430\u0442\u0443\u0440\u0430\" title=\"Alpi Ceviz\" loading=\"lazy\" \/>\t\t\t\t\t<\/div>\n\t\t\t\t<\/div>\n\n\t\t\t\t<div class=\"wrapper-content-banner wd-fill  wd-items-middle wd-justify-center\">\n\t\t\t\t\t<div class=\"content-banner  text-center\">\n\t\t\t\t\t\t\t\t\t\t\t\t\n\t\t\t\t\t\t\n\t\t\t\t\t\t<div class=\"banner-btn-wrapper\"><div id=\"wd-69d8ad5a1976e\" class=\"  wd-button-wrapper text-center\"><a  class=\"btn btn-color-primary btn-style-3d btn-style-rectangle btn-size-extra-small\">\u0430\u0440\u043c\u0430\u0442\u0443\u0440\u0430<\/a><\/div><\/div>\t\t\t\t\t<\/div>\n\t\t\t\t<\/div>\n\t\t\t\t\t\t\t<\/div>\n\t\t<\/div>\n\n\t\t[\/vc_column][\/vc_row]<\/strong><\/p>\r\n<p>[\/vc_column_text][\/vc_column][\/vc_row]<\/p><\/div>","protected":false},"excerpt":{"rendered":"<p>[vc_row][vc_column offset=&#187;vc_hidden-sm vc_hidden-xs&#187; woodmart_css_id=&#187;6261fa64957f5&#8243; parallax_scroll=&#187;no&#187; woodmart_sticky_column=&#187;false&#187; wd_collapsible_content_switcher=&#187;no&#187; wd_column_role_offcanvas_desktop=&#187;no&#187; wd_column_role_offcanvas_tablet=&#187;no&#187; wd_column_role_offcanvas_mobile=&#187;no&#187; wd_column_role_content_desktop=&#187;no&#187; wd_column_role_content_tablet=&#187;no&#187; wd_column_role_content_mobile=&#187;no&#187; mobile_bg_img_hidden=&#187;no&#187; tablet_bg_img_hidden=&#187;no&#187; woodmart_parallax=&#187;0&#8243; woodmart_box_shadow=&#187;no&#187; responsive_spacing=&#187;eyJwYXJhbV90eXBlIjoid29vZG1hcnRfcmVzcG9uc2l2ZV9zcGFjaW5nIiwic2VsZWN0b3JfaWQiOiI2MjYxZmE2NDk1N2Y1Iiwic2hvcnRjb2RlIjoidmNfY29sdW1uIiwiZGF0YSI6eyJ0YWJsZXQiOnt9LCJtb2JpbGUiOnt9fX0=&#187; mobile_reset_margin=&#187;no&#187; tablet_reset_margin=&#187;no&#187;<\/p>\n","protected":false},"author":3,"featured_media":0,"parent":0,"menu_order":0,"comment_status":"closed","ping_status":"closed","template":"","meta":{"content-type":"","_joinchat":[],"footnotes":""},"class_list":["post-17855","page","type-page","status-publish","hentry"],"yoast_head":"<!-- This site is optimized with the Yoast SEO plugin v27.3 - https:\/\/yoast.com\/product\/yoast-seo-wordpress\/ -->\n<title>\u041a\u0430\u0442\u0430\u043b\u043e\u0433 - Kap\u0131m<\/title>\n<meta name=\"robots\" content=\"index, follow, max-snippet:-1, max-image-preview:large, max-video-preview:-1\" \/>\n<link rel=\"canonical\" href=\"https:\/\/kapim.com.tr\/urunler\/\" \/>\n<meta property=\"og:locale\" content=\"ru_RU\" \/>\n<meta property=\"og:type\" content=\"article\" \/>\n<meta property=\"og:title\" content=\"\u041a\u0430\u0442\u0430\u043b\u043e\u0433 - Kap\u0131m\" \/>\n<meta property=\"og:description\" content=\"[vc_row][vc_column offset=&#187;vc_hidden-sm vc_hidden-xs&#187; woodmart_css_id=&#187;6261fa64957f5&#8243; parallax_scroll=&#187;no&#187; woodmart_sticky_column=&#187;false&#187; wd_collapsible_content_switcher=&#187;no&#187; wd_column_role_offcanvas_desktop=&#187;no&#187; wd_column_role_offcanvas_tablet=&#187;no&#187; wd_column_role_offcanvas_mobile=&#187;no&#187; wd_column_role_content_desktop=&#187;no&#187; wd_column_role_content_tablet=&#187;no&#187; wd_column_role_content_mobile=&#187;no&#187; mobile_bg_img_hidden=&#187;no&#187; tablet_bg_img_hidden=&#187;no&#187; woodmart_parallax=&#187;0&#8243; woodmart_box_shadow=&#187;no&#187; responsive_spacing=&#187;eyJwYXJhbV90eXBlIjoid29vZG1hcnRfcmVzcG9uc2l2ZV9zcGFjaW5nIiwic2VsZWN0b3JfaWQiOiI2MjYxZmE2NDk1N2Y1Iiwic2hvcnRjb2RlIjoidmNfY29sdW1uIiwiZGF0YSI6eyJ0YWJsZXQiOnt9LCJtb2JpbGUiOnt9fX0=&#187; mobile_reset_margin=&#187;no&#187; tablet_reset_margin=&#187;no&#187;\" \/>\n<meta property=\"og:url\" content=\"https:\/\/kapim.com.tr\/urunler\/\" \/>\n<meta property=\"og:site_name\" content=\"Kap\u0131m\" \/>\n<meta property=\"article:modified_time\" content=\"2022-04-22T00:44:29+00:00\" \/>\n<meta name=\"twitter:card\" content=\"summary_large_image\" \/>\n<meta name=\"twitter:label1\" content=\"\u041f\u0440\u0438\u043c\u0435\u0440\u043d\u043e\u0435 \u0432\u0440\u0435\u043c\u044f \u0434\u043b\u044f \u0447\u0442\u0435\u043d\u0438\u044f\" \/>\n\t<meta name=\"twitter:data1\" content=\"1 \u043c\u0438\u043d\u0443\u0442\u0430\" \/>\n<script type=\"application\/ld+json\" class=\"yoast-schema-graph\">{\"@context\":\"https:\\\/\\\/schema.org\",\"@graph\":[{\"@type\":\"WebPage\",\"@id\":\"https:\\\/\\\/kapim.com.tr\\\/urunler\\\/\",\"url\":\"https:\\\/\\\/kapim.com.tr\\\/urunler\\\/\",\"name\":\"\u041a\u0430\u0442\u0430\u043b\u043e\u0433 - Kap\u0131m\",\"isPartOf\":{\"@id\":\"https:\\\/\\\/kapim.com.tr\\\/#website\"},\"datePublished\":\"2021-11-11T07:49:17+00:00\",\"dateModified\":\"2022-04-22T00:44:29+00:00\",\"breadcrumb\":{\"@id\":\"https:\\\/\\\/kapim.com.tr\\\/urunler\\\/#breadcrumb\"},\"inLanguage\":\"ru-RU\",\"potentialAction\":[{\"@type\":\"ReadAction\",\"target\":[\"https:\\\/\\\/kapim.com.tr\\\/urunler\\\/\"]}]},{\"@type\":\"BreadcrumbList\",\"@id\":\"https:\\\/\\\/kapim.com.tr\\\/urunler\\\/#breadcrumb\",\"itemListElement\":[{\"@type\":\"ListItem\",\"position\":1,\"name\":\"Ana Sayfa\",\"item\":\"https:\\\/\\\/kapim.com.tr\\\/ru\\\/\"},{\"@type\":\"ListItem\",\"position\":2,\"name\":\"\u041a\u0430\u0442\u0430\u043b\u043e\u0433\"}]},{\"@type\":\"WebSite\",\"@id\":\"https:\\\/\\\/kapim.com.tr\\\/#website\",\"url\":\"https:\\\/\\\/kapim.com.tr\\\/\",\"name\":\"Kap\u0131m\",\"description\":\"Hayalinize A\u00e7\u0131lan S\u0131cac\u0131k Bir Kap\u0131\",\"potentialAction\":[{\"@type\":\"SearchAction\",\"target\":{\"@type\":\"EntryPoint\",\"urlTemplate\":\"https:\\\/\\\/kapim.com.tr\\\/?s={search_term_string}\"},\"query-input\":{\"@type\":\"PropertyValueSpecification\",\"valueRequired\":true,\"valueName\":\"search_term_string\"}}],\"inLanguage\":\"ru-RU\"}]}<\/script>\n<!-- \/ Yoast SEO plugin. -->","yoast_head_json":{"title":"\u041a\u0430\u0442\u0430\u043b\u043e\u0433 - Kap\u0131m","robots":{"index":"index","follow":"follow","max-snippet":"max-snippet:-1","max-image-preview":"max-image-preview:large","max-video-preview":"max-video-preview:-1"},"canonical":"https:\/\/kapim.com.tr\/urunler\/","og_locale":"ru_RU","og_type":"article","og_title":"\u041a\u0430\u0442\u0430\u043b\u043e\u0433 - Kap\u0131m","og_description":"[vc_row][vc_column offset=&#187;vc_hidden-sm vc_hidden-xs&#187; woodmart_css_id=&#187;6261fa64957f5&#8243; parallax_scroll=&#187;no&#187; woodmart_sticky_column=&#187;false&#187; wd_collapsible_content_switcher=&#187;no&#187; wd_column_role_offcanvas_desktop=&#187;no&#187; wd_column_role_offcanvas_tablet=&#187;no&#187; wd_column_role_offcanvas_mobile=&#187;no&#187; wd_column_role_content_desktop=&#187;no&#187; wd_column_role_content_tablet=&#187;no&#187; wd_column_role_content_mobile=&#187;no&#187; mobile_bg_img_hidden=&#187;no&#187; tablet_bg_img_hidden=&#187;no&#187; woodmart_parallax=&#187;0&#8243; woodmart_box_shadow=&#187;no&#187; responsive_spacing=&#187;eyJwYXJhbV90eXBlIjoid29vZG1hcnRfcmVzcG9uc2l2ZV9zcGFjaW5nIiwic2VsZWN0b3JfaWQiOiI2MjYxZmE2NDk1N2Y1Iiwic2hvcnRjb2RlIjoidmNfY29sdW1uIiwiZGF0YSI6eyJ0YWJsZXQiOnt9LCJtb2JpbGUiOnt9fX0=&#187; mobile_reset_margin=&#187;no&#187; tablet_reset_margin=&#187;no&#187;","og_url":"https:\/\/kapim.com.tr\/urunler\/","og_site_name":"Kap\u0131m","article_modified_time":"2022-04-22T00:44:29+00:00","twitter_card":"summary_large_image","twitter_misc":{"\u041f\u0440\u0438\u043c\u0435\u0440\u043d\u043e\u0435 \u0432\u0440\u0435\u043c\u044f \u0434\u043b\u044f \u0447\u0442\u0435\u043d\u0438\u044f":"1 \u043c\u0438\u043d\u0443\u0442\u0430"},"schema":{"@context":"https:\/\/schema.org","@graph":[{"@type":"WebPage","@id":"https:\/\/kapim.com.tr\/urunler\/","url":"https:\/\/kapim.com.tr\/urunler\/","name":"\u041a\u0430\u0442\u0430\u043b\u043e\u0433 - Kap\u0131m","isPartOf":{"@id":"https:\/\/kapim.com.tr\/#website"},"datePublished":"2021-11-11T07:49:17+00:00","dateModified":"2022-04-22T00:44:29+00:00","breadcrumb":{"@id":"https:\/\/kapim.com.tr\/urunler\/#breadcrumb"},"inLanguage":"ru-RU","potentialAction":[{"@type":"ReadAction","target":["https:\/\/kapim.com.tr\/urunler\/"]}]},{"@type":"BreadcrumbList","@id":"https:\/\/kapim.com.tr\/urunler\/#breadcrumb","itemListElement":[{"@type":"ListItem","position":1,"name":"Ana Sayfa","item":"https:\/\/kapim.com.tr\/ru\/"},{"@type":"ListItem","position":2,"name":"\u041a\u0430\u0442\u0430\u043b\u043e\u0433"}]},{"@type":"WebSite","@id":"https:\/\/kapim.com.tr\/#website","url":"https:\/\/kapim.com.tr\/","name":"Kap\u0131m","description":"Hayalinize A\u00e7\u0131lan S\u0131cac\u0131k Bir Kap\u0131","potentialAction":[{"@type":"SearchAction","target":{"@type":"EntryPoint","urlTemplate":"https:\/\/kapim.com.tr\/?s={search_term_string}"},"query-input":{"@type":"PropertyValueSpecification","valueRequired":true,"valueName":"search_term_string"}}],"inLanguage":"ru-RU"}]}},"jetpack_sharing_enabled":true,"_links":{"self":[{"href":"https:\/\/kapim.com.tr\/ru\/wp-json\/wp\/v2\/pages\/17855","targetHints":{"allow":["GET"]}}],"collection":[{"href":"https:\/\/kapim.com.tr\/ru\/wp-json\/wp\/v2\/pages"}],"about":[{"href":"https:\/\/kapim.com.tr\/ru\/wp-json\/wp\/v2\/types\/page"}],"author":[{"embeddable":true,"href":"https:\/\/kapim.com.tr\/ru\/wp-json\/wp\/v2\/users\/3"}],"replies":[{"embeddable":true,"href":"https:\/\/kapim.com.tr\/ru\/wp-json\/wp\/v2\/comments?post=17855"}],"version-history":[{"count":0,"href":"https:\/\/kapim.com.tr\/ru\/wp-json\/wp\/v2\/pages\/17855\/revisions"}],"wp:attachment":[{"href":"https:\/\/kapim.com.tr\/ru\/wp-json\/wp\/v2\/media?parent=17855"}],"curies":[{"name":"wp","href":"https:\/\/api.w.org\/{rel}","templated":true}]}}