{"id":18295,"date":"2021-12-10T11:18:17","date_gmt":"2021-12-10T11:18:17","guid":{"rendered":"https:\/\/kapim.com.tr\/product\/dogal-mese-%d1%81%d1%82%d0%b5%d0%ba%d0%bb%d1%8f%d0%bd%d0%bd%d0%b0%d1%8f-%d0%b1%d1%83%d1%81%d0%b8%d0%bd%d0%b0\/"},"modified":"2022-07-20T08:00:19","modified_gmt":"2022-07-20T08:00:19","slug":"dogal-mese-%d1%81%d1%82%d0%b5%d0%ba%d0%bb%d1%8f%d0%bd%d0%bd%d0%b0%d1%8f-%d0%b1%d1%83%d1%81%d0%b8%d0%bd%d0%b0","status":"publish","type":"product","link":"https:\/\/kapim.com.tr\/ru\/product\/dogal-mese-%d1%81%d1%82%d0%b5%d0%ba%d0%bb%d1%8f%d0%bd%d0%bd%d0%b0%d1%8f-%d0%b1%d1%83%d1%81%d0%b8%d0%bd%d0%b0\/","title":{"rendered":"\u0414\u0443\u0431 \u043d\u0430\u0442\u0443\u0440\u0430\u043b\u044c\u043d\u044b\u0439 \u0441\u0442\u0435\u043a\u043b\u044f\u043d\u043d\u0430\u044f \u0431\u0443\u0441\u0438\u043d\u0430"},"content":{"rendered":"","protected":false},"excerpt":{"rendered":"","protected":false},"featured_media":18099,"comment_status":"open","ping_status":"closed","template":"","meta":{"content-type":"","_joinchat":[]},"product_brand":[],"product_cat":[177,180],"product_tag":[],"class_list":{"0":"post-18295","1":"product","2":"type-product","3":"status-publish","4":"has-post-thumbnail","6":"product_cat-kapi-parcalari","7":"product_cat-cam-citasi","9":"first","10":"instock","11":"shipping-taxable","12":"product-type-simple"},"yoast_head":"<!-- This site is optimized with the Yoast SEO plugin v27.4 - https:\/\/yoast.com\/product\/yoast-seo-wordpress\/ -->\n<title>\u0414\u0443\u0431 \u043d\u0430\u0442\u0443\u0440\u0430\u043b\u044c\u043d\u044b\u0439 \u0441\u0442\u0435\u043a\u043b\u044f\u043d\u043d\u0430\u044f \u0431\u0443\u0441\u0438\u043d\u0430 - Kap\u0131m<\/title>\n<meta name=\"robots\" content=\"index, follow, max-snippet:-1, max-image-preview:large, max-video-preview:-1\" \/>\n<link rel=\"canonical\" href=\"https:\/\/kapim.com.tr\/urun\/dogal-mese-cam-citasi\/\" \/>\n<meta property=\"og:locale\" content=\"ru_RU\" \/>\n<meta property=\"og:type\" content=\"article\" \/>\n<meta property=\"og:title\" content=\"\u0414\u0443\u0431 \u043d\u0430\u0442\u0443\u0440\u0430\u043b\u044c\u043d\u044b\u0439 \u0441\u0442\u0435\u043a\u043b\u044f\u043d\u043d\u0430\u044f \u0431\u0443\u0441\u0438\u043d\u0430 - Kap\u0131m\" \/>\n<meta property=\"og:url\" content=\"https:\/\/kapim.com.tr\/urun\/dogal-mese-cam-citasi\/\" \/>\n<meta property=\"og:site_name\" content=\"Kap\u0131m\" \/>\n<meta property=\"article:modified_time\" content=\"2022-07-20T08:00:19+00:00\" \/>\n<meta property=\"og:image\" content=\"https:\/\/i0.wp.com\/kapim.com.tr\/wp-content\/uploads\/2021\/12\/Dogal-Mese-2.png?fit=1024%2C1024&ssl=1\" \/>\n\t<meta property=\"og:image:width\" content=\"1024\" \/>\n\t<meta property=\"og:image:height\" content=\"1024\" \/>\n\t<meta property=\"og:image:type\" content=\"image\/png\" \/>\n<meta name=\"twitter:card\" content=\"summary_large_image\" \/>\n<script type=\"application\/ld+json\" class=\"yoast-schema-graph\">{\"@context\":\"https:\\\/\\\/schema.org\",\"@graph\":[{\"@type\":\"WebPage\",\"@id\":\"https:\\\/\\\/kapim.com.tr\\\/urun\\\/dogal-mese-cam-citasi\\\/\",\"url\":\"https:\\\/\\\/kapim.com.tr\\\/urun\\\/dogal-mese-cam-citasi\\\/\",\"name\":\"\u0414\u0443\u0431 \u043d\u0430\u0442\u0443\u0440\u0430\u043b\u044c\u043d\u044b\u0439 \u0441\u0442\u0435\u043a\u043b\u044f\u043d\u043d\u0430\u044f \u0431\u0443\u0441\u0438\u043d\u0430 - Kap\u0131m\",\"isPartOf\":{\"@id\":\"https:\\\/\\\/kapim.com.tr\\\/#website\"},\"primaryImageOfPage\":{\"@id\":\"https:\\\/\\\/kapim.com.tr\\\/urun\\\/dogal-mese-cam-citasi\\\/#primaryimage\"},\"image\":{\"@id\":\"https:\\\/\\\/kapim.com.tr\\\/urun\\\/dogal-mese-cam-citasi\\\/#primaryimage\"},\"thumbnailUrl\":\"https:\\\/\\\/i0.wp.com\\\/kapim.com.tr\\\/wp-content\\\/uploads\\\/2021\\\/12\\\/Dogal-Mese-2.png?fit=1024%2C1024&quality=80&ssl=1\",\"datePublished\":\"2021-12-10T11:18:17+00:00\",\"dateModified\":\"2022-07-20T08:00:19+00:00\",\"breadcrumb\":{\"@id\":\"https:\\\/\\\/kapim.com.tr\\\/urun\\\/dogal-mese-cam-citasi\\\/#breadcrumb\"},\"inLanguage\":\"ru-RU\",\"potentialAction\":[{\"@type\":\"ReadAction\",\"target\":[\"https:\\\/\\\/kapim.com.tr\\\/urun\\\/dogal-mese-cam-citasi\\\/\"]}]},{\"@type\":\"ImageObject\",\"inLanguage\":\"ru-RU\",\"@id\":\"https:\\\/\\\/kapim.com.tr\\\/urun\\\/dogal-mese-cam-citasi\\\/#primaryimage\",\"url\":\"https:\\\/\\\/i0.wp.com\\\/kapim.com.tr\\\/wp-content\\\/uploads\\\/2021\\\/12\\\/Dogal-Mese-2.png?fit=1024%2C1024&quality=80&ssl=1\",\"contentUrl\":\"https:\\\/\\\/i0.wp.com\\\/kapim.com.tr\\\/wp-content\\\/uploads\\\/2021\\\/12\\\/Dogal-Mese-2.png?fit=1024%2C1024&quality=80&ssl=1\",\"width\":1024,\"height\":1024,\"caption\":\"do\u011fal me\u015fe \u0441\u0442\u0435\u043a\u043b\u044f\u043d\u043d\u0430\u044f \u0431\u0443\u0441\u0438\u043d\u0430\"},{\"@type\":\"BreadcrumbList\",\"@id\":\"https:\\\/\\\/kapim.com.tr\\\/urun\\\/dogal-mese-cam-citasi\\\/#breadcrumb\",\"itemListElement\":[{\"@type\":\"ListItem\",\"position\":1,\"name\":\"Ana Sayfa\",\"item\":\"https:\\\/\\\/kapim.com.tr\\\/ru\\\/\"},{\"@type\":\"ListItem\",\"position\":2,\"name\":\"\u00dcr\u00fcnler\",\"item\":\"https:\\\/\\\/kapim.com.tr\\\/urunler\\\/\"},{\"@type\":\"ListItem\",\"position\":3,\"name\":\"\u0414\u0443\u0431 \u043d\u0430\u0442\u0443\u0440\u0430\u043b\u044c\u043d\u044b\u0439 \u0441\u0442\u0435\u043a\u043b\u044f\u043d\u043d\u0430\u044f \u0431\u0443\u0441\u0438\u043d\u0430\"}]},{\"@type\":\"WebSite\",\"@id\":\"https:\\\/\\\/kapim.com.tr\\\/#website\",\"url\":\"https:\\\/\\\/kapim.com.tr\\\/\",\"name\":\"Kap\u0131m\",\"description\":\"Hayalinize A\u00e7\u0131lan S\u0131cac\u0131k Bir Kap\u0131\",\"potentialAction\":[{\"@type\":\"SearchAction\",\"target\":{\"@type\":\"EntryPoint\",\"urlTemplate\":\"https:\\\/\\\/kapim.com.tr\\\/?s={search_term_string}\"},\"query-input\":{\"@type\":\"PropertyValueSpecification\",\"valueRequired\":true,\"valueName\":\"search_term_string\"}}],\"inLanguage\":\"ru-RU\"}]}<\/script>\n<!-- \/ Yoast SEO plugin. -->","yoast_head_json":{"title":"\u0414\u0443\u0431 \u043d\u0430\u0442\u0443\u0440\u0430\u043b\u044c\u043d\u044b\u0439 \u0441\u0442\u0435\u043a\u043b\u044f\u043d\u043d\u0430\u044f \u0431\u0443\u0441\u0438\u043d\u0430 - Kap\u0131m","robots":{"index":"index","follow":"follow","max-snippet":"max-snippet:-1","max-image-preview":"max-image-preview:large","max-video-preview":"max-video-preview:-1"},"canonical":"https:\/\/kapim.com.tr\/urun\/dogal-mese-cam-citasi\/","og_locale":"ru_RU","og_type":"article","og_title":"\u0414\u0443\u0431 \u043d\u0430\u0442\u0443\u0440\u0430\u043b\u044c\u043d\u044b\u0439 \u0441\u0442\u0435\u043a\u043b\u044f\u043d\u043d\u0430\u044f \u0431\u0443\u0441\u0438\u043d\u0430 - Kap\u0131m","og_url":"https:\/\/kapim.com.tr\/urun\/dogal-mese-cam-citasi\/","og_site_name":"Kap\u0131m","article_modified_time":"2022-07-20T08:00:19+00:00","og_image":[{"width":1024,"height":1024,"url":"https:\/\/i0.wp.com\/kapim.com.tr\/wp-content\/uploads\/2021\/12\/Dogal-Mese-2.png?fit=1024%2C1024&ssl=1","type":"image\/png"}],"twitter_card":"summary_large_image","schema":{"@context":"https:\/\/schema.org","@graph":[{"@type":"WebPage","@id":"https:\/\/kapim.com.tr\/urun\/dogal-mese-cam-citasi\/","url":"https:\/\/kapim.com.tr\/urun\/dogal-mese-cam-citasi\/","name":"\u0414\u0443\u0431 \u043d\u0430\u0442\u0443\u0440\u0430\u043b\u044c\u043d\u044b\u0439 \u0441\u0442\u0435\u043a\u043b\u044f\u043d\u043d\u0430\u044f \u0431\u0443\u0441\u0438\u043d\u0430 - Kap\u0131m","isPartOf":{"@id":"https:\/\/kapim.com.tr\/#website"},"primaryImageOfPage":{"@id":"https:\/\/kapim.com.tr\/urun\/dogal-mese-cam-citasi\/#primaryimage"},"image":{"@id":"https:\/\/kapim.com.tr\/urun\/dogal-mese-cam-citasi\/#primaryimage"},"thumbnailUrl":"https:\/\/i0.wp.com\/kapim.com.tr\/wp-content\/uploads\/2021\/12\/Dogal-Mese-2.png?fit=1024%2C1024&quality=80&ssl=1","datePublished":"2021-12-10T11:18:17+00:00","dateModified":"2022-07-20T08:00:19+00:00","breadcrumb":{"@id":"https:\/\/kapim.com.tr\/urun\/dogal-mese-cam-citasi\/#breadcrumb"},"inLanguage":"ru-RU","potentialAction":[{"@type":"ReadAction","target":["https:\/\/kapim.com.tr\/urun\/dogal-mese-cam-citasi\/"]}]},{"@type":"ImageObject","inLanguage":"ru-RU","@id":"https:\/\/kapim.com.tr\/urun\/dogal-mese-cam-citasi\/#primaryimage","url":"https:\/\/i0.wp.com\/kapim.com.tr\/wp-content\/uploads\/2021\/12\/Dogal-Mese-2.png?fit=1024%2C1024&quality=80&ssl=1","contentUrl":"https:\/\/i0.wp.com\/kapim.com.tr\/wp-content\/uploads\/2021\/12\/Dogal-Mese-2.png?fit=1024%2C1024&quality=80&ssl=1","width":1024,"height":1024,"caption":"do\u011fal me\u015fe \u0441\u0442\u0435\u043a\u043b\u044f\u043d\u043d\u0430\u044f \u0431\u0443\u0441\u0438\u043d\u0430"},{"@type":"BreadcrumbList","@id":"https:\/\/kapim.com.tr\/urun\/dogal-mese-cam-citasi\/#breadcrumb","itemListElement":[{"@type":"ListItem","position":1,"name":"Ana Sayfa","item":"https:\/\/kapim.com.tr\/ru\/"},{"@type":"ListItem","position":2,"name":"\u00dcr\u00fcnler","item":"https:\/\/kapim.com.tr\/urunler\/"},{"@type":"ListItem","position":3,"name":"\u0414\u0443\u0431 \u043d\u0430\u0442\u0443\u0440\u0430\u043b\u044c\u043d\u044b\u0439 \u0441\u0442\u0435\u043a\u043b\u044f\u043d\u043d\u0430\u044f \u0431\u0443\u0441\u0438\u043d\u0430"}]},{"@type":"WebSite","@id":"https:\/\/kapim.com.tr\/#website","url":"https:\/\/kapim.com.tr\/","name":"Kap\u0131m","description":"Hayalinize A\u00e7\u0131lan S\u0131cac\u0131k Bir Kap\u0131","potentialAction":[{"@type":"SearchAction","target":{"@type":"EntryPoint","urlTemplate":"https:\/\/kapim.com.tr\/?s={search_term_string}"},"query-input":{"@type":"PropertyValueSpecification","valueRequired":true,"valueName":"search_term_string"}}],"inLanguage":"ru-RU"}]}},"jetpack_sharing_enabled":true,"_links":{"self":[{"href":"https:\/\/kapim.com.tr\/ru\/wp-json\/wp\/v2\/product\/18295","targetHints":{"allow":["GET"]}}],"collection":[{"href":"https:\/\/kapim.com.tr\/ru\/wp-json\/wp\/v2\/product"}],"about":[{"href":"https:\/\/kapim.com.tr\/ru\/wp-json\/wp\/v2\/types\/product"}],"replies":[{"embeddable":true,"href":"https:\/\/kapim.com.tr\/ru\/wp-json\/wp\/v2\/comments?post=18295"}],"wp:featuredmedia":[{"embeddable":true,"href":"https:\/\/kapim.com.tr\/ru\/wp-json\/wp\/v2\/media\/18099"}],"wp:attachment":[{"href":"https:\/\/kapim.com.tr\/ru\/wp-json\/wp\/v2\/media?parent=18295"}],"wp:term":[{"taxonomy":"product_brand","embeddable":true,"href":"https:\/\/kapim.com.tr\/ru\/wp-json\/wp\/v2\/product_brand?post=18295"},{"taxonomy":"product_cat","embeddable":true,"href":"https:\/\/kapim.com.tr\/ru\/wp-json\/wp\/v2\/product_cat?post=18295"},{"taxonomy":"product_tag","embeddable":true,"href":"https:\/\/kapim.com.tr\/ru\/wp-json\/wp\/v2\/product_tag?post=18295"}],"curies":[{"name":"wp","href":"https:\/\/api.w.org\/{rel}","templated":true}]}}